{"id":6918,"date":"2018-01-05T15:00:20","date_gmt":"2018-01-05T15:00:20","guid":{"rendered":"http:\/\/springfieldnutra.acceptatie.indicia-interactiv.nl\/about-us\/"},"modified":"2018-07-10T15:15:58","modified_gmt":"2018-07-10T13:15:58","slug":"uber-uns","status":"publish","type":"page","link":"https:\/\/springfieldnutra.acceptatie.indicia-interactiv.nl\/de\/uber-uns\/","title":{"rendered":"\u00dcber Springfield Nutraceuticals"},"content":{"rendered":"","protected":false},"excerpt":{"rendered":"<p>Das ist unser Credo, seitdem wir unser Familienunternehmen 1998 gegr\u00fcndet haben. Und das wird auch in den n\u00e4chsten Jahren unser Motto bleiben. Ein weiteres wichtiges Prinzip f\u00fcr uns lautet \u201eWir liefern Produkte, die nachweislich wirken\u201c. F\u00fcr uns ist es selbstverst\u00e4ndlich, dass wir die Wirkung unserer Nahrungserg\u00e4nzungsmittel mit geeigneten klinischen Studien untermauern. F\u00fcr die die meisten Produkte in unserem Sortiment gibt es Studien, die ihre Wirksamkeit belegen.<\/p>\n","protected":false},"author":5,"featured_media":0,"parent":0,"menu_order":0,"comment_status":"closed","ping_status":"closed","template":"","meta":{"_acf_changed":false},"class_list":["post-6918","page","type-page","status-publish","hentry"],"acf":[],"yoast_head":"<!-- This site is optimized with the Yoast SEO Premium plugin v27.1 (Yoast SEO v27.1.1) - https:\/\/yoast.com\/product\/yoast-seo-premium-wordpress\/ -->\n<title>\u00dcber Springfield Nutraceuticals<\/title>\n<meta name=\"description\" content=\"\u201eGesundheit durch Natur, Wissenschaft und Innovation\u201c ist unser Credo, seitdem wir unser Familienunternehmen 1998 gegr\u00fcndet haben. F\u00fcr uns ist es selbstverst\u00e4ndlich, dass wir die Wirkung unserer Nahrungserg\u00e4nzungsmittel mit geeigneten klinischen Studien untermauern.\" \/>\n<meta name=\"robots\" content=\"noindex, follow, max-snippet:-1, max-image-preview:large, max-video-preview:-1\" \/>\n<meta property=\"og:locale\" content=\"de_DE\" \/>\n<meta property=\"og:type\" content=\"article\" \/>\n<meta property=\"og:title\" content=\"\u00dcber Springfield Nutraceuticals\" \/>\n<meta property=\"og:description\" content=\"\u201eGesundheit durch Natur, Wissenschaft und Innovation\u201c ist unser Credo, seitdem wir unser Familienunternehmen 1998 gegr\u00fcndet haben. F\u00fcr uns ist es selbstverst\u00e4ndlich, dass wir die Wirkung unserer Nahrungserg\u00e4nzungsmittel mit geeigneten klinischen Studien untermauern.\" \/>\n<meta property=\"og:url\" content=\"https:\/\/springfieldnutra.acceptatie.indicia-interactiv.nl\/de\/uber-uns\/\" \/>\n<meta property=\"og:site_name\" content=\"Springfield Nutraceuticals\" \/>\n<meta property=\"article:publisher\" content=\"https:\/\/www.facebook.com\/springfieldnutra\/about\/\" \/>\n<meta property=\"article:modified_time\" content=\"2018-07-10T13:15:58+00:00\" \/>\n<meta property=\"og:image\" content=\"https:\/\/springfieldnutra.acceptatie.indicia-interactiv.nl\/app\/uploads\/2019\/01\/Collage-Health-through-Nature-Science-and-Innovation-3.jpg\" \/>\n<meta name=\"twitter:card\" content=\"summary_large_image\" \/>\n<meta name=\"twitter:site\" content=\"@SpringfieldNutr\" \/>\n<script type=\"application\/ld+json\" class=\"yoast-schema-graph\">{\"@context\":\"https:\/\/schema.org\",\"@graph\":[{\"@type\":\"WebPage\",\"@id\":\"https:\/\/springfieldnutra.acceptatie.indicia-interactiv.nl\/de\/uber-uns\/\",\"url\":\"https:\/\/springfieldnutra.acceptatie.indicia-interactiv.nl\/de\/uber-uns\/\",\"name\":\"\u00dcber Springfield Nutraceuticals\",\"isPartOf\":{\"@id\":\"https:\/\/springfieldnutra.acceptatie.indicia-interactiv.nl\/de\/#website\"},\"datePublished\":\"2018-01-05T15:00:20+00:00\",\"dateModified\":\"2018-07-10T13:15:58+00:00\",\"description\":\"\u201eGesundheit durch Natur, Wissenschaft und Innovation\u201c ist unser Credo, seitdem wir unser Familienunternehmen 1998 gegr\u00fcndet haben. F\u00fcr uns ist es selbstverst\u00e4ndlich, dass wir die Wirkung unserer Nahrungserg\u00e4nzungsmittel mit geeigneten klinischen Studien untermauern.\",\"breadcrumb\":{\"@id\":\"https:\/\/springfieldnutra.acceptatie.indicia-interactiv.nl\/de\/uber-uns\/#breadcrumb\"},\"inLanguage\":\"de\",\"potentialAction\":[{\"@type\":\"ReadAction\",\"target\":[\"https:\/\/springfieldnutra.acceptatie.indicia-interactiv.nl\/de\/uber-uns\/\"]}]},{\"@type\":\"BreadcrumbList\",\"@id\":\"https:\/\/springfieldnutra.acceptatie.indicia-interactiv.nl\/de\/uber-uns\/#breadcrumb\",\"itemListElement\":[{\"@type\":\"ListItem\",\"position\":1,\"name\":\"Home\",\"item\":\"https:\/\/springfieldnutra.acceptatie.indicia-interactiv.nl\/de\/voorpagina\/\"},{\"@type\":\"ListItem\",\"position\":2,\"name\":\"\u00dcber Springfield Nutraceuticals\"}]},{\"@type\":\"WebSite\",\"@id\":\"https:\/\/springfieldnutra.acceptatie.indicia-interactiv.nl\/de\/#website\",\"url\":\"https:\/\/springfieldnutra.acceptatie.indicia-interactiv.nl\/de\/\",\"name\":\"Springfield Nutraceuticals\",\"description\":\"Voeding kan een positieve bijdrage leveren aan onze gezondheid.\",\"publisher\":{\"@id\":\"https:\/\/springfieldnutra.acceptatie.indicia-interactiv.nl\/de\/#organization\"},\"potentialAction\":[{\"@type\":\"SearchAction\",\"target\":{\"@type\":\"EntryPoint\",\"urlTemplate\":\"https:\/\/springfieldnutra.acceptatie.indicia-interactiv.nl\/de\/?s={search_term_string}\"},\"query-input\":{\"@type\":\"PropertyValueSpecification\",\"valueRequired\":true,\"valueName\":\"search_term_string\"}}],\"inLanguage\":\"de\"},{\"@type\":\"Organization\",\"@id\":\"https:\/\/springfieldnutra.acceptatie.indicia-interactiv.nl\/de\/#organization\",\"name\":\"Springfield Nutraceuticals\",\"url\":\"https:\/\/springfieldnutra.acceptatie.indicia-interactiv.nl\/de\/\",\"logo\":{\"@type\":\"ImageObject\",\"inLanguage\":\"de\",\"@id\":\"https:\/\/springfieldnutra.acceptatie.indicia-interactiv.nl\/de\/#\/schema\/logo\/image\/\",\"url\":\"https:\/\/springfieldnutra.acceptatie.indicia-interactiv.nl\/app\/uploads\/2018\/01\/Logo_Springfield.png\",\"contentUrl\":\"https:\/\/springfieldnutra.acceptatie.indicia-interactiv.nl\/app\/uploads\/2018\/01\/Logo_Springfield.png\",\"width\":213,\"height\":46,\"caption\":\"Springfield Nutraceuticals\"},\"image\":{\"@id\":\"https:\/\/springfieldnutra.acceptatie.indicia-interactiv.nl\/de\/#\/schema\/logo\/image\/\"},\"sameAs\":[\"https:\/\/www.facebook.com\/springfieldnutra\/about\/\",\"https:\/\/x.com\/SpringfieldNutr\",\"https:\/\/www.instagram.com\/springfieldnutra\/\",\"https:\/\/www.linkedin.com\/company\/1665278\",\"https:\/\/www.youtube.com\/channel\/UCI6lSWwNNHEzJ0SUTsgljvQ\/about\"]}]}<\/script>\n<!-- \/ Yoast SEO Premium plugin. -->","yoast_head_json":{"title":"\u00dcber Springfield Nutraceuticals","description":"\u201eGesundheit durch Natur, Wissenschaft und Innovation\u201c ist unser Credo, seitdem wir unser Familienunternehmen 1998 gegr\u00fcndet haben. F\u00fcr uns ist es selbstverst\u00e4ndlich, dass wir die Wirkung unserer Nahrungserg\u00e4nzungsmittel mit geeigneten klinischen Studien untermauern.","robots":{"index":"noindex","follow":"follow","max-snippet":"max-snippet:-1","max-image-preview":"max-image-preview:large","max-video-preview":"max-video-preview:-1"},"og_locale":"de_DE","og_type":"article","og_title":"\u00dcber Springfield Nutraceuticals","og_description":"\u201eGesundheit durch Natur, Wissenschaft und Innovation\u201c ist unser Credo, seitdem wir unser Familienunternehmen 1998 gegr\u00fcndet haben. F\u00fcr uns ist es selbstverst\u00e4ndlich, dass wir die Wirkung unserer Nahrungserg\u00e4nzungsmittel mit geeigneten klinischen Studien untermauern.","og_url":"https:\/\/springfieldnutra.acceptatie.indicia-interactiv.nl\/de\/uber-uns\/","og_site_name":"Springfield Nutraceuticals","article_publisher":"https:\/\/www.facebook.com\/springfieldnutra\/about\/","article_modified_time":"2018-07-10T13:15:58+00:00","og_image":[{"url":"https:\/\/springfieldnutra.acceptatie.indicia-interactiv.nl\/app\/uploads\/2019\/01\/Collage-Health-through-Nature-Science-and-Innovation-3.jpg","type":"","width":"","height":""}],"twitter_card":"summary_large_image","twitter_site":"@SpringfieldNutr","schema":{"@context":"https:\/\/schema.org","@graph":[{"@type":"WebPage","@id":"https:\/\/springfieldnutra.acceptatie.indicia-interactiv.nl\/de\/uber-uns\/","url":"https:\/\/springfieldnutra.acceptatie.indicia-interactiv.nl\/de\/uber-uns\/","name":"\u00dcber Springfield Nutraceuticals","isPartOf":{"@id":"https:\/\/springfieldnutra.acceptatie.indicia-interactiv.nl\/de\/#website"},"datePublished":"2018-01-05T15:00:20+00:00","dateModified":"2018-07-10T13:15:58+00:00","description":"\u201eGesundheit durch Natur, Wissenschaft und Innovation\u201c ist unser Credo, seitdem wir unser Familienunternehmen 1998 gegr\u00fcndet haben. F\u00fcr uns ist es selbstverst\u00e4ndlich, dass wir die Wirkung unserer Nahrungserg\u00e4nzungsmittel mit geeigneten klinischen Studien untermauern.","breadcrumb":{"@id":"https:\/\/springfieldnutra.acceptatie.indicia-interactiv.nl\/de\/uber-uns\/#breadcrumb"},"inLanguage":"de","potentialAction":[{"@type":"ReadAction","target":["https:\/\/springfieldnutra.acceptatie.indicia-interactiv.nl\/de\/uber-uns\/"]}]},{"@type":"BreadcrumbList","@id":"https:\/\/springfieldnutra.acceptatie.indicia-interactiv.nl\/de\/uber-uns\/#breadcrumb","itemListElement":[{"@type":"ListItem","position":1,"name":"Home","item":"https:\/\/springfieldnutra.acceptatie.indicia-interactiv.nl\/de\/voorpagina\/"},{"@type":"ListItem","position":2,"name":"\u00dcber Springfield Nutraceuticals"}]},{"@type":"WebSite","@id":"https:\/\/springfieldnutra.acceptatie.indicia-interactiv.nl\/de\/#website","url":"https:\/\/springfieldnutra.acceptatie.indicia-interactiv.nl\/de\/","name":"Springfield Nutraceuticals","description":"Voeding kan een positieve bijdrage leveren aan onze gezondheid.","publisher":{"@id":"https:\/\/springfieldnutra.acceptatie.indicia-interactiv.nl\/de\/#organization"},"potentialAction":[{"@type":"SearchAction","target":{"@type":"EntryPoint","urlTemplate":"https:\/\/springfieldnutra.acceptatie.indicia-interactiv.nl\/de\/?s={search_term_string}"},"query-input":{"@type":"PropertyValueSpecification","valueRequired":true,"valueName":"search_term_string"}}],"inLanguage":"de"},{"@type":"Organization","@id":"https:\/\/springfieldnutra.acceptatie.indicia-interactiv.nl\/de\/#organization","name":"Springfield Nutraceuticals","url":"https:\/\/springfieldnutra.acceptatie.indicia-interactiv.nl\/de\/","logo":{"@type":"ImageObject","inLanguage":"de","@id":"https:\/\/springfieldnutra.acceptatie.indicia-interactiv.nl\/de\/#\/schema\/logo\/image\/","url":"https:\/\/springfieldnutra.acceptatie.indicia-interactiv.nl\/app\/uploads\/2018\/01\/Logo_Springfield.png","contentUrl":"https:\/\/springfieldnutra.acceptatie.indicia-interactiv.nl\/app\/uploads\/2018\/01\/Logo_Springfield.png","width":213,"height":46,"caption":"Springfield Nutraceuticals"},"image":{"@id":"https:\/\/springfieldnutra.acceptatie.indicia-interactiv.nl\/de\/#\/schema\/logo\/image\/"},"sameAs":["https:\/\/www.facebook.com\/springfieldnutra\/about\/","https:\/\/x.com\/SpringfieldNutr","https:\/\/www.instagram.com\/springfieldnutra\/","https:\/\/www.linkedin.com\/company\/1665278","https:\/\/www.youtube.com\/channel\/UCI6lSWwNNHEzJ0SUTsgljvQ\/about"]}]}},"_links":{"self":[{"href":"https:\/\/springfieldnutra.acceptatie.indicia-interactiv.nl\/de\/wp-json\/wp\/v2\/pages\/6918","targetHints":{"allow":["GET"]}}],"collection":[{"href":"https:\/\/springfieldnutra.acceptatie.indicia-interactiv.nl\/de\/wp-json\/wp\/v2\/pages"}],"about":[{"href":"https:\/\/springfieldnutra.acceptatie.indicia-interactiv.nl\/de\/wp-json\/wp\/v2\/types\/page"}],"author":[{"embeddable":true,"href":"https:\/\/springfieldnutra.acceptatie.indicia-interactiv.nl\/de\/wp-json\/wp\/v2\/users\/5"}],"replies":[{"embeddable":true,"href":"https:\/\/springfieldnutra.acceptatie.indicia-interactiv.nl\/de\/wp-json\/wp\/v2\/comments?post=6918"}],"version-history":[{"count":0,"href":"https:\/\/springfieldnutra.acceptatie.indicia-interactiv.nl\/de\/wp-json\/wp\/v2\/pages\/6918\/revisions"}],"wp:attachment":[{"href":"https:\/\/springfieldnutra.acceptatie.indicia-interactiv.nl\/de\/wp-json\/wp\/v2\/media?parent=6918"}],"curies":[{"name":"wp","href":"https:\/\/api.w.org\/{rel}","templated":true}]}}