{"id":17383,"date":"2020-03-25T11:04:26","date_gmt":"2020-03-25T10:04:26","guid":{"rendered":"http:\/\/springfieldnutra.acceptatie.indicia-interactiv.nl\/webshop\/encozyme-nadh-10-mg-coenzym\/"},"modified":"2022-09-26T15:31:31","modified_gmt":"2022-09-26T13:31:31","slug":"encozyme-nadh-coenzym","status":"publish","type":"product","link":"https:\/\/springfieldnutra.acceptatie.indicia-interactiv.nl\/de\/webshop\/encozyme-nadh-coenzym\/","title":{"rendered":"Encozyme NADH stabilisiertes Coenzym"},"content":{"rendered":"<h4>Verzehrsempfehlung<\/h4>\n<p>1- bis 2-mal t\u00e4glich 1 Kapsel mit Wasser einnehmen.<\/p>\n<p><strong>Vorzugsweise<\/strong> eine halbe Stunde vor dem Fr\u00fchst\u00fcck auf n\u00fcchternen Magen.\u00a0Eventuell eine zweite Einnahme am Nachmittag auf einen m\u00f6glichst leeren Magen.<\/p>\n","protected":false},"excerpt":{"rendered":"<ul>\n<li>NADH stabilisiertes Coenzym<\/li>\n<li>Encozyme NADH ist ein stabilisiertes NADH-Produkt, das gut vom K\u00f6rper aufgenommen wird.<\/li>\n<\/ul>\n<p><span style=\"color: #008000;\"><strong>Dieses Produkt befindet sich vor\u00fcbergehend in einer wei\u00dfen Kapsel. Die gr\u00fcnen Kapseln waren nicht rechtzeitig verf\u00fcgbar.<\/strong><\/span><\/p>\n","protected":false},"featured_media":14252,"comment_status":"open","ping_status":"closed","template":"","meta":{"_acf_changed":false},"product_brand":[],"product_cat":[8731,8733,8730,8553,8729,8552,8734,8558],"product_tag":[8736,8732,8735],"class_list":{"0":"post-17383","1":"product","2":"type-product","3":"status-publish","4":"has-post-thumbnail","6":"product_cat-beweging-de","7":"product_cat-co-enzymen-de","8":"product_cat-energie-de","9":"product_cat-enzym","10":"product_cat-erinnerung","11":"product_cat-kopf","12":"product_cat-nadh-de","13":"product_cat-sport-de","14":"product_tag-co-enzymen-de","15":"product_tag-energie-de","16":"product_tag-nadh-de","18":"first","19":"instock","20":"taxable","21":"shipping-taxable","22":"purchasable","23":"product-type-variable","24":"has-default-attributes"},"acf":[],"yoast_head":"<!-- This site is optimized with the Yoast SEO Premium plugin v27.1 (Yoast SEO v27.1.1) - https:\/\/yoast.com\/product\/yoast-seo-premium-wordpress\/ -->\n<title>Encozyme NADH stabilisiertes Coenzym | Springfield Nutraceuticals<\/title>\n<meta name=\"robots\" content=\"noindex, follow, max-snippet:-1, max-image-preview:large, max-video-preview:-1\" \/>\n<meta property=\"og:locale\" content=\"de_DE\" \/>\n<meta property=\"og:type\" content=\"article\" \/>\n<meta property=\"og:title\" content=\"Encozyme NADH stabilisiertes Coenzym\" \/>\n<meta property=\"og:description\" content=\"NADH stabilisiertes Coenzym  Encozyme NADH ist ein stabilisiertes NADH-Produkt, das gut vom K\u00f6rper aufgenommen wird.  Dieses Produkt befindet sich vor\u00fcbergehend in einer wei\u00dfen Kapsel. Die gr\u00fcnen Kapseln waren nicht rechtzeitig verf\u00fcgbar.\" \/>\n<meta property=\"og:url\" content=\"https:\/\/springfieldnutra.acceptatie.indicia-interactiv.nl\/de\/webshop\/encozyme-nadh-coenzym\/\" \/>\n<meta property=\"og:site_name\" content=\"Springfield Nutraceuticals\" \/>\n<meta property=\"article:publisher\" content=\"https:\/\/www.facebook.com\/springfieldnutra\/about\/\" \/>\n<meta property=\"article:modified_time\" content=\"2022-09-26T13:31:31+00:00\" \/>\n<meta property=\"og:image\" content=\"https:\/\/springfieldnutra.acceptatie.indicia-interactiv.nl\/app\/uploads\/2020\/03\/Encozyme-5mg-NADH-co-enzym.jpg\" \/>\n\t<meta property=\"og:image:width\" content=\"1340\" \/>\n\t<meta property=\"og:image:height\" content=\"1520\" \/>\n\t<meta property=\"og:image:type\" content=\"image\/jpeg\" \/>\n<meta name=\"twitter:card\" content=\"summary_large_image\" \/>\n<meta name=\"twitter:site\" content=\"@SpringfieldNutr\" \/>\n<meta name=\"twitter:label1\" content=\"Availability\" \/>\n\t<meta name=\"twitter:data1\" content=\"In stock\" \/>\n<script type=\"application\/ld+json\" class=\"yoast-schema-graph\">{\"@context\":\"https:\/\/schema.org\",\"@graph\":[{\"@type\":\"WebPage\",\"@id\":\"https:\/\/springfieldnutra.acceptatie.indicia-interactiv.nl\/de\/webshop\/encozyme-nadh-coenzym\/\",\"url\":\"https:\/\/springfieldnutra.acceptatie.indicia-interactiv.nl\/de\/webshop\/encozyme-nadh-coenzym\/\",\"name\":\"Encozyme NADH stabilisiertes Coenzym | Springfield Nutraceuticals\",\"isPartOf\":{\"@id\":\"https:\/\/springfieldnutra.acceptatie.indicia-interactiv.nl\/de\/#website\"},\"primaryImageOfPage\":{\"@id\":\"https:\/\/springfieldnutra.acceptatie.indicia-interactiv.nl\/de\/webshop\/encozyme-nadh-coenzym\/#primaryimage\"},\"image\":{\"@id\":\"https:\/\/springfieldnutra.acceptatie.indicia-interactiv.nl\/de\/webshop\/encozyme-nadh-coenzym\/#primaryimage\"},\"thumbnailUrl\":\"https:\/\/springfieldnutra.acceptatie.indicia-interactiv.nl\/app\/uploads\/2020\/03\/Encozyme-5mg-NADH-co-enzym.jpg\",\"datePublished\":\"2020-03-25T10:04:26+00:00\",\"dateModified\":\"2022-09-26T13:31:31+00:00\",\"breadcrumb\":{\"@id\":\"https:\/\/springfieldnutra.acceptatie.indicia-interactiv.nl\/de\/webshop\/encozyme-nadh-coenzym\/#breadcrumb\"},\"inLanguage\":\"de\",\"potentialAction\":[{\"@type\":\"ReadAction\",\"target\":[\"https:\/\/springfieldnutra.acceptatie.indicia-interactiv.nl\/de\/webshop\/encozyme-nadh-coenzym\/\"]}]},{\"@type\":\"ImageObject\",\"inLanguage\":\"de\",\"@id\":\"https:\/\/springfieldnutra.acceptatie.indicia-interactiv.nl\/de\/webshop\/encozyme-nadh-coenzym\/#primaryimage\",\"url\":\"https:\/\/springfieldnutra.acceptatie.indicia-interactiv.nl\/app\/uploads\/2020\/03\/Encozyme-5mg-NADH-co-enzym.jpg\",\"contentUrl\":\"https:\/\/springfieldnutra.acceptatie.indicia-interactiv.nl\/app\/uploads\/2020\/03\/Encozyme-5mg-NADH-co-enzym.jpg\",\"width\":1340,\"height\":1520,\"caption\":\"Encozyme NADH\"},{\"@type\":\"BreadcrumbList\",\"@id\":\"https:\/\/springfieldnutra.acceptatie.indicia-interactiv.nl\/de\/webshop\/encozyme-nadh-coenzym\/#breadcrumb\",\"itemListElement\":[{\"@type\":\"ListItem\",\"position\":1,\"name\":\"Home\",\"item\":\"https:\/\/springfieldnutra.acceptatie.indicia-interactiv.nl\/de\/voorpagina\/\"},{\"@type\":\"ListItem\",\"position\":2,\"name\":\"Webshop\",\"item\":\"https:\/\/springfieldnutra.acceptatie.indicia-interactiv.nl\/de\/webshop\/\"},{\"@type\":\"ListItem\",\"position\":3,\"name\":\"Encozyme NADH stabilisiertes Coenzym\"}]},{\"@type\":\"WebSite\",\"@id\":\"https:\/\/springfieldnutra.acceptatie.indicia-interactiv.nl\/de\/#website\",\"url\":\"https:\/\/springfieldnutra.acceptatie.indicia-interactiv.nl\/de\/\",\"name\":\"Springfield Nutraceuticals\",\"description\":\"Voeding kan een positieve bijdrage leveren aan onze gezondheid.\",\"publisher\":{\"@id\":\"https:\/\/springfieldnutra.acceptatie.indicia-interactiv.nl\/de\/#organization\"},\"potentialAction\":[{\"@type\":\"SearchAction\",\"target\":{\"@type\":\"EntryPoint\",\"urlTemplate\":\"https:\/\/springfieldnutra.acceptatie.indicia-interactiv.nl\/de\/?s={search_term_string}\"},\"query-input\":{\"@type\":\"PropertyValueSpecification\",\"valueRequired\":true,\"valueName\":\"search_term_string\"}}],\"inLanguage\":\"de\"},{\"@type\":\"Organization\",\"@id\":\"https:\/\/springfieldnutra.acceptatie.indicia-interactiv.nl\/de\/#organization\",\"name\":\"Springfield Nutraceuticals\",\"url\":\"https:\/\/springfieldnutra.acceptatie.indicia-interactiv.nl\/de\/\",\"logo\":{\"@type\":\"ImageObject\",\"inLanguage\":\"de\",\"@id\":\"https:\/\/springfieldnutra.acceptatie.indicia-interactiv.nl\/de\/#\/schema\/logo\/image\/\",\"url\":\"https:\/\/springfieldnutra.acceptatie.indicia-interactiv.nl\/app\/uploads\/2018\/01\/Logo_Springfield.png\",\"contentUrl\":\"https:\/\/springfieldnutra.acceptatie.indicia-interactiv.nl\/app\/uploads\/2018\/01\/Logo_Springfield.png\",\"width\":213,\"height\":46,\"caption\":\"Springfield Nutraceuticals\"},\"image\":{\"@id\":\"https:\/\/springfieldnutra.acceptatie.indicia-interactiv.nl\/de\/#\/schema\/logo\/image\/\"},\"sameAs\":[\"https:\/\/www.facebook.com\/springfieldnutra\/about\/\",\"https:\/\/x.com\/SpringfieldNutr\",\"https:\/\/www.instagram.com\/springfieldnutra\/\",\"https:\/\/www.linkedin.com\/company\/1665278\",\"https:\/\/www.youtube.com\/channel\/UCI6lSWwNNHEzJ0SUTsgljvQ\/about\"]}]}<\/script>\n<meta property=\"og:availability\" content=\"instock\" \/>\n<meta property=\"product:availability\" content=\"instock\" \/>\n<meta property=\"product:condition\" content=\"new\" \/>\n<!-- \/ Yoast SEO Premium plugin. -->","yoast_head_json":{"title":"Encozyme NADH stabilisiertes Coenzym | Springfield Nutraceuticals","robots":{"index":"noindex","follow":"follow","max-snippet":"max-snippet:-1","max-image-preview":"max-image-preview:large","max-video-preview":"max-video-preview:-1"},"og_locale":"de_DE","og_type":"article","og_title":"Encozyme NADH stabilisiertes Coenzym","og_description":"NADH stabilisiertes Coenzym  Encozyme NADH ist ein stabilisiertes NADH-Produkt, das gut vom K\u00f6rper aufgenommen wird.  Dieses Produkt befindet sich vor\u00fcbergehend in einer wei\u00dfen Kapsel. Die gr\u00fcnen Kapseln waren nicht rechtzeitig verf\u00fcgbar.","og_url":"https:\/\/springfieldnutra.acceptatie.indicia-interactiv.nl\/de\/webshop\/encozyme-nadh-coenzym\/","og_site_name":"Springfield Nutraceuticals","article_publisher":"https:\/\/www.facebook.com\/springfieldnutra\/about\/","article_modified_time":"2022-09-26T13:31:31+00:00","og_image":[{"width":1340,"height":1520,"url":"https:\/\/springfieldnutra.acceptatie.indicia-interactiv.nl\/app\/uploads\/2020\/03\/Encozyme-5mg-NADH-co-enzym.jpg","type":"image\/jpeg"}],"twitter_card":"summary_large_image","twitter_site":"@SpringfieldNutr","twitter_misc":{"Availability":"In stock"},"schema":{"@context":"https:\/\/schema.org","@graph":[{"@type":"WebPage","@id":"https:\/\/springfieldnutra.acceptatie.indicia-interactiv.nl\/de\/webshop\/encozyme-nadh-coenzym\/","url":"https:\/\/springfieldnutra.acceptatie.indicia-interactiv.nl\/de\/webshop\/encozyme-nadh-coenzym\/","name":"Encozyme NADH stabilisiertes Coenzym | Springfield Nutraceuticals","isPartOf":{"@id":"https:\/\/springfieldnutra.acceptatie.indicia-interactiv.nl\/de\/#website"},"primaryImageOfPage":{"@id":"https:\/\/springfieldnutra.acceptatie.indicia-interactiv.nl\/de\/webshop\/encozyme-nadh-coenzym\/#primaryimage"},"image":{"@id":"https:\/\/springfieldnutra.acceptatie.indicia-interactiv.nl\/de\/webshop\/encozyme-nadh-coenzym\/#primaryimage"},"thumbnailUrl":"https:\/\/springfieldnutra.acceptatie.indicia-interactiv.nl\/app\/uploads\/2020\/03\/Encozyme-5mg-NADH-co-enzym.jpg","datePublished":"2020-03-25T10:04:26+00:00","dateModified":"2022-09-26T13:31:31+00:00","breadcrumb":{"@id":"https:\/\/springfieldnutra.acceptatie.indicia-interactiv.nl\/de\/webshop\/encozyme-nadh-coenzym\/#breadcrumb"},"inLanguage":"de","potentialAction":[{"@type":"ReadAction","target":["https:\/\/springfieldnutra.acceptatie.indicia-interactiv.nl\/de\/webshop\/encozyme-nadh-coenzym\/"]}]},{"@type":"ImageObject","inLanguage":"de","@id":"https:\/\/springfieldnutra.acceptatie.indicia-interactiv.nl\/de\/webshop\/encozyme-nadh-coenzym\/#primaryimage","url":"https:\/\/springfieldnutra.acceptatie.indicia-interactiv.nl\/app\/uploads\/2020\/03\/Encozyme-5mg-NADH-co-enzym.jpg","contentUrl":"https:\/\/springfieldnutra.acceptatie.indicia-interactiv.nl\/app\/uploads\/2020\/03\/Encozyme-5mg-NADH-co-enzym.jpg","width":1340,"height":1520,"caption":"Encozyme NADH"},{"@type":"BreadcrumbList","@id":"https:\/\/springfieldnutra.acceptatie.indicia-interactiv.nl\/de\/webshop\/encozyme-nadh-coenzym\/#breadcrumb","itemListElement":[{"@type":"ListItem","position":1,"name":"Home","item":"https:\/\/springfieldnutra.acceptatie.indicia-interactiv.nl\/de\/voorpagina\/"},{"@type":"ListItem","position":2,"name":"Webshop","item":"https:\/\/springfieldnutra.acceptatie.indicia-interactiv.nl\/de\/webshop\/"},{"@type":"ListItem","position":3,"name":"Encozyme NADH stabilisiertes Coenzym"}]},{"@type":"WebSite","@id":"https:\/\/springfieldnutra.acceptatie.indicia-interactiv.nl\/de\/#website","url":"https:\/\/springfieldnutra.acceptatie.indicia-interactiv.nl\/de\/","name":"Springfield Nutraceuticals","description":"Voeding kan een positieve bijdrage leveren aan onze gezondheid.","publisher":{"@id":"https:\/\/springfieldnutra.acceptatie.indicia-interactiv.nl\/de\/#organization"},"potentialAction":[{"@type":"SearchAction","target":{"@type":"EntryPoint","urlTemplate":"https:\/\/springfieldnutra.acceptatie.indicia-interactiv.nl\/de\/?s={search_term_string}"},"query-input":{"@type":"PropertyValueSpecification","valueRequired":true,"valueName":"search_term_string"}}],"inLanguage":"de"},{"@type":"Organization","@id":"https:\/\/springfieldnutra.acceptatie.indicia-interactiv.nl\/de\/#organization","name":"Springfield Nutraceuticals","url":"https:\/\/springfieldnutra.acceptatie.indicia-interactiv.nl\/de\/","logo":{"@type":"ImageObject","inLanguage":"de","@id":"https:\/\/springfieldnutra.acceptatie.indicia-interactiv.nl\/de\/#\/schema\/logo\/image\/","url":"https:\/\/springfieldnutra.acceptatie.indicia-interactiv.nl\/app\/uploads\/2018\/01\/Logo_Springfield.png","contentUrl":"https:\/\/springfieldnutra.acceptatie.indicia-interactiv.nl\/app\/uploads\/2018\/01\/Logo_Springfield.png","width":213,"height":46,"caption":"Springfield Nutraceuticals"},"image":{"@id":"https:\/\/springfieldnutra.acceptatie.indicia-interactiv.nl\/de\/#\/schema\/logo\/image\/"},"sameAs":["https:\/\/www.facebook.com\/springfieldnutra\/about\/","https:\/\/x.com\/SpringfieldNutr","https:\/\/www.instagram.com\/springfieldnutra\/","https:\/\/www.linkedin.com\/company\/1665278","https:\/\/www.youtube.com\/channel\/UCI6lSWwNNHEzJ0SUTsgljvQ\/about"]}]},"og_availability":"instock","product_availability":"instock","product_condition":"new"},"_links":{"self":[{"href":"https:\/\/springfieldnutra.acceptatie.indicia-interactiv.nl\/de\/wp-json\/wp\/v2\/product\/17383","targetHints":{"allow":["GET"]}}],"collection":[{"href":"https:\/\/springfieldnutra.acceptatie.indicia-interactiv.nl\/de\/wp-json\/wp\/v2\/product"}],"about":[{"href":"https:\/\/springfieldnutra.acceptatie.indicia-interactiv.nl\/de\/wp-json\/wp\/v2\/types\/product"}],"replies":[{"embeddable":true,"href":"https:\/\/springfieldnutra.acceptatie.indicia-interactiv.nl\/de\/wp-json\/wp\/v2\/comments?post=17383"}],"wp:featuredmedia":[{"embeddable":true,"href":"https:\/\/springfieldnutra.acceptatie.indicia-interactiv.nl\/de\/wp-json\/wp\/v2\/media\/14252"}],"wp:attachment":[{"href":"https:\/\/springfieldnutra.acceptatie.indicia-interactiv.nl\/de\/wp-json\/wp\/v2\/media?parent=17383"}],"wp:term":[{"taxonomy":"product_brand","embeddable":true,"href":"https:\/\/springfieldnutra.acceptatie.indicia-interactiv.nl\/de\/wp-json\/wp\/v2\/product_brand?post=17383"},{"taxonomy":"product_cat","embeddable":true,"href":"https:\/\/springfieldnutra.acceptatie.indicia-interactiv.nl\/de\/wp-json\/wp\/v2\/product_cat?post=17383"},{"taxonomy":"product_tag","embeddable":true,"href":"https:\/\/springfieldnutra.acceptatie.indicia-interactiv.nl\/de\/wp-json\/wp\/v2\/product_tag?post=17383"}],"curies":[{"name":"wp","href":"https:\/\/api.w.org\/{rel}","templated":true}]}}