{"id":17425,"date":"2020-03-25T11:08:14","date_gmt":"2020-03-25T10:08:14","guid":{"rendered":"http:\/\/springfieldnutra.acceptatie.indicia-interactiv.nl\/webshop\/reduquinol-q10-ubiquinol\/"},"modified":"2023-06-27T15:56:08","modified_gmt":"2023-06-27T13:56:08","slug":"reduquinol-q10-ubiquinol","status":"publish","type":"product","link":"https:\/\/springfieldnutra.acceptatie.indicia-interactiv.nl\/de\/webshop\/reduquinol-q10-ubiquinol\/","title":{"rendered":"Reduquinol Q10 Ubiquinol <br>kristall-frei"},"content":{"rendered":"<h4>Verzehremphelung<\/h4>\n<p>1 mal t\u00e4glich 1 Softgelkapsel.<\/p>\n<p><strong>Wechselwirkungen<\/strong>:\u00a0Vorsicht bei der Verwendung von Antikoagulanzien (Cumarin-Derivaten).<\/p>\n<p><strong>Warnungen<\/strong>:\u00a0Nicht geeignet f\u00fcr Schwangere und Stillen.\u00a0Reduquinol ist nicht f\u00fcr Vegetarier geeignet, enth\u00e4lt Gelatine.<\/p>\n","protected":false},"excerpt":{"rendered":"<ul>\n<li>Kristallfreies Ubiquinol Coenzym Q10<\/li>\n<li>Coenzym Q10 (CoQ10) ist ein wichtiges Coenzym, das notwendig ist um Enzyme zu aktivieren. Im menschlichen K\u00f6rper kommt CoQ10 meist als Ubiquinol vor.<\/li>\n<li>Reduquinol enth\u00e4lt eine stabile, patentierte Form von Ubiquinol, die eine besonders gute Bioverf\u00fcgbarkeit aufweist.<\/li>\n<\/ul>\n","protected":false},"featured_media":29889,"comment_status":"open","ping_status":"closed","template":"","meta":{"_acf_changed":false},"product_brand":[],"product_cat":[8733,8730,8749,8554,8552,8558],"product_tag":[8736,8767,8768],"class_list":{"0":"post-17425","1":"product","2":"type-product","3":"status-publish","4":"has-post-thumbnail","6":"product_cat-co-enzymen-de","7":"product_cat-energie-de","8":"product_cat-gesund-aelter","9":"product_cat-herz-und-blutgefase","10":"product_cat-kopf","11":"product_cat-sport-de","12":"product_tag-co-enzymen-de","13":"product_tag-coenzym-q10","14":"product_tag-coq10-de","16":"first","17":"instock","18":"taxable","19":"shipping-taxable","20":"purchasable","21":"product-type-variable","22":"has-default-attributes"},"acf":[],"yoast_head":"<!-- This site is optimized with the Yoast SEO Premium plugin v27.1 (Yoast SEO v27.1.1) - https:\/\/yoast.com\/product\/yoast-seo-premium-wordpress\/ -->\n<title>Reduquinol Q10 Ubiquinol kristall-frei | Springfield Nutraceuticals<\/title>\n<meta name=\"robots\" content=\"noindex, follow, max-snippet:-1, max-image-preview:large, max-video-preview:-1\" \/>\n<meta property=\"og:locale\" content=\"de_DE\" \/>\n<meta property=\"og:type\" content=\"article\" \/>\n<meta property=\"og:title\" content=\"Reduquinol Q10 Ubiquinol kristall-frei\" \/>\n<meta property=\"og:description\" content=\"Kristallfreies Ubiquinol Coenzym Q10  Coenzym Q10 (CoQ10) ist ein wichtiges Coenzym, das notwendig ist um Enzyme zu aktivieren. Im menschlichen K\u00f6rper kommt CoQ10 meist als Ubiquinol vor.  Reduquinol enth\u00e4lt eine stabile, patentierte Form von Ubiquinol, die eine besonders gute Bioverf\u00fcgbarkeit aufweist.\" \/>\n<meta property=\"og:url\" content=\"https:\/\/springfieldnutra.acceptatie.indicia-interactiv.nl\/de\/webshop\/reduquinol-q10-ubiquinol\/\" \/>\n<meta property=\"og:site_name\" content=\"Springfield Nutraceuticals\" \/>\n<meta property=\"article:publisher\" content=\"https:\/\/www.facebook.com\/springfieldnutra\/about\/\" \/>\n<meta property=\"article:modified_time\" content=\"2023-06-27T13:56:08+00:00\" \/>\n<meta property=\"og:image\" content=\"https:\/\/springfieldnutra.acceptatie.indicia-interactiv.nl\/app\/uploads\/2020\/03\/ReduQuinol-Q10-ubiquinol-kristalvrij-100-mg-60-softgels-in-potje-scaled.jpg\" \/>\n\t<meta property=\"og:image:width\" content=\"2257\" \/>\n\t<meta property=\"og:image:height\" content=\"2560\" \/>\n\t<meta property=\"og:image:type\" content=\"image\/jpeg\" \/>\n<meta name=\"twitter:card\" content=\"summary_large_image\" \/>\n<meta name=\"twitter:site\" content=\"@SpringfieldNutr\" \/>\n<meta name=\"twitter:label1\" content=\"Availability\" \/>\n\t<meta name=\"twitter:data1\" content=\"In stock\" \/>\n<script type=\"application\/ld+json\" class=\"yoast-schema-graph\">{\"@context\":\"https:\/\/schema.org\",\"@graph\":[{\"@type\":\"WebPage\",\"@id\":\"https:\/\/springfieldnutra.acceptatie.indicia-interactiv.nl\/de\/webshop\/reduquinol-q10-ubiquinol\/\",\"url\":\"https:\/\/springfieldnutra.acceptatie.indicia-interactiv.nl\/de\/webshop\/reduquinol-q10-ubiquinol\/\",\"name\":\"Reduquinol Q10 Ubiquinol kristall-frei | Springfield Nutraceuticals\",\"isPartOf\":{\"@id\":\"https:\/\/springfieldnutra.acceptatie.indicia-interactiv.nl\/de\/#website\"},\"primaryImageOfPage\":{\"@id\":\"https:\/\/springfieldnutra.acceptatie.indicia-interactiv.nl\/de\/webshop\/reduquinol-q10-ubiquinol\/#primaryimage\"},\"image\":{\"@id\":\"https:\/\/springfieldnutra.acceptatie.indicia-interactiv.nl\/de\/webshop\/reduquinol-q10-ubiquinol\/#primaryimage\"},\"thumbnailUrl\":\"https:\/\/springfieldnutra.acceptatie.indicia-interactiv.nl\/app\/uploads\/2020\/03\/ReduQuinol-Q10-ubiquinol-kristalvrij-100-mg-60-softgels-in-potje-scaled.jpg\",\"datePublished\":\"2020-03-25T10:08:14+00:00\",\"dateModified\":\"2023-06-27T13:56:08+00:00\",\"breadcrumb\":{\"@id\":\"https:\/\/springfieldnutra.acceptatie.indicia-interactiv.nl\/de\/webshop\/reduquinol-q10-ubiquinol\/#breadcrumb\"},\"inLanguage\":\"de\",\"potentialAction\":[{\"@type\":\"ReadAction\",\"target\":[\"https:\/\/springfieldnutra.acceptatie.indicia-interactiv.nl\/de\/webshop\/reduquinol-q10-ubiquinol\/\"]}]},{\"@type\":\"ImageObject\",\"inLanguage\":\"de\",\"@id\":\"https:\/\/springfieldnutra.acceptatie.indicia-interactiv.nl\/de\/webshop\/reduquinol-q10-ubiquinol\/#primaryimage\",\"url\":\"https:\/\/springfieldnutra.acceptatie.indicia-interactiv.nl\/app\/uploads\/2020\/03\/ReduQuinol-Q10-ubiquinol-kristalvrij-100-mg-60-softgels-in-potje-scaled.jpg\",\"contentUrl\":\"https:\/\/springfieldnutra.acceptatie.indicia-interactiv.nl\/app\/uploads\/2020\/03\/ReduQuinol-Q10-ubiquinol-kristalvrij-100-mg-60-softgels-in-potje-scaled.jpg\",\"width\":2257,\"height\":2560,\"caption\":\"ReduQuinol Q10 ubiquinol kristalvrij 100 mg 60 softgels in potje\"},{\"@type\":\"BreadcrumbList\",\"@id\":\"https:\/\/springfieldnutra.acceptatie.indicia-interactiv.nl\/de\/webshop\/reduquinol-q10-ubiquinol\/#breadcrumb\",\"itemListElement\":[{\"@type\":\"ListItem\",\"position\":1,\"name\":\"Home\",\"item\":\"https:\/\/springfieldnutra.acceptatie.indicia-interactiv.nl\/de\/voorpagina\/\"},{\"@type\":\"ListItem\",\"position\":2,\"name\":\"Webshop\",\"item\":\"https:\/\/springfieldnutra.acceptatie.indicia-interactiv.nl\/de\/webshop\/\"},{\"@type\":\"ListItem\",\"position\":3,\"name\":\"Reduquinol Q10 Ubiquinol kristall-frei\"}]},{\"@type\":\"WebSite\",\"@id\":\"https:\/\/springfieldnutra.acceptatie.indicia-interactiv.nl\/de\/#website\",\"url\":\"https:\/\/springfieldnutra.acceptatie.indicia-interactiv.nl\/de\/\",\"name\":\"Springfield Nutraceuticals\",\"description\":\"Voeding kan een positieve bijdrage leveren aan onze gezondheid.\",\"publisher\":{\"@id\":\"https:\/\/springfieldnutra.acceptatie.indicia-interactiv.nl\/de\/#organization\"},\"potentialAction\":[{\"@type\":\"SearchAction\",\"target\":{\"@type\":\"EntryPoint\",\"urlTemplate\":\"https:\/\/springfieldnutra.acceptatie.indicia-interactiv.nl\/de\/?s={search_term_string}\"},\"query-input\":{\"@type\":\"PropertyValueSpecification\",\"valueRequired\":true,\"valueName\":\"search_term_string\"}}],\"inLanguage\":\"de\"},{\"@type\":\"Organization\",\"@id\":\"https:\/\/springfieldnutra.acceptatie.indicia-interactiv.nl\/de\/#organization\",\"name\":\"Springfield Nutraceuticals\",\"url\":\"https:\/\/springfieldnutra.acceptatie.indicia-interactiv.nl\/de\/\",\"logo\":{\"@type\":\"ImageObject\",\"inLanguage\":\"de\",\"@id\":\"https:\/\/springfieldnutra.acceptatie.indicia-interactiv.nl\/de\/#\/schema\/logo\/image\/\",\"url\":\"https:\/\/springfieldnutra.acceptatie.indicia-interactiv.nl\/app\/uploads\/2018\/01\/Logo_Springfield.png\",\"contentUrl\":\"https:\/\/springfieldnutra.acceptatie.indicia-interactiv.nl\/app\/uploads\/2018\/01\/Logo_Springfield.png\",\"width\":213,\"height\":46,\"caption\":\"Springfield Nutraceuticals\"},\"image\":{\"@id\":\"https:\/\/springfieldnutra.acceptatie.indicia-interactiv.nl\/de\/#\/schema\/logo\/image\/\"},\"sameAs\":[\"https:\/\/www.facebook.com\/springfieldnutra\/about\/\",\"https:\/\/x.com\/SpringfieldNutr\",\"https:\/\/www.instagram.com\/springfieldnutra\/\",\"https:\/\/www.linkedin.com\/company\/1665278\",\"https:\/\/www.youtube.com\/channel\/UCI6lSWwNNHEzJ0SUTsgljvQ\/about\"]}]}<\/script>\n<meta property=\"og:availability\" content=\"instock\" \/>\n<meta property=\"product:availability\" content=\"instock\" \/>\n<meta property=\"product:condition\" content=\"new\" \/>\n<!-- \/ Yoast SEO Premium plugin. -->","yoast_head_json":{"title":"Reduquinol Q10 Ubiquinol kristall-frei | Springfield Nutraceuticals","robots":{"index":"noindex","follow":"follow","max-snippet":"max-snippet:-1","max-image-preview":"max-image-preview:large","max-video-preview":"max-video-preview:-1"},"og_locale":"de_DE","og_type":"article","og_title":"Reduquinol Q10 Ubiquinol kristall-frei","og_description":"Kristallfreies Ubiquinol Coenzym Q10  Coenzym Q10 (CoQ10) ist ein wichtiges Coenzym, das notwendig ist um Enzyme zu aktivieren. Im menschlichen K\u00f6rper kommt CoQ10 meist als Ubiquinol vor.  Reduquinol enth\u00e4lt eine stabile, patentierte Form von Ubiquinol, die eine besonders gute Bioverf\u00fcgbarkeit aufweist.","og_url":"https:\/\/springfieldnutra.acceptatie.indicia-interactiv.nl\/de\/webshop\/reduquinol-q10-ubiquinol\/","og_site_name":"Springfield Nutraceuticals","article_publisher":"https:\/\/www.facebook.com\/springfieldnutra\/about\/","article_modified_time":"2023-06-27T13:56:08+00:00","og_image":[{"width":2257,"height":2560,"url":"https:\/\/springfieldnutra.acceptatie.indicia-interactiv.nl\/app\/uploads\/2020\/03\/ReduQuinol-Q10-ubiquinol-kristalvrij-100-mg-60-softgels-in-potje-scaled.jpg","type":"image\/jpeg"}],"twitter_card":"summary_large_image","twitter_site":"@SpringfieldNutr","twitter_misc":{"Availability":"In stock"},"schema":{"@context":"https:\/\/schema.org","@graph":[{"@type":"WebPage","@id":"https:\/\/springfieldnutra.acceptatie.indicia-interactiv.nl\/de\/webshop\/reduquinol-q10-ubiquinol\/","url":"https:\/\/springfieldnutra.acceptatie.indicia-interactiv.nl\/de\/webshop\/reduquinol-q10-ubiquinol\/","name":"Reduquinol Q10 Ubiquinol kristall-frei | Springfield Nutraceuticals","isPartOf":{"@id":"https:\/\/springfieldnutra.acceptatie.indicia-interactiv.nl\/de\/#website"},"primaryImageOfPage":{"@id":"https:\/\/springfieldnutra.acceptatie.indicia-interactiv.nl\/de\/webshop\/reduquinol-q10-ubiquinol\/#primaryimage"},"image":{"@id":"https:\/\/springfieldnutra.acceptatie.indicia-interactiv.nl\/de\/webshop\/reduquinol-q10-ubiquinol\/#primaryimage"},"thumbnailUrl":"https:\/\/springfieldnutra.acceptatie.indicia-interactiv.nl\/app\/uploads\/2020\/03\/ReduQuinol-Q10-ubiquinol-kristalvrij-100-mg-60-softgels-in-potje-scaled.jpg","datePublished":"2020-03-25T10:08:14+00:00","dateModified":"2023-06-27T13:56:08+00:00","breadcrumb":{"@id":"https:\/\/springfieldnutra.acceptatie.indicia-interactiv.nl\/de\/webshop\/reduquinol-q10-ubiquinol\/#breadcrumb"},"inLanguage":"de","potentialAction":[{"@type":"ReadAction","target":["https:\/\/springfieldnutra.acceptatie.indicia-interactiv.nl\/de\/webshop\/reduquinol-q10-ubiquinol\/"]}]},{"@type":"ImageObject","inLanguage":"de","@id":"https:\/\/springfieldnutra.acceptatie.indicia-interactiv.nl\/de\/webshop\/reduquinol-q10-ubiquinol\/#primaryimage","url":"https:\/\/springfieldnutra.acceptatie.indicia-interactiv.nl\/app\/uploads\/2020\/03\/ReduQuinol-Q10-ubiquinol-kristalvrij-100-mg-60-softgels-in-potje-scaled.jpg","contentUrl":"https:\/\/springfieldnutra.acceptatie.indicia-interactiv.nl\/app\/uploads\/2020\/03\/ReduQuinol-Q10-ubiquinol-kristalvrij-100-mg-60-softgels-in-potje-scaled.jpg","width":2257,"height":2560,"caption":"ReduQuinol Q10 ubiquinol kristalvrij 100 mg 60 softgels in potje"},{"@type":"BreadcrumbList","@id":"https:\/\/springfieldnutra.acceptatie.indicia-interactiv.nl\/de\/webshop\/reduquinol-q10-ubiquinol\/#breadcrumb","itemListElement":[{"@type":"ListItem","position":1,"name":"Home","item":"https:\/\/springfieldnutra.acceptatie.indicia-interactiv.nl\/de\/voorpagina\/"},{"@type":"ListItem","position":2,"name":"Webshop","item":"https:\/\/springfieldnutra.acceptatie.indicia-interactiv.nl\/de\/webshop\/"},{"@type":"ListItem","position":3,"name":"Reduquinol Q10 Ubiquinol kristall-frei"}]},{"@type":"WebSite","@id":"https:\/\/springfieldnutra.acceptatie.indicia-interactiv.nl\/de\/#website","url":"https:\/\/springfieldnutra.acceptatie.indicia-interactiv.nl\/de\/","name":"Springfield Nutraceuticals","description":"Voeding kan een positieve bijdrage leveren aan onze gezondheid.","publisher":{"@id":"https:\/\/springfieldnutra.acceptatie.indicia-interactiv.nl\/de\/#organization"},"potentialAction":[{"@type":"SearchAction","target":{"@type":"EntryPoint","urlTemplate":"https:\/\/springfieldnutra.acceptatie.indicia-interactiv.nl\/de\/?s={search_term_string}"},"query-input":{"@type":"PropertyValueSpecification","valueRequired":true,"valueName":"search_term_string"}}],"inLanguage":"de"},{"@type":"Organization","@id":"https:\/\/springfieldnutra.acceptatie.indicia-interactiv.nl\/de\/#organization","name":"Springfield Nutraceuticals","url":"https:\/\/springfieldnutra.acceptatie.indicia-interactiv.nl\/de\/","logo":{"@type":"ImageObject","inLanguage":"de","@id":"https:\/\/springfieldnutra.acceptatie.indicia-interactiv.nl\/de\/#\/schema\/logo\/image\/","url":"https:\/\/springfieldnutra.acceptatie.indicia-interactiv.nl\/app\/uploads\/2018\/01\/Logo_Springfield.png","contentUrl":"https:\/\/springfieldnutra.acceptatie.indicia-interactiv.nl\/app\/uploads\/2018\/01\/Logo_Springfield.png","width":213,"height":46,"caption":"Springfield Nutraceuticals"},"image":{"@id":"https:\/\/springfieldnutra.acceptatie.indicia-interactiv.nl\/de\/#\/schema\/logo\/image\/"},"sameAs":["https:\/\/www.facebook.com\/springfieldnutra\/about\/","https:\/\/x.com\/SpringfieldNutr","https:\/\/www.instagram.com\/springfieldnutra\/","https:\/\/www.linkedin.com\/company\/1665278","https:\/\/www.youtube.com\/channel\/UCI6lSWwNNHEzJ0SUTsgljvQ\/about"]}]},"og_availability":"instock","product_availability":"instock","product_condition":"new"},"_links":{"self":[{"href":"https:\/\/springfieldnutra.acceptatie.indicia-interactiv.nl\/de\/wp-json\/wp\/v2\/product\/17425","targetHints":{"allow":["GET"]}}],"collection":[{"href":"https:\/\/springfieldnutra.acceptatie.indicia-interactiv.nl\/de\/wp-json\/wp\/v2\/product"}],"about":[{"href":"https:\/\/springfieldnutra.acceptatie.indicia-interactiv.nl\/de\/wp-json\/wp\/v2\/types\/product"}],"replies":[{"embeddable":true,"href":"https:\/\/springfieldnutra.acceptatie.indicia-interactiv.nl\/de\/wp-json\/wp\/v2\/comments?post=17425"}],"wp:featuredmedia":[{"embeddable":true,"href":"https:\/\/springfieldnutra.acceptatie.indicia-interactiv.nl\/de\/wp-json\/wp\/v2\/media\/29889"}],"wp:attachment":[{"href":"https:\/\/springfieldnutra.acceptatie.indicia-interactiv.nl\/de\/wp-json\/wp\/v2\/media?parent=17425"}],"wp:term":[{"taxonomy":"product_brand","embeddable":true,"href":"https:\/\/springfieldnutra.acceptatie.indicia-interactiv.nl\/de\/wp-json\/wp\/v2\/product_brand?post=17425"},{"taxonomy":"product_cat","embeddable":true,"href":"https:\/\/springfieldnutra.acceptatie.indicia-interactiv.nl\/de\/wp-json\/wp\/v2\/product_cat?post=17425"},{"taxonomy":"product_tag","embeddable":true,"href":"https:\/\/springfieldnutra.acceptatie.indicia-interactiv.nl\/de\/wp-json\/wp\/v2\/product_tag?post=17425"}],"curies":[{"name":"wp","href":"https:\/\/api.w.org\/{rel}","templated":true}]}}