{"id":17605,"date":"2020-03-25T11:04:14","date_gmt":"2020-03-25T10:04:14","guid":{"rendered":"http:\/\/springfieldnutra.acceptatie.indicia-interactiv.nl\/webshop\/echincell-organischer-echinacea\/"},"modified":"2020-06-29T19:07:44","modified_gmt":"2020-06-29T17:07:44","slug":"echincell-organischer-echinacea","status":"publish","type":"product","link":"https:\/\/springfieldnutra.acceptatie.indicia-interactiv.nl\/de\/webshop\/echincell-organischer-echinacea\/","title":{"rendered":"Echincell organischer Echinacea"},"content":{"rendered":"<h4>Verzehrsempfehlung<\/h4>\n<p>1 Softgel pro Tag.<\/p>\n<p><strong>Gelegentlich<\/strong>: 5 mal t\u00e4glich 1 Softgel f\u00fcr 2 Tage; dann 3 Kapseln pro Tag f\u00fcr bis zu 21 Tage. \u00dcberschreiten Sie nicht die empfohlene Verwendung.<\/p>\n<p><strong>Wechselwirkungen<\/strong>: Es sind keine negativen Wechselwirkungen von Echinacea-Pr\u00e4paraten oder des Spezialextrakts mit Medikamenten bekannt.<br \/>\nAls Vorsichtsma\u00dfnahme nicht mit Immunsuppressiva kombinieren.<\/p>\n<p><strong>Warnungen<\/strong>: Zur Wirksamkeit und Sicherheit von Echinacea bei Kleinkindern liegen keine ausreichenden Daten vor. Daher darf dieses Produkt nicht an Kinder unter 12 Jahren ohne \u00e4rztliche Verordnung abgegeben werden.<br \/>\nSchwangerschaft und Stillzeit: Die Anwendung w\u00e4hrend der Schwangerschaft wird wegen unzureichender Daten nicht empfohlen. Anwendung w\u00e4hrend der Stillzeit nur auf \u00e4rztliche Verschreibung.<\/p>\n<p>Die Kapseln k\u00f6nnen GVO-Soja enthalten.<\/p>\n<p><strong>Gegenanzeigen<\/strong>: Nicht bei Kindern unter 1 Jahr anwenden.<br \/>\nNicht anwenden bei \u00dcberempfindlichkeit gegen Echinacea oder andere Pflanzen der Asteraceae (Composite) -Familie.<\/p>\n","protected":false},"excerpt":{"rendered":"<ul>\n<li>3-fach standardisiertes, organisches Echinacea<\/li>\n<li>Echincell Echinacea wird in einem patentierten Verfahren hergestellt, was bedeutet, dass zwischen den Komponenten Alkylamide, Polysaccharide und Chicor\u00e9e eine gute Synergie besteht.<\/li>\n<li>Das Vorhandensein dieser drei Komponenten in garantierten Mengen ist f\u00fcr Echincell wichtig.<\/li>\n<\/ul>\n","protected":false},"featured_media":20334,"comment_status":"open","ping_status":"closed","template":"","meta":{"_acf_changed":false},"product_brand":[],"product_cat":[8557,8746],"product_tag":[8832,8566],"class_list":{"0":"post-17605","1":"product","2":"type-product","3":"status-publish","4":"has-post-thumbnail","6":"product_cat-immunsystem","7":"product_cat-kraeuter","8":"product_tag-echinacea-de","9":"product_tag-immuunfunctie-de","11":"first","12":"instock","13":"taxable","14":"shipping-taxable","15":"purchasable","16":"product-type-simple"},"acf":[],"yoast_head":"<!-- This site is optimized with the Yoast SEO Premium plugin v27.1 (Yoast SEO v27.1.1) - https:\/\/yoast.com\/product\/yoast-seo-premium-wordpress\/ -->\n<title>Echincell organischer Echinacea | Springfield Nutraceuticals<\/title>\n<meta name=\"robots\" content=\"noindex, follow, max-snippet:-1, max-image-preview:large, max-video-preview:-1\" \/>\n<meta property=\"og:locale\" content=\"de_DE\" \/>\n<meta property=\"og:type\" content=\"article\" \/>\n<meta property=\"og:title\" content=\"Echincell organischer Echinacea\" \/>\n<meta property=\"og:description\" content=\"3-fach standardisiertes, organisches Echinacea  Echincell Echinacea wird in einem patentierten Verfahren hergestellt, was bedeutet, dass zwischen den Komponenten Alkylamide, Polysaccharide und Chicor\u00e9e eine gute Synergie besteht.  Das Vorhandensein dieser drei Komponenten in garantierten Mengen ist f\u00fcr Echincell wichtig.\" \/>\n<meta property=\"og:url\" content=\"https:\/\/springfieldnutra.acceptatie.indicia-interactiv.nl\/de\/webshop\/echincell-organischer-echinacea\/\" \/>\n<meta property=\"og:site_name\" content=\"Springfield Nutraceuticals\" \/>\n<meta property=\"article:publisher\" content=\"https:\/\/www.facebook.com\/springfieldnutra\/about\/\" \/>\n<meta property=\"article:modified_time\" content=\"2020-06-29T17:07:44+00:00\" \/>\n<meta property=\"og:image\" content=\"https:\/\/springfieldnutra.acceptatie.indicia-interactiv.nl\/app\/uploads\/2018\/01\/Echincell-3-voudig-gestandaardiseerd-echinacea-helpt-het-immuunsysteem.jpg\" \/>\n\t<meta property=\"og:image:width\" content=\"1340\" \/>\n\t<meta property=\"og:image:height\" content=\"1520\" \/>\n\t<meta property=\"og:image:type\" content=\"image\/jpeg\" \/>\n<meta name=\"twitter:card\" content=\"summary_large_image\" \/>\n<meta name=\"twitter:site\" content=\"@SpringfieldNutr\" \/>\n<meta name=\"twitter:label1\" content=\"Price\" \/>\n\t<meta name=\"twitter:data1\" content=\"&euro; 14,50\" \/>\n\t<meta name=\"twitter:label2\" content=\"Availability\" \/>\n\t<meta name=\"twitter:data2\" content=\"In stock\" \/>\n<script type=\"application\/ld+json\" class=\"yoast-schema-graph\">{\"@context\":\"https:\/\/schema.org\",\"@graph\":[{\"@type\":\"WebPage\",\"@id\":\"https:\/\/springfieldnutra.acceptatie.indicia-interactiv.nl\/de\/webshop\/echincell-organischer-echinacea\/\",\"url\":\"https:\/\/springfieldnutra.acceptatie.indicia-interactiv.nl\/de\/webshop\/echincell-organischer-echinacea\/\",\"name\":\"Echincell organischer Echinacea | Springfield Nutraceuticals\",\"isPartOf\":{\"@id\":\"https:\/\/springfieldnutra.acceptatie.indicia-interactiv.nl\/de\/#website\"},\"primaryImageOfPage\":{\"@id\":\"https:\/\/springfieldnutra.acceptatie.indicia-interactiv.nl\/de\/webshop\/echincell-organischer-echinacea\/#primaryimage\"},\"image\":{\"@id\":\"https:\/\/springfieldnutra.acceptatie.indicia-interactiv.nl\/de\/webshop\/echincell-organischer-echinacea\/#primaryimage\"},\"thumbnailUrl\":\"https:\/\/springfieldnutra.acceptatie.indicia-interactiv.nl\/app\/uploads\/2018\/01\/Echincell-3-voudig-gestandaardiseerd-echinacea-helpt-het-immuunsysteem.jpg\",\"datePublished\":\"2020-03-25T10:04:14+00:00\",\"dateModified\":\"2020-06-29T17:07:44+00:00\",\"breadcrumb\":{\"@id\":\"https:\/\/springfieldnutra.acceptatie.indicia-interactiv.nl\/de\/webshop\/echincell-organischer-echinacea\/#breadcrumb\"},\"inLanguage\":\"de\",\"potentialAction\":[{\"@type\":\"ReadAction\",\"target\":[\"https:\/\/springfieldnutra.acceptatie.indicia-interactiv.nl\/de\/webshop\/echincell-organischer-echinacea\/\"]}]},{\"@type\":\"ImageObject\",\"inLanguage\":\"de\",\"@id\":\"https:\/\/springfieldnutra.acceptatie.indicia-interactiv.nl\/de\/webshop\/echincell-organischer-echinacea\/#primaryimage\",\"url\":\"https:\/\/springfieldnutra.acceptatie.indicia-interactiv.nl\/app\/uploads\/2018\/01\/Echincell-3-voudig-gestandaardiseerd-echinacea-helpt-het-immuunsysteem.jpg\",\"contentUrl\":\"https:\/\/springfieldnutra.acceptatie.indicia-interactiv.nl\/app\/uploads\/2018\/01\/Echincell-3-voudig-gestandaardiseerd-echinacea-helpt-het-immuunsysteem.jpg\",\"width\":1340,\"height\":1520,\"caption\":\"Echincell 3-voudig gestandaardiseerd echinacea helpt het immuunsysteem\"},{\"@type\":\"BreadcrumbList\",\"@id\":\"https:\/\/springfieldnutra.acceptatie.indicia-interactiv.nl\/de\/webshop\/echincell-organischer-echinacea\/#breadcrumb\",\"itemListElement\":[{\"@type\":\"ListItem\",\"position\":1,\"name\":\"Home\",\"item\":\"https:\/\/springfieldnutra.acceptatie.indicia-interactiv.nl\/de\/voorpagina\/\"},{\"@type\":\"ListItem\",\"position\":2,\"name\":\"Webshop\",\"item\":\"https:\/\/springfieldnutra.acceptatie.indicia-interactiv.nl\/de\/webshop\/\"},{\"@type\":\"ListItem\",\"position\":3,\"name\":\"Echincell organischer Echinacea\"}]},{\"@type\":\"WebSite\",\"@id\":\"https:\/\/springfieldnutra.acceptatie.indicia-interactiv.nl\/de\/#website\",\"url\":\"https:\/\/springfieldnutra.acceptatie.indicia-interactiv.nl\/de\/\",\"name\":\"Springfield Nutraceuticals\",\"description\":\"Voeding kan een positieve bijdrage leveren aan onze gezondheid.\",\"publisher\":{\"@id\":\"https:\/\/springfieldnutra.acceptatie.indicia-interactiv.nl\/de\/#organization\"},\"potentialAction\":[{\"@type\":\"SearchAction\",\"target\":{\"@type\":\"EntryPoint\",\"urlTemplate\":\"https:\/\/springfieldnutra.acceptatie.indicia-interactiv.nl\/de\/?s={search_term_string}\"},\"query-input\":{\"@type\":\"PropertyValueSpecification\",\"valueRequired\":true,\"valueName\":\"search_term_string\"}}],\"inLanguage\":\"de\"},{\"@type\":\"Organization\",\"@id\":\"https:\/\/springfieldnutra.acceptatie.indicia-interactiv.nl\/de\/#organization\",\"name\":\"Springfield Nutraceuticals\",\"url\":\"https:\/\/springfieldnutra.acceptatie.indicia-interactiv.nl\/de\/\",\"logo\":{\"@type\":\"ImageObject\",\"inLanguage\":\"de\",\"@id\":\"https:\/\/springfieldnutra.acceptatie.indicia-interactiv.nl\/de\/#\/schema\/logo\/image\/\",\"url\":\"https:\/\/springfieldnutra.acceptatie.indicia-interactiv.nl\/app\/uploads\/2018\/01\/Logo_Springfield.png\",\"contentUrl\":\"https:\/\/springfieldnutra.acceptatie.indicia-interactiv.nl\/app\/uploads\/2018\/01\/Logo_Springfield.png\",\"width\":213,\"height\":46,\"caption\":\"Springfield Nutraceuticals\"},\"image\":{\"@id\":\"https:\/\/springfieldnutra.acceptatie.indicia-interactiv.nl\/de\/#\/schema\/logo\/image\/\"},\"sameAs\":[\"https:\/\/www.facebook.com\/springfieldnutra\/about\/\",\"https:\/\/x.com\/SpringfieldNutr\",\"https:\/\/www.instagram.com\/springfieldnutra\/\",\"https:\/\/www.linkedin.com\/company\/1665278\",\"https:\/\/www.youtube.com\/channel\/UCI6lSWwNNHEzJ0SUTsgljvQ\/about\"]}]}<\/script>\n<meta property=\"product:price:amount\" content=\"14.50\" \/>\n<meta property=\"product:price:currency\" content=\"EUR\" \/>\n<meta property=\"og:availability\" content=\"instock\" \/>\n<meta property=\"product:availability\" content=\"instock\" \/>\n<meta property=\"product:retailer_item_id\" content=\"21182\" \/>\n<meta property=\"product:condition\" content=\"new\" \/>\n<!-- \/ Yoast SEO Premium plugin. -->","yoast_head_json":{"title":"Echincell organischer Echinacea | Springfield Nutraceuticals","robots":{"index":"noindex","follow":"follow","max-snippet":"max-snippet:-1","max-image-preview":"max-image-preview:large","max-video-preview":"max-video-preview:-1"},"og_locale":"de_DE","og_type":"article","og_title":"Echincell organischer Echinacea","og_description":"3-fach standardisiertes, organisches Echinacea  Echincell Echinacea wird in einem patentierten Verfahren hergestellt, was bedeutet, dass zwischen den Komponenten Alkylamide, Polysaccharide und Chicor\u00e9e eine gute Synergie besteht.  Das Vorhandensein dieser drei Komponenten in garantierten Mengen ist f\u00fcr Echincell wichtig.","og_url":"https:\/\/springfieldnutra.acceptatie.indicia-interactiv.nl\/de\/webshop\/echincell-organischer-echinacea\/","og_site_name":"Springfield Nutraceuticals","article_publisher":"https:\/\/www.facebook.com\/springfieldnutra\/about\/","article_modified_time":"2020-06-29T17:07:44+00:00","og_image":[{"width":1340,"height":1520,"url":"https:\/\/springfieldnutra.acceptatie.indicia-interactiv.nl\/app\/uploads\/2018\/01\/Echincell-3-voudig-gestandaardiseerd-echinacea-helpt-het-immuunsysteem.jpg","type":"image\/jpeg"}],"twitter_card":"summary_large_image","twitter_site":"@SpringfieldNutr","twitter_misc":{"Price":"&euro; 14,50","Availability":"In stock"},"schema":{"@context":"https:\/\/schema.org","@graph":[{"@type":"WebPage","@id":"https:\/\/springfieldnutra.acceptatie.indicia-interactiv.nl\/de\/webshop\/echincell-organischer-echinacea\/","url":"https:\/\/springfieldnutra.acceptatie.indicia-interactiv.nl\/de\/webshop\/echincell-organischer-echinacea\/","name":"Echincell organischer Echinacea | Springfield Nutraceuticals","isPartOf":{"@id":"https:\/\/springfieldnutra.acceptatie.indicia-interactiv.nl\/de\/#website"},"primaryImageOfPage":{"@id":"https:\/\/springfieldnutra.acceptatie.indicia-interactiv.nl\/de\/webshop\/echincell-organischer-echinacea\/#primaryimage"},"image":{"@id":"https:\/\/springfieldnutra.acceptatie.indicia-interactiv.nl\/de\/webshop\/echincell-organischer-echinacea\/#primaryimage"},"thumbnailUrl":"https:\/\/springfieldnutra.acceptatie.indicia-interactiv.nl\/app\/uploads\/2018\/01\/Echincell-3-voudig-gestandaardiseerd-echinacea-helpt-het-immuunsysteem.jpg","datePublished":"2020-03-25T10:04:14+00:00","dateModified":"2020-06-29T17:07:44+00:00","breadcrumb":{"@id":"https:\/\/springfieldnutra.acceptatie.indicia-interactiv.nl\/de\/webshop\/echincell-organischer-echinacea\/#breadcrumb"},"inLanguage":"de","potentialAction":[{"@type":"ReadAction","target":["https:\/\/springfieldnutra.acceptatie.indicia-interactiv.nl\/de\/webshop\/echincell-organischer-echinacea\/"]}]},{"@type":"ImageObject","inLanguage":"de","@id":"https:\/\/springfieldnutra.acceptatie.indicia-interactiv.nl\/de\/webshop\/echincell-organischer-echinacea\/#primaryimage","url":"https:\/\/springfieldnutra.acceptatie.indicia-interactiv.nl\/app\/uploads\/2018\/01\/Echincell-3-voudig-gestandaardiseerd-echinacea-helpt-het-immuunsysteem.jpg","contentUrl":"https:\/\/springfieldnutra.acceptatie.indicia-interactiv.nl\/app\/uploads\/2018\/01\/Echincell-3-voudig-gestandaardiseerd-echinacea-helpt-het-immuunsysteem.jpg","width":1340,"height":1520,"caption":"Echincell 3-voudig gestandaardiseerd echinacea helpt het immuunsysteem"},{"@type":"BreadcrumbList","@id":"https:\/\/springfieldnutra.acceptatie.indicia-interactiv.nl\/de\/webshop\/echincell-organischer-echinacea\/#breadcrumb","itemListElement":[{"@type":"ListItem","position":1,"name":"Home","item":"https:\/\/springfieldnutra.acceptatie.indicia-interactiv.nl\/de\/voorpagina\/"},{"@type":"ListItem","position":2,"name":"Webshop","item":"https:\/\/springfieldnutra.acceptatie.indicia-interactiv.nl\/de\/webshop\/"},{"@type":"ListItem","position":3,"name":"Echincell organischer Echinacea"}]},{"@type":"WebSite","@id":"https:\/\/springfieldnutra.acceptatie.indicia-interactiv.nl\/de\/#website","url":"https:\/\/springfieldnutra.acceptatie.indicia-interactiv.nl\/de\/","name":"Springfield Nutraceuticals","description":"Voeding kan een positieve bijdrage leveren aan onze gezondheid.","publisher":{"@id":"https:\/\/springfieldnutra.acceptatie.indicia-interactiv.nl\/de\/#organization"},"potentialAction":[{"@type":"SearchAction","target":{"@type":"EntryPoint","urlTemplate":"https:\/\/springfieldnutra.acceptatie.indicia-interactiv.nl\/de\/?s={search_term_string}"},"query-input":{"@type":"PropertyValueSpecification","valueRequired":true,"valueName":"search_term_string"}}],"inLanguage":"de"},{"@type":"Organization","@id":"https:\/\/springfieldnutra.acceptatie.indicia-interactiv.nl\/de\/#organization","name":"Springfield Nutraceuticals","url":"https:\/\/springfieldnutra.acceptatie.indicia-interactiv.nl\/de\/","logo":{"@type":"ImageObject","inLanguage":"de","@id":"https:\/\/springfieldnutra.acceptatie.indicia-interactiv.nl\/de\/#\/schema\/logo\/image\/","url":"https:\/\/springfieldnutra.acceptatie.indicia-interactiv.nl\/app\/uploads\/2018\/01\/Logo_Springfield.png","contentUrl":"https:\/\/springfieldnutra.acceptatie.indicia-interactiv.nl\/app\/uploads\/2018\/01\/Logo_Springfield.png","width":213,"height":46,"caption":"Springfield Nutraceuticals"},"image":{"@id":"https:\/\/springfieldnutra.acceptatie.indicia-interactiv.nl\/de\/#\/schema\/logo\/image\/"},"sameAs":["https:\/\/www.facebook.com\/springfieldnutra\/about\/","https:\/\/x.com\/SpringfieldNutr","https:\/\/www.instagram.com\/springfieldnutra\/","https:\/\/www.linkedin.com\/company\/1665278","https:\/\/www.youtube.com\/channel\/UCI6lSWwNNHEzJ0SUTsgljvQ\/about"]}]},"product_price_amount":"14.50","product_price_currency":"EUR","og_availability":"instock","product_availability":"instock","product_retailer_item_id":"21182","product_condition":"new"},"_links":{"self":[{"href":"https:\/\/springfieldnutra.acceptatie.indicia-interactiv.nl\/de\/wp-json\/wp\/v2\/product\/17605","targetHints":{"allow":["GET"]}}],"collection":[{"href":"https:\/\/springfieldnutra.acceptatie.indicia-interactiv.nl\/de\/wp-json\/wp\/v2\/product"}],"about":[{"href":"https:\/\/springfieldnutra.acceptatie.indicia-interactiv.nl\/de\/wp-json\/wp\/v2\/types\/product"}],"replies":[{"embeddable":true,"href":"https:\/\/springfieldnutra.acceptatie.indicia-interactiv.nl\/de\/wp-json\/wp\/v2\/comments?post=17605"}],"wp:featuredmedia":[{"embeddable":true,"href":"https:\/\/springfieldnutra.acceptatie.indicia-interactiv.nl\/de\/wp-json\/wp\/v2\/media\/20334"}],"wp:attachment":[{"href":"https:\/\/springfieldnutra.acceptatie.indicia-interactiv.nl\/de\/wp-json\/wp\/v2\/media?parent=17605"}],"wp:term":[{"taxonomy":"product_brand","embeddable":true,"href":"https:\/\/springfieldnutra.acceptatie.indicia-interactiv.nl\/de\/wp-json\/wp\/v2\/product_brand?post=17605"},{"taxonomy":"product_cat","embeddable":true,"href":"https:\/\/springfieldnutra.acceptatie.indicia-interactiv.nl\/de\/wp-json\/wp\/v2\/product_cat?post=17605"},{"taxonomy":"product_tag","embeddable":true,"href":"https:\/\/springfieldnutra.acceptatie.indicia-interactiv.nl\/de\/wp-json\/wp\/v2\/product_tag?post=17605"}],"curies":[{"name":"wp","href":"https:\/\/api.w.org\/{rel}","templated":true}]}}