{"id":17926,"date":"2020-03-25T11:04:32","date_gmt":"2020-03-25T10:04:32","guid":{"rendered":"http:\/\/springfieldnutra.acceptatie.indicia-interactiv.nl\/webshop\/ester-c-vitamin-c-mit\/"},"modified":"2022-09-21T16:42:49","modified_gmt":"2022-09-21T14:42:49","slug":"ester-c-vitamin-c-mit","status":"publish","type":"product","link":"https:\/\/springfieldnutra.acceptatie.indicia-interactiv.nl\/de\/webshop\/ester-c-vitamin-c-mit\/","title":{"rendered":"Ester-C Vitamin C mit Bioflavono\u00efden"},"content":{"rendered":"<h4>Verzehrsempfehlung<\/h4>\n<p><strong>Kapseln<\/strong>:<br \/>\n1 Kapsel t\u00e4glich, vorzugsweise w\u00e4hrend oder nach einer Mahlzeit; bei Bedarf bis zu 3 Kapseln t\u00e4glich.<\/p>\n<p><strong>Pulver<\/strong>:<br \/>\n1 \u2013 2 x t\u00e4glich einen vollen Messl\u00f6ffel* in Fl\u00fcssigkeit (z.B. Saft); am besten zur oder nach der Mahlzeit.<\/p>\n<p><em>*Messl\u00f6ffel in der Packung<\/em><\/p>\n<p><em>Die angegebene empfohlene t\u00e4gliche Verzehrsmenge darf nicht \u00fcberschritten werden.<\/em><\/p>\n<p><em>Nahrungserg\u00e4nzungsmittel sind kein Ersatz f\u00fcr eine abwechslungsreiche und ausgewogene Ern\u00e4hrung sowie eine gesunde Lebensweise.<\/em><br \/>\n<em>Nahrungserg\u00e4nzungsmittel au\u00dferhalb der Reichweite von kleinen Kindern lagern.<\/em><br \/>\n<em>Bitte k\u00fchl und trocken aufbewahren.<\/em><\/p>\n<div id=\"ufxu2h-accordion\" class=\"product-accordion__item-content\" role=\"region\" data-tab-content=\"\" aria-labelledby=\"ufxu2h-accordion-label\" aria-hidden=\"false\">\n<p><strong>Kapseln:<\/strong><br \/>\n1 Kapsel t\u00e4glich, vorzugsweise w\u00e4hrend oder nach einer Mahlzeit; bei Bedarf bis zu 3 Kapseln t\u00e4glich.<\/p>\n<p><strong>Pulver:<\/strong><br \/>\n1 \u2013 2 x t\u00e4glich einen vollen Messl\u00f6ffel* in Fl\u00fcssigkeit (z.B. Saft); am besten zur oder nach der Mahlzeit.<\/p>\n<p><em>*Messl\u00f6ffel in der Packung<\/em><\/p>\n<p><em>Die angegebene empfohlene t\u00e4gliche Verzehrsmenge darf nicht \u00fcberschritten werden.<\/em><\/p>\n<p><em>Nahrungserg\u00e4nzungsmittel sind kein Ersatz f\u00fcr eine abwechslungsreiche und ausgewogene Ern\u00e4hrung sowie eine gesunde Lebensweise.<br \/>\n<\/em><em>Nahrungserg\u00e4nzungsmittel au\u00dferhalb der Reichweite von kleinen Kindern lagern.<br \/>\n<\/em><em>Bitte k\u00fchl und trocken aufbewahren.<\/em><\/p>\n<\/div>\n","protected":false},"excerpt":{"rendered":"<ul>\n<li>Vitamin C mit bioflavono\u00efden<\/li>\n<li>Ester-C wird doppelt so schnell vom K\u00f6rper aufgenommen wie reines Vitamin C und bleibt auch doppelt so lange im K\u00f6rper.<\/li>\n<\/ul>\n","protected":false},"featured_media":20508,"comment_status":"open","ping_status":"closed","template":"","meta":{"_acf_changed":false},"product_brand":[],"product_cat":[8557,9193,8568,8565],"product_tag":[8566,9194,8570],"class_list":{"0":"post-17926","1":"product","2":"type-product","3":"status-publish","4":"has-post-thumbnail","6":"product_cat-immunsystem","7":"product_cat-vegan-de","8":"product_cat-vitamin-c-de","9":"product_cat-vitaminen","10":"product_tag-immuunfunctie-de","11":"product_tag-vegan-de","12":"product_tag-vitamin-c","14":"first","15":"instock","16":"taxable","17":"shipping-taxable","18":"purchasable","19":"product-type-variable","20":"has-default-attributes"},"acf":[],"yoast_head":"<!-- This site is optimized with the Yoast SEO Premium plugin v27.1 (Yoast SEO v27.1.1) - https:\/\/yoast.com\/product\/yoast-seo-premium-wordpress\/ -->\n<title>Ester-C Vitamin C mit Bioflavono\u00efden | Springfield Nutraceuticals<\/title>\n<meta name=\"robots\" content=\"noindex, follow, max-snippet:-1, max-image-preview:large, max-video-preview:-1\" \/>\n<meta property=\"og:locale\" content=\"de_DE\" \/>\n<meta property=\"og:type\" content=\"article\" \/>\n<meta property=\"og:title\" content=\"Ester-C Vitamin C mit Bioflavono\u00efden\" \/>\n<meta property=\"og:description\" content=\"Vitamin C mit bioflavono\u00efden  Ester-C wird doppelt so schnell vom K\u00f6rper aufgenommen wie reines Vitamin C und bleibt auch doppelt so lange im K\u00f6rper.\" \/>\n<meta property=\"og:url\" content=\"https:\/\/springfieldnutra.acceptatie.indicia-interactiv.nl\/de\/webshop\/ester-c-vitamin-c-mit\/\" \/>\n<meta property=\"og:site_name\" content=\"Springfield Nutraceuticals\" \/>\n<meta property=\"article:publisher\" content=\"https:\/\/www.facebook.com\/springfieldnutra\/about\/\" \/>\n<meta property=\"article:modified_time\" content=\"2022-09-21T14:42:49+00:00\" \/>\n<meta property=\"og:image\" content=\"https:\/\/springfieldnutra.acceptatie.indicia-interactiv.nl\/app\/uploads\/2018\/01\/Ester-C-gebufferde-vitamine-C-voor-een-snelle-opname-goed-voor-het-immuunsysteem-60-V-capsules.jpg\" \/>\n\t<meta property=\"og:image:width\" content=\"1340\" \/>\n\t<meta property=\"og:image:height\" content=\"1520\" \/>\n\t<meta property=\"og:image:type\" content=\"image\/jpeg\" \/>\n<meta name=\"twitter:card\" content=\"summary_large_image\" \/>\n<meta name=\"twitter:site\" content=\"@SpringfieldNutr\" \/>\n<meta name=\"twitter:label1\" content=\"Availability\" \/>\n\t<meta name=\"twitter:data1\" content=\"In stock\" \/>\n<script type=\"application\/ld+json\" class=\"yoast-schema-graph\">{\"@context\":\"https:\/\/schema.org\",\"@graph\":[{\"@type\":\"WebPage\",\"@id\":\"https:\/\/springfieldnutra.acceptatie.indicia-interactiv.nl\/de\/webshop\/ester-c-vitamin-c-mit\/\",\"url\":\"https:\/\/springfieldnutra.acceptatie.indicia-interactiv.nl\/de\/webshop\/ester-c-vitamin-c-mit\/\",\"name\":\"Ester-C Vitamin C mit Bioflavono\u00efden | Springfield Nutraceuticals\",\"isPartOf\":{\"@id\":\"https:\/\/springfieldnutra.acceptatie.indicia-interactiv.nl\/de\/#website\"},\"primaryImageOfPage\":{\"@id\":\"https:\/\/springfieldnutra.acceptatie.indicia-interactiv.nl\/de\/webshop\/ester-c-vitamin-c-mit\/#primaryimage\"},\"image\":{\"@id\":\"https:\/\/springfieldnutra.acceptatie.indicia-interactiv.nl\/de\/webshop\/ester-c-vitamin-c-mit\/#primaryimage\"},\"thumbnailUrl\":\"https:\/\/springfieldnutra.acceptatie.indicia-interactiv.nl\/app\/uploads\/2018\/01\/Ester-C-gebufferde-vitamine-C-voor-een-snelle-opname-goed-voor-het-immuunsysteem-60-V-capsules.jpg\",\"datePublished\":\"2020-03-25T10:04:32+00:00\",\"dateModified\":\"2022-09-21T14:42:49+00:00\",\"breadcrumb\":{\"@id\":\"https:\/\/springfieldnutra.acceptatie.indicia-interactiv.nl\/de\/webshop\/ester-c-vitamin-c-mit\/#breadcrumb\"},\"inLanguage\":\"de\",\"potentialAction\":[{\"@type\":\"ReadAction\",\"target\":[\"https:\/\/springfieldnutra.acceptatie.indicia-interactiv.nl\/de\/webshop\/ester-c-vitamin-c-mit\/\"]}]},{\"@type\":\"ImageObject\",\"inLanguage\":\"de\",\"@id\":\"https:\/\/springfieldnutra.acceptatie.indicia-interactiv.nl\/de\/webshop\/ester-c-vitamin-c-mit\/#primaryimage\",\"url\":\"https:\/\/springfieldnutra.acceptatie.indicia-interactiv.nl\/app\/uploads\/2018\/01\/Ester-C-gebufferde-vitamine-C-voor-een-snelle-opname-goed-voor-het-immuunsysteem-60-V-capsules.jpg\",\"contentUrl\":\"https:\/\/springfieldnutra.acceptatie.indicia-interactiv.nl\/app\/uploads\/2018\/01\/Ester-C-gebufferde-vitamine-C-voor-een-snelle-opname-goed-voor-het-immuunsysteem-60-V-capsules.jpg\",\"width\":1340,\"height\":1520,\"caption\":\"Ester-C gebufferde vitamine C voor een snelle opname\"},{\"@type\":\"BreadcrumbList\",\"@id\":\"https:\/\/springfieldnutra.acceptatie.indicia-interactiv.nl\/de\/webshop\/ester-c-vitamin-c-mit\/#breadcrumb\",\"itemListElement\":[{\"@type\":\"ListItem\",\"position\":1,\"name\":\"Home\",\"item\":\"https:\/\/springfieldnutra.acceptatie.indicia-interactiv.nl\/de\/voorpagina\/\"},{\"@type\":\"ListItem\",\"position\":2,\"name\":\"Webshop\",\"item\":\"https:\/\/springfieldnutra.acceptatie.indicia-interactiv.nl\/de\/webshop\/\"},{\"@type\":\"ListItem\",\"position\":3,\"name\":\"Ester-C Vitamin C mit Bioflavono\u00efden\"}]},{\"@type\":\"WebSite\",\"@id\":\"https:\/\/springfieldnutra.acceptatie.indicia-interactiv.nl\/de\/#website\",\"url\":\"https:\/\/springfieldnutra.acceptatie.indicia-interactiv.nl\/de\/\",\"name\":\"Springfield Nutraceuticals\",\"description\":\"Voeding kan een positieve bijdrage leveren aan onze gezondheid.\",\"publisher\":{\"@id\":\"https:\/\/springfieldnutra.acceptatie.indicia-interactiv.nl\/de\/#organization\"},\"potentialAction\":[{\"@type\":\"SearchAction\",\"target\":{\"@type\":\"EntryPoint\",\"urlTemplate\":\"https:\/\/springfieldnutra.acceptatie.indicia-interactiv.nl\/de\/?s={search_term_string}\"},\"query-input\":{\"@type\":\"PropertyValueSpecification\",\"valueRequired\":true,\"valueName\":\"search_term_string\"}}],\"inLanguage\":\"de\"},{\"@type\":\"Organization\",\"@id\":\"https:\/\/springfieldnutra.acceptatie.indicia-interactiv.nl\/de\/#organization\",\"name\":\"Springfield Nutraceuticals\",\"url\":\"https:\/\/springfieldnutra.acceptatie.indicia-interactiv.nl\/de\/\",\"logo\":{\"@type\":\"ImageObject\",\"inLanguage\":\"de\",\"@id\":\"https:\/\/springfieldnutra.acceptatie.indicia-interactiv.nl\/de\/#\/schema\/logo\/image\/\",\"url\":\"https:\/\/springfieldnutra.acceptatie.indicia-interactiv.nl\/app\/uploads\/2018\/01\/Logo_Springfield.png\",\"contentUrl\":\"https:\/\/springfieldnutra.acceptatie.indicia-interactiv.nl\/app\/uploads\/2018\/01\/Logo_Springfield.png\",\"width\":213,\"height\":46,\"caption\":\"Springfield Nutraceuticals\"},\"image\":{\"@id\":\"https:\/\/springfieldnutra.acceptatie.indicia-interactiv.nl\/de\/#\/schema\/logo\/image\/\"},\"sameAs\":[\"https:\/\/www.facebook.com\/springfieldnutra\/about\/\",\"https:\/\/x.com\/SpringfieldNutr\",\"https:\/\/www.instagram.com\/springfieldnutra\/\",\"https:\/\/www.linkedin.com\/company\/1665278\",\"https:\/\/www.youtube.com\/channel\/UCI6lSWwNNHEzJ0SUTsgljvQ\/about\"]}]}<\/script>\n<meta property=\"og:availability\" content=\"instock\" \/>\n<meta property=\"product:availability\" content=\"instock\" \/>\n<meta property=\"product:condition\" content=\"new\" \/>\n<!-- \/ Yoast SEO Premium plugin. -->","yoast_head_json":{"title":"Ester-C Vitamin C mit Bioflavono\u00efden | Springfield Nutraceuticals","robots":{"index":"noindex","follow":"follow","max-snippet":"max-snippet:-1","max-image-preview":"max-image-preview:large","max-video-preview":"max-video-preview:-1"},"og_locale":"de_DE","og_type":"article","og_title":"Ester-C Vitamin C mit Bioflavono\u00efden","og_description":"Vitamin C mit bioflavono\u00efden  Ester-C wird doppelt so schnell vom K\u00f6rper aufgenommen wie reines Vitamin C und bleibt auch doppelt so lange im K\u00f6rper.","og_url":"https:\/\/springfieldnutra.acceptatie.indicia-interactiv.nl\/de\/webshop\/ester-c-vitamin-c-mit\/","og_site_name":"Springfield Nutraceuticals","article_publisher":"https:\/\/www.facebook.com\/springfieldnutra\/about\/","article_modified_time":"2022-09-21T14:42:49+00:00","og_image":[{"width":1340,"height":1520,"url":"https:\/\/springfieldnutra.acceptatie.indicia-interactiv.nl\/app\/uploads\/2018\/01\/Ester-C-gebufferde-vitamine-C-voor-een-snelle-opname-goed-voor-het-immuunsysteem-60-V-capsules.jpg","type":"image\/jpeg"}],"twitter_card":"summary_large_image","twitter_site":"@SpringfieldNutr","twitter_misc":{"Availability":"In stock"},"schema":{"@context":"https:\/\/schema.org","@graph":[{"@type":"WebPage","@id":"https:\/\/springfieldnutra.acceptatie.indicia-interactiv.nl\/de\/webshop\/ester-c-vitamin-c-mit\/","url":"https:\/\/springfieldnutra.acceptatie.indicia-interactiv.nl\/de\/webshop\/ester-c-vitamin-c-mit\/","name":"Ester-C Vitamin C mit Bioflavono\u00efden | Springfield Nutraceuticals","isPartOf":{"@id":"https:\/\/springfieldnutra.acceptatie.indicia-interactiv.nl\/de\/#website"},"primaryImageOfPage":{"@id":"https:\/\/springfieldnutra.acceptatie.indicia-interactiv.nl\/de\/webshop\/ester-c-vitamin-c-mit\/#primaryimage"},"image":{"@id":"https:\/\/springfieldnutra.acceptatie.indicia-interactiv.nl\/de\/webshop\/ester-c-vitamin-c-mit\/#primaryimage"},"thumbnailUrl":"https:\/\/springfieldnutra.acceptatie.indicia-interactiv.nl\/app\/uploads\/2018\/01\/Ester-C-gebufferde-vitamine-C-voor-een-snelle-opname-goed-voor-het-immuunsysteem-60-V-capsules.jpg","datePublished":"2020-03-25T10:04:32+00:00","dateModified":"2022-09-21T14:42:49+00:00","breadcrumb":{"@id":"https:\/\/springfieldnutra.acceptatie.indicia-interactiv.nl\/de\/webshop\/ester-c-vitamin-c-mit\/#breadcrumb"},"inLanguage":"de","potentialAction":[{"@type":"ReadAction","target":["https:\/\/springfieldnutra.acceptatie.indicia-interactiv.nl\/de\/webshop\/ester-c-vitamin-c-mit\/"]}]},{"@type":"ImageObject","inLanguage":"de","@id":"https:\/\/springfieldnutra.acceptatie.indicia-interactiv.nl\/de\/webshop\/ester-c-vitamin-c-mit\/#primaryimage","url":"https:\/\/springfieldnutra.acceptatie.indicia-interactiv.nl\/app\/uploads\/2018\/01\/Ester-C-gebufferde-vitamine-C-voor-een-snelle-opname-goed-voor-het-immuunsysteem-60-V-capsules.jpg","contentUrl":"https:\/\/springfieldnutra.acceptatie.indicia-interactiv.nl\/app\/uploads\/2018\/01\/Ester-C-gebufferde-vitamine-C-voor-een-snelle-opname-goed-voor-het-immuunsysteem-60-V-capsules.jpg","width":1340,"height":1520,"caption":"Ester-C gebufferde vitamine C voor een snelle opname"},{"@type":"BreadcrumbList","@id":"https:\/\/springfieldnutra.acceptatie.indicia-interactiv.nl\/de\/webshop\/ester-c-vitamin-c-mit\/#breadcrumb","itemListElement":[{"@type":"ListItem","position":1,"name":"Home","item":"https:\/\/springfieldnutra.acceptatie.indicia-interactiv.nl\/de\/voorpagina\/"},{"@type":"ListItem","position":2,"name":"Webshop","item":"https:\/\/springfieldnutra.acceptatie.indicia-interactiv.nl\/de\/webshop\/"},{"@type":"ListItem","position":3,"name":"Ester-C Vitamin C mit Bioflavono\u00efden"}]},{"@type":"WebSite","@id":"https:\/\/springfieldnutra.acceptatie.indicia-interactiv.nl\/de\/#website","url":"https:\/\/springfieldnutra.acceptatie.indicia-interactiv.nl\/de\/","name":"Springfield Nutraceuticals","description":"Voeding kan een positieve bijdrage leveren aan onze gezondheid.","publisher":{"@id":"https:\/\/springfieldnutra.acceptatie.indicia-interactiv.nl\/de\/#organization"},"potentialAction":[{"@type":"SearchAction","target":{"@type":"EntryPoint","urlTemplate":"https:\/\/springfieldnutra.acceptatie.indicia-interactiv.nl\/de\/?s={search_term_string}"},"query-input":{"@type":"PropertyValueSpecification","valueRequired":true,"valueName":"search_term_string"}}],"inLanguage":"de"},{"@type":"Organization","@id":"https:\/\/springfieldnutra.acceptatie.indicia-interactiv.nl\/de\/#organization","name":"Springfield Nutraceuticals","url":"https:\/\/springfieldnutra.acceptatie.indicia-interactiv.nl\/de\/","logo":{"@type":"ImageObject","inLanguage":"de","@id":"https:\/\/springfieldnutra.acceptatie.indicia-interactiv.nl\/de\/#\/schema\/logo\/image\/","url":"https:\/\/springfieldnutra.acceptatie.indicia-interactiv.nl\/app\/uploads\/2018\/01\/Logo_Springfield.png","contentUrl":"https:\/\/springfieldnutra.acceptatie.indicia-interactiv.nl\/app\/uploads\/2018\/01\/Logo_Springfield.png","width":213,"height":46,"caption":"Springfield Nutraceuticals"},"image":{"@id":"https:\/\/springfieldnutra.acceptatie.indicia-interactiv.nl\/de\/#\/schema\/logo\/image\/"},"sameAs":["https:\/\/www.facebook.com\/springfieldnutra\/about\/","https:\/\/x.com\/SpringfieldNutr","https:\/\/www.instagram.com\/springfieldnutra\/","https:\/\/www.linkedin.com\/company\/1665278","https:\/\/www.youtube.com\/channel\/UCI6lSWwNNHEzJ0SUTsgljvQ\/about"]}]},"og_availability":"instock","product_availability":"instock","product_condition":"new"},"_links":{"self":[{"href":"https:\/\/springfieldnutra.acceptatie.indicia-interactiv.nl\/de\/wp-json\/wp\/v2\/product\/17926","targetHints":{"allow":["GET"]}}],"collection":[{"href":"https:\/\/springfieldnutra.acceptatie.indicia-interactiv.nl\/de\/wp-json\/wp\/v2\/product"}],"about":[{"href":"https:\/\/springfieldnutra.acceptatie.indicia-interactiv.nl\/de\/wp-json\/wp\/v2\/types\/product"}],"replies":[{"embeddable":true,"href":"https:\/\/springfieldnutra.acceptatie.indicia-interactiv.nl\/de\/wp-json\/wp\/v2\/comments?post=17926"}],"wp:featuredmedia":[{"embeddable":true,"href":"https:\/\/springfieldnutra.acceptatie.indicia-interactiv.nl\/de\/wp-json\/wp\/v2\/media\/20508"}],"wp:attachment":[{"href":"https:\/\/springfieldnutra.acceptatie.indicia-interactiv.nl\/de\/wp-json\/wp\/v2\/media?parent=17926"}],"wp:term":[{"taxonomy":"product_brand","embeddable":true,"href":"https:\/\/springfieldnutra.acceptatie.indicia-interactiv.nl\/de\/wp-json\/wp\/v2\/product_brand?post=17926"},{"taxonomy":"product_cat","embeddable":true,"href":"https:\/\/springfieldnutra.acceptatie.indicia-interactiv.nl\/de\/wp-json\/wp\/v2\/product_cat?post=17926"},{"taxonomy":"product_tag","embeddable":true,"href":"https:\/\/springfieldnutra.acceptatie.indicia-interactiv.nl\/de\/wp-json\/wp\/v2\/product_tag?post=17926"}],"curies":[{"name":"wp","href":"https:\/\/api.w.org\/{rel}","templated":true}]}}