{"id":17933,"date":"2020-03-25T11:04:01","date_gmt":"2020-03-25T10:04:01","guid":{"rendered":"http:\/\/springfieldnutra.acceptatie.indicia-interactiv.nl\/webshop\/dj-repair-de\/"},"modified":"2022-07-26T16:00:58","modified_gmt":"2022-07-26T14:00:58","slug":"dj-repair-de","status":"publish","type":"product","link":"https:\/\/springfieldnutra.acceptatie.indicia-interactiv.nl\/de\/webshop\/dj-repair-de\/","title":{"rendered":"DJ Repair &#8211; Komplex von L-Glutamin, N-Acetyl-L-Cystein und Zink-L-Methionin"},"content":{"rendered":"<h4>Verzehrsempfehlung<\/h4>\n<p>1 x t\u00e4glich 5525 mg = ein geh\u00e4ufter Messl\u00f6ffel mindestens eine halbe Stunde vor den Mahlzeiten in Wasser oder einem anderen kalten Getr\u00e4nk, z. B. Saft, aufl\u00f6sen.<\/p>\n<p><strong>Hinweise<\/strong><br \/>\nNicht anwenden w\u00e4hrend Schwangerschaft und Stillzeit.<\/p>\n<p><em>Die angegebene empfohlene t\u00e4gliche Verzehrsmenge darf nicht \u00fcberschritten werden.<\/em><\/p>\n<p><em>Nahrungserg\u00e4nzungsmittel sind kein Ersatz f\u00fcr eine abwechslungsreiche und ausgewogene Ern\u00e4hrung sowie eine gesunde Lebensweise.<br \/>\n<\/em><em>Nahrungserg\u00e4nzungsmittel au\u00dferhalb der Reichweite von kleinen Kindern lagern.<br \/>\n<\/em><em>Bitte k\u00fchl und trocken aufbewahren.<\/em><\/p>\n","protected":false},"excerpt":{"rendered":"<ul>\n<li>Komplex von L-Glutamin, N-Acetyl-L-Cystein (NAC) und Zink L-Methionin<\/li>\n<li><span class=\"VIiyi\" lang=\"de\"><span class=\"JLqJ4b ChMk0b C1N51c\" data-language-for-alternatives=\"de\" data-language-to-translate-into=\"en\" data-phrase-index=\"0\" data-number-of-phrases=\"1\"><span class=\"Q4iAWc\">Enthalt wichtige N\u00e4hrstoffe f\u00fcr die Darmschleimhaut<br \/>\n<\/span><\/span><\/span><\/li>\n<li>Zink tr\u00e4gt u. a. zu einem normalen Stoffwechsel von Makron\u00e4hrstoffen bei<\/li>\n<\/ul>\n","protected":false},"featured_media":27530,"comment_status":"open","ping_status":"closed","template":"","meta":{"_acf_changed":false},"product_brand":[],"product_cat":[8815,8753,8539],"product_tag":[8816,9194,8542,8790],"class_list":{"0":"post-17933","1":"product","2":"type-product","3":"status-publish","4":"has-post-thumbnail","6":"product_cat-aminozuren-de","7":"product_cat-speciale-supplementen-de","8":"product_cat-verdauung","9":"product_tag-nac-de","10":"product_tag-vegan-de","11":"product_tag-verdauung","12":"product_tag-zink-de","14":"first","15":"instock","16":"taxable","17":"shipping-taxable","18":"purchasable","19":"product-type-variable","20":"has-default-attributes"},"acf":[],"yoast_head":"<!-- This site is optimized with the Yoast SEO Premium plugin v27.1 (Yoast SEO v27.1.1) - https:\/\/yoast.com\/product\/yoast-seo-premium-wordpress\/ -->\n<title>DJ Repair - Komplex von L-Glutamin, N-Acetyl-L-Cystein und Zink-L-Methionin | Springfield Nutraceuticals<\/title>\n<meta name=\"robots\" content=\"noindex, follow, max-snippet:-1, max-image-preview:large, max-video-preview:-1\" \/>\n<meta property=\"og:locale\" content=\"de_DE\" \/>\n<meta property=\"og:type\" content=\"article\" \/>\n<meta property=\"og:title\" content=\"DJ Repair - Komplex von L-Glutamin, N-Acetyl-L-Cystein und Zink-L-Methionin\" \/>\n<meta property=\"og:description\" content=\"Komplex von L-Glutamin, N-Acetyl-L-Cystein (NAC) und Zink L-Methionin  Enthalt wichtige N\u00e4hrstoffe f\u00fcr die Darmschleimhaut   Zink tr\u00e4gt u. a. zu einem normalen Stoffwechsel von Makron\u00e4hrstoffen bei\" \/>\n<meta property=\"og:url\" content=\"https:\/\/springfieldnutra.acceptatie.indicia-interactiv.nl\/de\/webshop\/dj-repair-de\/\" \/>\n<meta property=\"og:site_name\" content=\"Springfield Nutraceuticals\" \/>\n<meta property=\"article:publisher\" content=\"https:\/\/www.facebook.com\/springfieldnutra\/about\/\" \/>\n<meta property=\"article:modified_time\" content=\"2022-07-26T14:00:58+00:00\" \/>\n<meta property=\"og:image\" content=\"https:\/\/springfieldnutra.acceptatie.indicia-interactiv.nl\/app\/uploads\/2018\/01\/DJ-Repair-met-glutamine-NAC-Zink-L-Methionine-Vegan--scaled.jpg\" \/>\n\t<meta property=\"og:image:width\" content=\"2257\" \/>\n\t<meta property=\"og:image:height\" content=\"2560\" \/>\n\t<meta property=\"og:image:type\" content=\"image\/jpeg\" \/>\n<meta name=\"twitter:card\" content=\"summary_large_image\" \/>\n<meta name=\"twitter:site\" content=\"@SpringfieldNutr\" \/>\n<meta name=\"twitter:label1\" content=\"Availability\" \/>\n\t<meta name=\"twitter:data1\" content=\"In stock\" \/>\n<script type=\"application\/ld+json\" class=\"yoast-schema-graph\">{\"@context\":\"https:\/\/schema.org\",\"@graph\":[{\"@type\":\"WebPage\",\"@id\":\"https:\/\/springfieldnutra.acceptatie.indicia-interactiv.nl\/de\/webshop\/dj-repair-de\/\",\"url\":\"https:\/\/springfieldnutra.acceptatie.indicia-interactiv.nl\/de\/webshop\/dj-repair-de\/\",\"name\":\"DJ Repair - Komplex von L-Glutamin, N-Acetyl-L-Cystein und Zink-L-Methionin | Springfield Nutraceuticals\",\"isPartOf\":{\"@id\":\"https:\/\/springfieldnutra.acceptatie.indicia-interactiv.nl\/de\/#website\"},\"primaryImageOfPage\":{\"@id\":\"https:\/\/springfieldnutra.acceptatie.indicia-interactiv.nl\/de\/webshop\/dj-repair-de\/#primaryimage\"},\"image\":{\"@id\":\"https:\/\/springfieldnutra.acceptatie.indicia-interactiv.nl\/de\/webshop\/dj-repair-de\/#primaryimage\"},\"thumbnailUrl\":\"https:\/\/springfieldnutra.acceptatie.indicia-interactiv.nl\/app\/uploads\/2018\/01\/DJ-Repair-met-glutamine-NAC-Zink-L-Methionine-Vegan--scaled.jpg\",\"datePublished\":\"2020-03-25T10:04:01+00:00\",\"dateModified\":\"2022-07-26T14:00:58+00:00\",\"breadcrumb\":{\"@id\":\"https:\/\/springfieldnutra.acceptatie.indicia-interactiv.nl\/de\/webshop\/dj-repair-de\/#breadcrumb\"},\"inLanguage\":\"de\",\"potentialAction\":[{\"@type\":\"ReadAction\",\"target\":[\"https:\/\/springfieldnutra.acceptatie.indicia-interactiv.nl\/de\/webshop\/dj-repair-de\/\"]}]},{\"@type\":\"ImageObject\",\"inLanguage\":\"de\",\"@id\":\"https:\/\/springfieldnutra.acceptatie.indicia-interactiv.nl\/de\/webshop\/dj-repair-de\/#primaryimage\",\"url\":\"https:\/\/springfieldnutra.acceptatie.indicia-interactiv.nl\/app\/uploads\/2018\/01\/DJ-Repair-met-glutamine-NAC-Zink-L-Methionine-Vegan--scaled.jpg\",\"contentUrl\":\"https:\/\/springfieldnutra.acceptatie.indicia-interactiv.nl\/app\/uploads\/2018\/01\/DJ-Repair-met-glutamine-NAC-Zink-L-Methionine-Vegan--scaled.jpg\",\"width\":2257,\"height\":2560,\"caption\":\"DJ-Repair met glutamine, NAC, Zink-L-Methionine - Vegan\"},{\"@type\":\"BreadcrumbList\",\"@id\":\"https:\/\/springfieldnutra.acceptatie.indicia-interactiv.nl\/de\/webshop\/dj-repair-de\/#breadcrumb\",\"itemListElement\":[{\"@type\":\"ListItem\",\"position\":1,\"name\":\"Home\",\"item\":\"https:\/\/springfieldnutra.acceptatie.indicia-interactiv.nl\/de\/voorpagina\/\"},{\"@type\":\"ListItem\",\"position\":2,\"name\":\"Webshop\",\"item\":\"https:\/\/springfieldnutra.acceptatie.indicia-interactiv.nl\/de\/webshop\/\"},{\"@type\":\"ListItem\",\"position\":3,\"name\":\"DJ Repair &#8211; Komplex von L-Glutamin, N-Acetyl-L-Cystein und Zink-L-Methionin\"}]},{\"@type\":\"WebSite\",\"@id\":\"https:\/\/springfieldnutra.acceptatie.indicia-interactiv.nl\/de\/#website\",\"url\":\"https:\/\/springfieldnutra.acceptatie.indicia-interactiv.nl\/de\/\",\"name\":\"Springfield Nutraceuticals\",\"description\":\"Voeding kan een positieve bijdrage leveren aan onze gezondheid.\",\"publisher\":{\"@id\":\"https:\/\/springfieldnutra.acceptatie.indicia-interactiv.nl\/de\/#organization\"},\"potentialAction\":[{\"@type\":\"SearchAction\",\"target\":{\"@type\":\"EntryPoint\",\"urlTemplate\":\"https:\/\/springfieldnutra.acceptatie.indicia-interactiv.nl\/de\/?s={search_term_string}\"},\"query-input\":{\"@type\":\"PropertyValueSpecification\",\"valueRequired\":true,\"valueName\":\"search_term_string\"}}],\"inLanguage\":\"de\"},{\"@type\":\"Organization\",\"@id\":\"https:\/\/springfieldnutra.acceptatie.indicia-interactiv.nl\/de\/#organization\",\"name\":\"Springfield Nutraceuticals\",\"url\":\"https:\/\/springfieldnutra.acceptatie.indicia-interactiv.nl\/de\/\",\"logo\":{\"@type\":\"ImageObject\",\"inLanguage\":\"de\",\"@id\":\"https:\/\/springfieldnutra.acceptatie.indicia-interactiv.nl\/de\/#\/schema\/logo\/image\/\",\"url\":\"https:\/\/springfieldnutra.acceptatie.indicia-interactiv.nl\/app\/uploads\/2018\/01\/Logo_Springfield.png\",\"contentUrl\":\"https:\/\/springfieldnutra.acceptatie.indicia-interactiv.nl\/app\/uploads\/2018\/01\/Logo_Springfield.png\",\"width\":213,\"height\":46,\"caption\":\"Springfield Nutraceuticals\"},\"image\":{\"@id\":\"https:\/\/springfieldnutra.acceptatie.indicia-interactiv.nl\/de\/#\/schema\/logo\/image\/\"},\"sameAs\":[\"https:\/\/www.facebook.com\/springfieldnutra\/about\/\",\"https:\/\/x.com\/SpringfieldNutr\",\"https:\/\/www.instagram.com\/springfieldnutra\/\",\"https:\/\/www.linkedin.com\/company\/1665278\",\"https:\/\/www.youtube.com\/channel\/UCI6lSWwNNHEzJ0SUTsgljvQ\/about\"]}]}<\/script>\n<meta property=\"og:availability\" content=\"instock\" \/>\n<meta property=\"product:availability\" content=\"instock\" \/>\n<meta property=\"product:condition\" content=\"new\" \/>\n<!-- \/ Yoast SEO Premium plugin. -->","yoast_head_json":{"title":"DJ Repair - Komplex von L-Glutamin, N-Acetyl-L-Cystein und Zink-L-Methionin | Springfield Nutraceuticals","robots":{"index":"noindex","follow":"follow","max-snippet":"max-snippet:-1","max-image-preview":"max-image-preview:large","max-video-preview":"max-video-preview:-1"},"og_locale":"de_DE","og_type":"article","og_title":"DJ Repair - Komplex von L-Glutamin, N-Acetyl-L-Cystein und Zink-L-Methionin","og_description":"Komplex von L-Glutamin, N-Acetyl-L-Cystein (NAC) und Zink L-Methionin  Enthalt wichtige N\u00e4hrstoffe f\u00fcr die Darmschleimhaut   Zink tr\u00e4gt u. a. zu einem normalen Stoffwechsel von Makron\u00e4hrstoffen bei","og_url":"https:\/\/springfieldnutra.acceptatie.indicia-interactiv.nl\/de\/webshop\/dj-repair-de\/","og_site_name":"Springfield Nutraceuticals","article_publisher":"https:\/\/www.facebook.com\/springfieldnutra\/about\/","article_modified_time":"2022-07-26T14:00:58+00:00","og_image":[{"width":2257,"height":2560,"url":"https:\/\/springfieldnutra.acceptatie.indicia-interactiv.nl\/app\/uploads\/2018\/01\/DJ-Repair-met-glutamine-NAC-Zink-L-Methionine-Vegan--scaled.jpg","type":"image\/jpeg"}],"twitter_card":"summary_large_image","twitter_site":"@SpringfieldNutr","twitter_misc":{"Availability":"In stock"},"schema":{"@context":"https:\/\/schema.org","@graph":[{"@type":"WebPage","@id":"https:\/\/springfieldnutra.acceptatie.indicia-interactiv.nl\/de\/webshop\/dj-repair-de\/","url":"https:\/\/springfieldnutra.acceptatie.indicia-interactiv.nl\/de\/webshop\/dj-repair-de\/","name":"DJ Repair - Komplex von L-Glutamin, N-Acetyl-L-Cystein und Zink-L-Methionin | Springfield Nutraceuticals","isPartOf":{"@id":"https:\/\/springfieldnutra.acceptatie.indicia-interactiv.nl\/de\/#website"},"primaryImageOfPage":{"@id":"https:\/\/springfieldnutra.acceptatie.indicia-interactiv.nl\/de\/webshop\/dj-repair-de\/#primaryimage"},"image":{"@id":"https:\/\/springfieldnutra.acceptatie.indicia-interactiv.nl\/de\/webshop\/dj-repair-de\/#primaryimage"},"thumbnailUrl":"https:\/\/springfieldnutra.acceptatie.indicia-interactiv.nl\/app\/uploads\/2018\/01\/DJ-Repair-met-glutamine-NAC-Zink-L-Methionine-Vegan--scaled.jpg","datePublished":"2020-03-25T10:04:01+00:00","dateModified":"2022-07-26T14:00:58+00:00","breadcrumb":{"@id":"https:\/\/springfieldnutra.acceptatie.indicia-interactiv.nl\/de\/webshop\/dj-repair-de\/#breadcrumb"},"inLanguage":"de","potentialAction":[{"@type":"ReadAction","target":["https:\/\/springfieldnutra.acceptatie.indicia-interactiv.nl\/de\/webshop\/dj-repair-de\/"]}]},{"@type":"ImageObject","inLanguage":"de","@id":"https:\/\/springfieldnutra.acceptatie.indicia-interactiv.nl\/de\/webshop\/dj-repair-de\/#primaryimage","url":"https:\/\/springfieldnutra.acceptatie.indicia-interactiv.nl\/app\/uploads\/2018\/01\/DJ-Repair-met-glutamine-NAC-Zink-L-Methionine-Vegan--scaled.jpg","contentUrl":"https:\/\/springfieldnutra.acceptatie.indicia-interactiv.nl\/app\/uploads\/2018\/01\/DJ-Repair-met-glutamine-NAC-Zink-L-Methionine-Vegan--scaled.jpg","width":2257,"height":2560,"caption":"DJ-Repair met glutamine, NAC, Zink-L-Methionine - Vegan"},{"@type":"BreadcrumbList","@id":"https:\/\/springfieldnutra.acceptatie.indicia-interactiv.nl\/de\/webshop\/dj-repair-de\/#breadcrumb","itemListElement":[{"@type":"ListItem","position":1,"name":"Home","item":"https:\/\/springfieldnutra.acceptatie.indicia-interactiv.nl\/de\/voorpagina\/"},{"@type":"ListItem","position":2,"name":"Webshop","item":"https:\/\/springfieldnutra.acceptatie.indicia-interactiv.nl\/de\/webshop\/"},{"@type":"ListItem","position":3,"name":"DJ Repair &#8211; Komplex von L-Glutamin, N-Acetyl-L-Cystein und Zink-L-Methionin"}]},{"@type":"WebSite","@id":"https:\/\/springfieldnutra.acceptatie.indicia-interactiv.nl\/de\/#website","url":"https:\/\/springfieldnutra.acceptatie.indicia-interactiv.nl\/de\/","name":"Springfield Nutraceuticals","description":"Voeding kan een positieve bijdrage leveren aan onze gezondheid.","publisher":{"@id":"https:\/\/springfieldnutra.acceptatie.indicia-interactiv.nl\/de\/#organization"},"potentialAction":[{"@type":"SearchAction","target":{"@type":"EntryPoint","urlTemplate":"https:\/\/springfieldnutra.acceptatie.indicia-interactiv.nl\/de\/?s={search_term_string}"},"query-input":{"@type":"PropertyValueSpecification","valueRequired":true,"valueName":"search_term_string"}}],"inLanguage":"de"},{"@type":"Organization","@id":"https:\/\/springfieldnutra.acceptatie.indicia-interactiv.nl\/de\/#organization","name":"Springfield Nutraceuticals","url":"https:\/\/springfieldnutra.acceptatie.indicia-interactiv.nl\/de\/","logo":{"@type":"ImageObject","inLanguage":"de","@id":"https:\/\/springfieldnutra.acceptatie.indicia-interactiv.nl\/de\/#\/schema\/logo\/image\/","url":"https:\/\/springfieldnutra.acceptatie.indicia-interactiv.nl\/app\/uploads\/2018\/01\/Logo_Springfield.png","contentUrl":"https:\/\/springfieldnutra.acceptatie.indicia-interactiv.nl\/app\/uploads\/2018\/01\/Logo_Springfield.png","width":213,"height":46,"caption":"Springfield Nutraceuticals"},"image":{"@id":"https:\/\/springfieldnutra.acceptatie.indicia-interactiv.nl\/de\/#\/schema\/logo\/image\/"},"sameAs":["https:\/\/www.facebook.com\/springfieldnutra\/about\/","https:\/\/x.com\/SpringfieldNutr","https:\/\/www.instagram.com\/springfieldnutra\/","https:\/\/www.linkedin.com\/company\/1665278","https:\/\/www.youtube.com\/channel\/UCI6lSWwNNHEzJ0SUTsgljvQ\/about"]}]},"og_availability":"instock","product_availability":"instock","product_condition":"new"},"_links":{"self":[{"href":"https:\/\/springfieldnutra.acceptatie.indicia-interactiv.nl\/de\/wp-json\/wp\/v2\/product\/17933","targetHints":{"allow":["GET"]}}],"collection":[{"href":"https:\/\/springfieldnutra.acceptatie.indicia-interactiv.nl\/de\/wp-json\/wp\/v2\/product"}],"about":[{"href":"https:\/\/springfieldnutra.acceptatie.indicia-interactiv.nl\/de\/wp-json\/wp\/v2\/types\/product"}],"replies":[{"embeddable":true,"href":"https:\/\/springfieldnutra.acceptatie.indicia-interactiv.nl\/de\/wp-json\/wp\/v2\/comments?post=17933"}],"wp:featuredmedia":[{"embeddable":true,"href":"https:\/\/springfieldnutra.acceptatie.indicia-interactiv.nl\/de\/wp-json\/wp\/v2\/media\/27530"}],"wp:attachment":[{"href":"https:\/\/springfieldnutra.acceptatie.indicia-interactiv.nl\/de\/wp-json\/wp\/v2\/media?parent=17933"}],"wp:term":[{"taxonomy":"product_brand","embeddable":true,"href":"https:\/\/springfieldnutra.acceptatie.indicia-interactiv.nl\/de\/wp-json\/wp\/v2\/product_brand?post=17933"},{"taxonomy":"product_cat","embeddable":true,"href":"https:\/\/springfieldnutra.acceptatie.indicia-interactiv.nl\/de\/wp-json\/wp\/v2\/product_cat?post=17933"},{"taxonomy":"product_tag","embeddable":true,"href":"https:\/\/springfieldnutra.acceptatie.indicia-interactiv.nl\/de\/wp-json\/wp\/v2\/product_tag?post=17933"}],"curies":[{"name":"wp","href":"https:\/\/api.w.org\/{rel}","templated":true}]}}