{"id":17947,"date":"2020-03-25T11:04:53","date_gmt":"2020-03-25T10:04:53","guid":{"rendered":"http:\/\/springfieldnutra.acceptatie.indicia-interactiv.nl\/webshop\/equazen-eye-q-capsules-omega-3-6-fettsauren\/"},"modified":"2023-09-16T00:00:04","modified_gmt":"2023-09-15T22:00:04","slug":"equazen-capsules","status":"publish","type":"product","link":"https:\/\/springfieldnutra.acceptatie.indicia-interactiv.nl\/de\/webshop\/equazen-capsules\/","title":{"rendered":"Equazen capsules Omega 3- &amp; 6-Fetts\u00e4uren"},"content":{"rendered":"<h4>Verzehrsempfehlung<\/h4>\n<p>F\u00fcr Kinder und Erwachsene:<br \/>\n<strong>W\u00e4hrend der ersten 12 Wochen:<\/strong> 6 Kapseln pro Tag, aufgeteilt in 2 oder 3 Einnahmen.<br \/>\n<strong>Dann:<\/strong> 2 bis 4 Kapseln pro Tag, aufgeteilt in 1 oder 2 Einnahmen.<br \/>\nAm besten w\u00e4hrend des Essens.<\/p>\n<p><strong>Hinweis<\/strong><br \/>\nEnth\u00e4lt keine k\u00fcnstlichen Farb- und Aromastoffe.<br \/>\nGeeignet f\u00fcr alle Altersgruppen ab 5 Jahren.<br \/>\nF\u00fcr Kinder unter f\u00fcnf Jahren gibt es <strong><a href=\"http:\/\/springfieldnutra.acceptatie.indicia-interactiv.nl\/webshop\/equazen-eye-q-liquid\/\">Equazen Liquid<\/a><\/strong> oder <a href=\"https:\/\/springfieldnutra.acceptatie.indicia-interactiv.nl\/de\/webshop\/equazen-chews\/\"><strong>Equazen Chews<\/strong><\/a>.<\/p>\n<p><span class=\"Y2IQFc\" lang=\"de\">Wir liefern <strong>Equazen<\/strong>-Produkte ausschlie\u00dflich in den Niederlanden, Belgien und Frankreich.<\/span><\/p>\n","protected":false},"excerpt":{"rendered":"<ul>\n<li>Spezielle Mischung aus hochwertigem Fisch\u00f6l (mit den Omega-3-Fetts\u00e4uren EPA und DHA) und reinem Nachtkerzen\u00f6l (mit Omega-6-Fetts\u00e4ure GLA)<\/li>\n<li>Das Verh\u00e4ltnis der Fetts\u00e4uren EPA: DHA: GLA betr\u00e4gt 9: 3: 1<\/li>\n<li>Abgeleitet aus nachhaltigen Quellen f\u00fcr fettigen Fisch wie Sardinen, die f\u00fcr ihre nat\u00fcrlich h\u00f6heren EPA-Konzentrationen bekannt sind<\/li>\n<li>Alle <strong>Equazen<\/strong>-Pr\u00e4parate tragen das Qualit\u00e4tszeichen \u201eFreund des Meeres\u201c<\/li>\n<\/ul>\n<p>&nbsp;<\/p>\n","protected":false},"featured_media":24933,"comment_status":"open","ping_status":"closed","template":"","meta":{"_acf_changed":false},"product_brand":[],"product_cat":[8729,8799,8805,8552,8810,8809],"product_tag":[8875,8786,9117,8777,8784,8813,8871],"class_list":{"0":"post-17947","1":"product","2":"type-product","3":"status-publish","4":"has-post-thumbnail","6":"product_cat-erinnerung","7":"product_cat-fettsauren","8":"product_cat-kind-de","9":"product_cat-kopf","10":"product_cat-omega-3-fettsauren","11":"product_cat-omega-3-und-6-fettsauren","12":"product_tag-equazen","13":"product_tag-fischol","14":"product_tag-intelligente-formel","15":"product_tag-kinder","16":"product_tag-nachtkerze","17":"product_tag-omega-6-vetzuren-de","18":"product_tag-omega-3-fettsauren","20":"first","21":"instock","22":"taxable","23":"shipping-taxable","24":"purchasable","25":"product-type-variable","26":"has-default-attributes"},"acf":[],"yoast_head":"<!-- This site is optimized with the Yoast SEO Premium plugin v27.1 (Yoast SEO v27.1.1) - https:\/\/yoast.com\/product\/yoast-seo-premium-wordpress\/ -->\n<title>Equazen capsules Omega 3- &amp; 6-Fetts\u00e4uren | Springfield Nutraceuticals<\/title>\n<meta name=\"robots\" content=\"noindex, follow, max-snippet:-1, max-image-preview:large, max-video-preview:-1\" \/>\n<meta property=\"og:locale\" content=\"de_DE\" \/>\n<meta property=\"og:type\" content=\"article\" \/>\n<meta property=\"og:title\" content=\"Equazen capsules Omega 3- &amp; 6-Fetts\u00e4uren\" \/>\n<meta property=\"og:description\" content=\"Spezielle Mischung aus hochwertigem Fisch\u00f6l (mit den Omega-3-Fetts\u00e4uren EPA und DHA) und reinem Nachtkerzen\u00f6l (mit Omega-6-Fetts\u00e4ure GLA)  Das Verh\u00e4ltnis der Fetts\u00e4uren EPA: DHA: GLA betr\u00e4gt 9: 3: 1  Abgeleitet aus nachhaltigen Quellen f\u00fcr fettigen Fisch wie Sardinen, die f\u00fcr ihre nat\u00fcrlich h\u00f6heren EPA-Konzentrationen bekannt sind  Alle Equazen-Pr\u00e4parate tragen das Qualit\u00e4tszeichen \u201eFreund des Meeres\u201c  &nbsp;\" \/>\n<meta property=\"og:url\" content=\"https:\/\/springfieldnutra.acceptatie.indicia-interactiv.nl\/de\/webshop\/equazen-capsules\/\" \/>\n<meta property=\"og:site_name\" content=\"Springfield Nutraceuticals\" \/>\n<meta property=\"article:publisher\" content=\"https:\/\/www.facebook.com\/springfieldnutra\/about\/\" \/>\n<meta property=\"article:modified_time\" content=\"2023-09-15T22:00:04+00:00\" \/>\n<meta property=\"og:image\" content=\"https:\/\/springfieldnutra.acceptatie.indicia-interactiv.nl\/app\/uploads\/2020\/03\/Equazen-capsules-60-omega-3-en-6-vetzuren-EPA-DHA-GLA-9.3.1.jpg\" \/>\n\t<meta property=\"og:image:width\" content=\"1340\" \/>\n\t<meta property=\"og:image:height\" content=\"1520\" \/>\n\t<meta property=\"og:image:type\" content=\"image\/jpeg\" \/>\n<meta name=\"twitter:card\" content=\"summary_large_image\" \/>\n<meta name=\"twitter:site\" content=\"@SpringfieldNutr\" \/>\n<meta name=\"twitter:label1\" content=\"Availability\" \/>\n\t<meta name=\"twitter:data1\" content=\"In stock\" \/>\n<script type=\"application\/ld+json\" class=\"yoast-schema-graph\">{\"@context\":\"https:\/\/schema.org\",\"@graph\":[{\"@type\":\"WebPage\",\"@id\":\"https:\/\/springfieldnutra.acceptatie.indicia-interactiv.nl\/de\/webshop\/equazen-capsules\/\",\"url\":\"https:\/\/springfieldnutra.acceptatie.indicia-interactiv.nl\/de\/webshop\/equazen-capsules\/\",\"name\":\"Equazen capsules Omega 3- &amp; 6-Fetts\u00e4uren | Springfield Nutraceuticals\",\"isPartOf\":{\"@id\":\"https:\/\/springfieldnutra.acceptatie.indicia-interactiv.nl\/de\/#website\"},\"primaryImageOfPage\":{\"@id\":\"https:\/\/springfieldnutra.acceptatie.indicia-interactiv.nl\/de\/webshop\/equazen-capsules\/#primaryimage\"},\"image\":{\"@id\":\"https:\/\/springfieldnutra.acceptatie.indicia-interactiv.nl\/de\/webshop\/equazen-capsules\/#primaryimage\"},\"thumbnailUrl\":\"https:\/\/springfieldnutra.acceptatie.indicia-interactiv.nl\/app\/uploads\/2020\/03\/Equazen-capsules-60-omega-3-en-6-vetzuren-EPA-DHA-GLA-9.3.1.jpg\",\"datePublished\":\"2020-03-25T10:04:53+00:00\",\"dateModified\":\"2023-09-15T22:00:04+00:00\",\"breadcrumb\":{\"@id\":\"https:\/\/springfieldnutra.acceptatie.indicia-interactiv.nl\/de\/webshop\/equazen-capsules\/#breadcrumb\"},\"inLanguage\":\"de\",\"potentialAction\":[{\"@type\":\"ReadAction\",\"target\":[\"https:\/\/springfieldnutra.acceptatie.indicia-interactiv.nl\/de\/webshop\/equazen-capsules\/\"]}]},{\"@type\":\"ImageObject\",\"inLanguage\":\"de\",\"@id\":\"https:\/\/springfieldnutra.acceptatie.indicia-interactiv.nl\/de\/webshop\/equazen-capsules\/#primaryimage\",\"url\":\"https:\/\/springfieldnutra.acceptatie.indicia-interactiv.nl\/app\/uploads\/2020\/03\/Equazen-capsules-60-omega-3-en-6-vetzuren-EPA-DHA-GLA-9.3.1.jpg\",\"contentUrl\":\"https:\/\/springfieldnutra.acceptatie.indicia-interactiv.nl\/app\/uploads\/2020\/03\/Equazen-capsules-60-omega-3-en-6-vetzuren-EPA-DHA-GLA-9.3.1.jpg\",\"width\":1340,\"height\":1520,\"caption\":\"Equazen capsules 60 - omega 3- en 6-vetzuren EPA, DHA, GLA 9.3.1\"},{\"@type\":\"BreadcrumbList\",\"@id\":\"https:\/\/springfieldnutra.acceptatie.indicia-interactiv.nl\/de\/webshop\/equazen-capsules\/#breadcrumb\",\"itemListElement\":[{\"@type\":\"ListItem\",\"position\":1,\"name\":\"Home\",\"item\":\"https:\/\/springfieldnutra.acceptatie.indicia-interactiv.nl\/de\/voorpagina\/\"},{\"@type\":\"ListItem\",\"position\":2,\"name\":\"Webshop\",\"item\":\"https:\/\/springfieldnutra.acceptatie.indicia-interactiv.nl\/de\/webshop\/\"},{\"@type\":\"ListItem\",\"position\":3,\"name\":\"Equazen capsules Omega 3- &amp; 6-Fetts\u00e4uren\"}]},{\"@type\":\"WebSite\",\"@id\":\"https:\/\/springfieldnutra.acceptatie.indicia-interactiv.nl\/de\/#website\",\"url\":\"https:\/\/springfieldnutra.acceptatie.indicia-interactiv.nl\/de\/\",\"name\":\"Springfield Nutraceuticals\",\"description\":\"Voeding kan een positieve bijdrage leveren aan onze gezondheid.\",\"publisher\":{\"@id\":\"https:\/\/springfieldnutra.acceptatie.indicia-interactiv.nl\/de\/#organization\"},\"potentialAction\":[{\"@type\":\"SearchAction\",\"target\":{\"@type\":\"EntryPoint\",\"urlTemplate\":\"https:\/\/springfieldnutra.acceptatie.indicia-interactiv.nl\/de\/?s={search_term_string}\"},\"query-input\":{\"@type\":\"PropertyValueSpecification\",\"valueRequired\":true,\"valueName\":\"search_term_string\"}}],\"inLanguage\":\"de\"},{\"@type\":\"Organization\",\"@id\":\"https:\/\/springfieldnutra.acceptatie.indicia-interactiv.nl\/de\/#organization\",\"name\":\"Springfield Nutraceuticals\",\"url\":\"https:\/\/springfieldnutra.acceptatie.indicia-interactiv.nl\/de\/\",\"logo\":{\"@type\":\"ImageObject\",\"inLanguage\":\"de\",\"@id\":\"https:\/\/springfieldnutra.acceptatie.indicia-interactiv.nl\/de\/#\/schema\/logo\/image\/\",\"url\":\"https:\/\/springfieldnutra.acceptatie.indicia-interactiv.nl\/app\/uploads\/2018\/01\/Logo_Springfield.png\",\"contentUrl\":\"https:\/\/springfieldnutra.acceptatie.indicia-interactiv.nl\/app\/uploads\/2018\/01\/Logo_Springfield.png\",\"width\":213,\"height\":46,\"caption\":\"Springfield Nutraceuticals\"},\"image\":{\"@id\":\"https:\/\/springfieldnutra.acceptatie.indicia-interactiv.nl\/de\/#\/schema\/logo\/image\/\"},\"sameAs\":[\"https:\/\/www.facebook.com\/springfieldnutra\/about\/\",\"https:\/\/x.com\/SpringfieldNutr\",\"https:\/\/www.instagram.com\/springfieldnutra\/\",\"https:\/\/www.linkedin.com\/company\/1665278\",\"https:\/\/www.youtube.com\/channel\/UCI6lSWwNNHEzJ0SUTsgljvQ\/about\"]}]}<\/script>\n<meta property=\"og:availability\" content=\"instock\" \/>\n<meta property=\"product:availability\" content=\"instock\" \/>\n<meta property=\"product:retailer_item_id\" content=\"20934\" \/>\n<meta property=\"product:condition\" content=\"new\" \/>\n<!-- \/ Yoast SEO Premium plugin. -->","yoast_head_json":{"title":"Equazen capsules Omega 3- &amp; 6-Fetts\u00e4uren | Springfield Nutraceuticals","robots":{"index":"noindex","follow":"follow","max-snippet":"max-snippet:-1","max-image-preview":"max-image-preview:large","max-video-preview":"max-video-preview:-1"},"og_locale":"de_DE","og_type":"article","og_title":"Equazen capsules Omega 3- &amp; 6-Fetts\u00e4uren","og_description":"Spezielle Mischung aus hochwertigem Fisch\u00f6l (mit den Omega-3-Fetts\u00e4uren EPA und DHA) und reinem Nachtkerzen\u00f6l (mit Omega-6-Fetts\u00e4ure GLA)  Das Verh\u00e4ltnis der Fetts\u00e4uren EPA: DHA: GLA betr\u00e4gt 9: 3: 1  Abgeleitet aus nachhaltigen Quellen f\u00fcr fettigen Fisch wie Sardinen, die f\u00fcr ihre nat\u00fcrlich h\u00f6heren EPA-Konzentrationen bekannt sind  Alle Equazen-Pr\u00e4parate tragen das Qualit\u00e4tszeichen \u201eFreund des Meeres\u201c  &nbsp;","og_url":"https:\/\/springfieldnutra.acceptatie.indicia-interactiv.nl\/de\/webshop\/equazen-capsules\/","og_site_name":"Springfield Nutraceuticals","article_publisher":"https:\/\/www.facebook.com\/springfieldnutra\/about\/","article_modified_time":"2023-09-15T22:00:04+00:00","og_image":[{"width":1340,"height":1520,"url":"https:\/\/springfieldnutra.acceptatie.indicia-interactiv.nl\/app\/uploads\/2020\/03\/Equazen-capsules-60-omega-3-en-6-vetzuren-EPA-DHA-GLA-9.3.1.jpg","type":"image\/jpeg"}],"twitter_card":"summary_large_image","twitter_site":"@SpringfieldNutr","twitter_misc":{"Availability":"In stock"},"schema":{"@context":"https:\/\/schema.org","@graph":[{"@type":"WebPage","@id":"https:\/\/springfieldnutra.acceptatie.indicia-interactiv.nl\/de\/webshop\/equazen-capsules\/","url":"https:\/\/springfieldnutra.acceptatie.indicia-interactiv.nl\/de\/webshop\/equazen-capsules\/","name":"Equazen capsules Omega 3- &amp; 6-Fetts\u00e4uren | Springfield Nutraceuticals","isPartOf":{"@id":"https:\/\/springfieldnutra.acceptatie.indicia-interactiv.nl\/de\/#website"},"primaryImageOfPage":{"@id":"https:\/\/springfieldnutra.acceptatie.indicia-interactiv.nl\/de\/webshop\/equazen-capsules\/#primaryimage"},"image":{"@id":"https:\/\/springfieldnutra.acceptatie.indicia-interactiv.nl\/de\/webshop\/equazen-capsules\/#primaryimage"},"thumbnailUrl":"https:\/\/springfieldnutra.acceptatie.indicia-interactiv.nl\/app\/uploads\/2020\/03\/Equazen-capsules-60-omega-3-en-6-vetzuren-EPA-DHA-GLA-9.3.1.jpg","datePublished":"2020-03-25T10:04:53+00:00","dateModified":"2023-09-15T22:00:04+00:00","breadcrumb":{"@id":"https:\/\/springfieldnutra.acceptatie.indicia-interactiv.nl\/de\/webshop\/equazen-capsules\/#breadcrumb"},"inLanguage":"de","potentialAction":[{"@type":"ReadAction","target":["https:\/\/springfieldnutra.acceptatie.indicia-interactiv.nl\/de\/webshop\/equazen-capsules\/"]}]},{"@type":"ImageObject","inLanguage":"de","@id":"https:\/\/springfieldnutra.acceptatie.indicia-interactiv.nl\/de\/webshop\/equazen-capsules\/#primaryimage","url":"https:\/\/springfieldnutra.acceptatie.indicia-interactiv.nl\/app\/uploads\/2020\/03\/Equazen-capsules-60-omega-3-en-6-vetzuren-EPA-DHA-GLA-9.3.1.jpg","contentUrl":"https:\/\/springfieldnutra.acceptatie.indicia-interactiv.nl\/app\/uploads\/2020\/03\/Equazen-capsules-60-omega-3-en-6-vetzuren-EPA-DHA-GLA-9.3.1.jpg","width":1340,"height":1520,"caption":"Equazen capsules 60 - omega 3- en 6-vetzuren EPA, DHA, GLA 9.3.1"},{"@type":"BreadcrumbList","@id":"https:\/\/springfieldnutra.acceptatie.indicia-interactiv.nl\/de\/webshop\/equazen-capsules\/#breadcrumb","itemListElement":[{"@type":"ListItem","position":1,"name":"Home","item":"https:\/\/springfieldnutra.acceptatie.indicia-interactiv.nl\/de\/voorpagina\/"},{"@type":"ListItem","position":2,"name":"Webshop","item":"https:\/\/springfieldnutra.acceptatie.indicia-interactiv.nl\/de\/webshop\/"},{"@type":"ListItem","position":3,"name":"Equazen capsules Omega 3- &amp; 6-Fetts\u00e4uren"}]},{"@type":"WebSite","@id":"https:\/\/springfieldnutra.acceptatie.indicia-interactiv.nl\/de\/#website","url":"https:\/\/springfieldnutra.acceptatie.indicia-interactiv.nl\/de\/","name":"Springfield Nutraceuticals","description":"Voeding kan een positieve bijdrage leveren aan onze gezondheid.","publisher":{"@id":"https:\/\/springfieldnutra.acceptatie.indicia-interactiv.nl\/de\/#organization"},"potentialAction":[{"@type":"SearchAction","target":{"@type":"EntryPoint","urlTemplate":"https:\/\/springfieldnutra.acceptatie.indicia-interactiv.nl\/de\/?s={search_term_string}"},"query-input":{"@type":"PropertyValueSpecification","valueRequired":true,"valueName":"search_term_string"}}],"inLanguage":"de"},{"@type":"Organization","@id":"https:\/\/springfieldnutra.acceptatie.indicia-interactiv.nl\/de\/#organization","name":"Springfield Nutraceuticals","url":"https:\/\/springfieldnutra.acceptatie.indicia-interactiv.nl\/de\/","logo":{"@type":"ImageObject","inLanguage":"de","@id":"https:\/\/springfieldnutra.acceptatie.indicia-interactiv.nl\/de\/#\/schema\/logo\/image\/","url":"https:\/\/springfieldnutra.acceptatie.indicia-interactiv.nl\/app\/uploads\/2018\/01\/Logo_Springfield.png","contentUrl":"https:\/\/springfieldnutra.acceptatie.indicia-interactiv.nl\/app\/uploads\/2018\/01\/Logo_Springfield.png","width":213,"height":46,"caption":"Springfield Nutraceuticals"},"image":{"@id":"https:\/\/springfieldnutra.acceptatie.indicia-interactiv.nl\/de\/#\/schema\/logo\/image\/"},"sameAs":["https:\/\/www.facebook.com\/springfieldnutra\/about\/","https:\/\/x.com\/SpringfieldNutr","https:\/\/www.instagram.com\/springfieldnutra\/","https:\/\/www.linkedin.com\/company\/1665278","https:\/\/www.youtube.com\/channel\/UCI6lSWwNNHEzJ0SUTsgljvQ\/about"]}]},"og_availability":"instock","product_availability":"instock","product_retailer_item_id":"20934","product_condition":"new"},"_links":{"self":[{"href":"https:\/\/springfieldnutra.acceptatie.indicia-interactiv.nl\/de\/wp-json\/wp\/v2\/product\/17947","targetHints":{"allow":["GET"]}}],"collection":[{"href":"https:\/\/springfieldnutra.acceptatie.indicia-interactiv.nl\/de\/wp-json\/wp\/v2\/product"}],"about":[{"href":"https:\/\/springfieldnutra.acceptatie.indicia-interactiv.nl\/de\/wp-json\/wp\/v2\/types\/product"}],"replies":[{"embeddable":true,"href":"https:\/\/springfieldnutra.acceptatie.indicia-interactiv.nl\/de\/wp-json\/wp\/v2\/comments?post=17947"}],"wp:featuredmedia":[{"embeddable":true,"href":"https:\/\/springfieldnutra.acceptatie.indicia-interactiv.nl\/de\/wp-json\/wp\/v2\/media\/24933"}],"wp:attachment":[{"href":"https:\/\/springfieldnutra.acceptatie.indicia-interactiv.nl\/de\/wp-json\/wp\/v2\/media?parent=17947"}],"wp:term":[{"taxonomy":"product_brand","embeddable":true,"href":"https:\/\/springfieldnutra.acceptatie.indicia-interactiv.nl\/de\/wp-json\/wp\/v2\/product_brand?post=17947"},{"taxonomy":"product_cat","embeddable":true,"href":"https:\/\/springfieldnutra.acceptatie.indicia-interactiv.nl\/de\/wp-json\/wp\/v2\/product_cat?post=17947"},{"taxonomy":"product_tag","embeddable":true,"href":"https:\/\/springfieldnutra.acceptatie.indicia-interactiv.nl\/de\/wp-json\/wp\/v2\/product_tag?post=17947"}],"curies":[{"name":"wp","href":"https:\/\/api.w.org\/{rel}","templated":true}]}}