{"id":5227,"date":"2018-05-22T15:21:04","date_gmt":"2018-05-22T13:21:04","guid":{"rendered":"http:\/\/springfieldnutra.acceptatie.indicia-interactiv.nl\/?page_id=5227"},"modified":"2021-01-18T20:52:12","modified_gmt":"2021-01-18T19:52:12","slug":"politique-de-confidentialite","status":"publish","type":"page","link":"https:\/\/springfieldnutra.acceptatie.indicia-interactiv.nl\/fr\/politique-de-confidentialite\/","title":{"rendered":"D\u00e9claration de confidentialit\u00e9"},"content":{"rendered":"","protected":false},"excerpt":{"rendered":"<p>Springfield Nutraceuticals BV ne recueille, ne stocke et ne traite que les donn\u00e9es personnelles strictement n\u00e9cessaires \u00e0 la fourniture de nos services, produits et informations. Ces donn\u00e9es personnelles ne sont pas conserv\u00e9es plus longtemps que le strict n\u00e9cessaire. <\/p>\n","protected":false},"author":2,"featured_media":0,"parent":0,"menu_order":0,"comment_status":"closed","ping_status":"closed","template":"","meta":{"_acf_changed":false},"class_list":["post-5227","page","type-page","status-publish","hentry"],"acf":[],"yoast_head":"<!-- This site is optimized with the Yoast SEO Premium plugin v27.1 (Yoast SEO v27.1.1) - https:\/\/yoast.com\/product\/yoast-seo-premium-wordpress\/ -->\n<title>D\u00e9claration de confidentialit\u00e9 | Springfield Nutraceuticals<\/title>\n<meta name=\"robots\" content=\"noindex, follow, max-snippet:-1, max-image-preview:large, max-video-preview:-1\" \/>\n<meta property=\"og:locale\" content=\"fr_FR\" \/>\n<meta property=\"og:type\" content=\"article\" \/>\n<meta property=\"og:title\" content=\"D\u00e9claration de confidentialit\u00e9\" \/>\n<meta property=\"og:description\" content=\"Springfield Nutraceuticals BV ne recueille, ne stocke et ne traite que les donn\u00e9es personnelles strictement n\u00e9cessaires \u00e0 la fourniture de nos services, produits et informations. Ces donn\u00e9es personnelles ne sont pas conserv\u00e9es plus longtemps que le strict n\u00e9cessaire.\" \/>\n<meta property=\"og:url\" content=\"https:\/\/springfieldnutra.acceptatie.indicia-interactiv.nl\/fr\/politique-de-confidentialite\/\" \/>\n<meta property=\"og:site_name\" content=\"Springfield Nutraceuticals\" \/>\n<meta property=\"article:publisher\" content=\"https:\/\/www.facebook.com\/springfieldnutra\/about\/\" \/>\n<meta property=\"article:modified_time\" content=\"2021-01-18T19:52:12+00:00\" \/>\n<meta property=\"og:image\" content=\"https:\/\/springfieldnutra.acceptatie.indicia-interactiv.nl\/app\/uploads\/2019\/01\/Collage-Health-through-Nature-Science-and-Innovation-3.jpg\" \/>\n<meta name=\"twitter:card\" content=\"summary_large_image\" \/>\n<meta name=\"twitter:site\" content=\"@SpringfieldNutr\" \/>\n<script type=\"application\/ld+json\" class=\"yoast-schema-graph\">{\"@context\":\"https:\/\/schema.org\",\"@graph\":[{\"@type\":\"WebPage\",\"@id\":\"https:\/\/springfieldnutra.acceptatie.indicia-interactiv.nl\/fr\/politique-de-confidentialite\/\",\"url\":\"https:\/\/springfieldnutra.acceptatie.indicia-interactiv.nl\/fr\/politique-de-confidentialite\/\",\"name\":\"D\u00e9claration de confidentialit\u00e9 | Springfield Nutraceuticals\",\"isPartOf\":{\"@id\":\"https:\/\/springfieldnutra.acceptatie.indicia-interactiv.nl\/fr\/#website\"},\"datePublished\":\"2018-05-22T13:21:04+00:00\",\"dateModified\":\"2021-01-18T19:52:12+00:00\",\"breadcrumb\":{\"@id\":\"https:\/\/springfieldnutra.acceptatie.indicia-interactiv.nl\/fr\/politique-de-confidentialite\/#breadcrumb\"},\"inLanguage\":\"fr-FR\",\"potentialAction\":[{\"@type\":\"ReadAction\",\"target\":[\"https:\/\/springfieldnutra.acceptatie.indicia-interactiv.nl\/fr\/politique-de-confidentialite\/\"]}]},{\"@type\":\"BreadcrumbList\",\"@id\":\"https:\/\/springfieldnutra.acceptatie.indicia-interactiv.nl\/fr\/politique-de-confidentialite\/#breadcrumb\",\"itemListElement\":[{\"@type\":\"ListItem\",\"position\":1,\"name\":\"Home\",\"item\":\"https:\/\/springfieldnutra.acceptatie.indicia-interactiv.nl\/fr\/voorpagina-2\/\"},{\"@type\":\"ListItem\",\"position\":2,\"name\":\"D\u00e9claration de confidentialit\u00e9\"}]},{\"@type\":\"WebSite\",\"@id\":\"https:\/\/springfieldnutra.acceptatie.indicia-interactiv.nl\/fr\/#website\",\"url\":\"https:\/\/springfieldnutra.acceptatie.indicia-interactiv.nl\/fr\/\",\"name\":\"Springfield Nutraceuticals\",\"description\":\"Voeding kan een positieve bijdrage leveren aan onze gezondheid.\",\"publisher\":{\"@id\":\"https:\/\/springfieldnutra.acceptatie.indicia-interactiv.nl\/fr\/#organization\"},\"potentialAction\":[{\"@type\":\"SearchAction\",\"target\":{\"@type\":\"EntryPoint\",\"urlTemplate\":\"https:\/\/springfieldnutra.acceptatie.indicia-interactiv.nl\/fr\/?s={search_term_string}\"},\"query-input\":{\"@type\":\"PropertyValueSpecification\",\"valueRequired\":true,\"valueName\":\"search_term_string\"}}],\"inLanguage\":\"fr-FR\"},{\"@type\":\"Organization\",\"@id\":\"https:\/\/springfieldnutra.acceptatie.indicia-interactiv.nl\/fr\/#organization\",\"name\":\"Springfield Nutraceuticals\",\"url\":\"https:\/\/springfieldnutra.acceptatie.indicia-interactiv.nl\/fr\/\",\"logo\":{\"@type\":\"ImageObject\",\"inLanguage\":\"fr-FR\",\"@id\":\"https:\/\/springfieldnutra.acceptatie.indicia-interactiv.nl\/fr\/#\/schema\/logo\/image\/\",\"url\":\"https:\/\/springfieldnutra.acceptatie.indicia-interactiv.nl\/app\/uploads\/2018\/01\/Logo_Springfield.png\",\"contentUrl\":\"https:\/\/springfieldnutra.acceptatie.indicia-interactiv.nl\/app\/uploads\/2018\/01\/Logo_Springfield.png\",\"width\":213,\"height\":46,\"caption\":\"Springfield Nutraceuticals\"},\"image\":{\"@id\":\"https:\/\/springfieldnutra.acceptatie.indicia-interactiv.nl\/fr\/#\/schema\/logo\/image\/\"},\"sameAs\":[\"https:\/\/www.facebook.com\/springfieldnutra\/about\/\",\"https:\/\/x.com\/SpringfieldNutr\",\"https:\/\/www.instagram.com\/springfieldnutra\/\",\"https:\/\/www.linkedin.com\/company\/1665278\",\"https:\/\/www.youtube.com\/channel\/UCI6lSWwNNHEzJ0SUTsgljvQ\/about\"]}]}<\/script>\n<!-- \/ Yoast SEO Premium plugin. -->","yoast_head_json":{"title":"D\u00e9claration de confidentialit\u00e9 | Springfield Nutraceuticals","robots":{"index":"noindex","follow":"follow","max-snippet":"max-snippet:-1","max-image-preview":"max-image-preview:large","max-video-preview":"max-video-preview:-1"},"og_locale":"fr_FR","og_type":"article","og_title":"D\u00e9claration de confidentialit\u00e9","og_description":"Springfield Nutraceuticals BV ne recueille, ne stocke et ne traite que les donn\u00e9es personnelles strictement n\u00e9cessaires \u00e0 la fourniture de nos services, produits et informations. Ces donn\u00e9es personnelles ne sont pas conserv\u00e9es plus longtemps que le strict n\u00e9cessaire.","og_url":"https:\/\/springfieldnutra.acceptatie.indicia-interactiv.nl\/fr\/politique-de-confidentialite\/","og_site_name":"Springfield Nutraceuticals","article_publisher":"https:\/\/www.facebook.com\/springfieldnutra\/about\/","article_modified_time":"2021-01-18T19:52:12+00:00","og_image":[{"url":"https:\/\/springfieldnutra.acceptatie.indicia-interactiv.nl\/app\/uploads\/2019\/01\/Collage-Health-through-Nature-Science-and-Innovation-3.jpg","type":"","width":"","height":""}],"twitter_card":"summary_large_image","twitter_site":"@SpringfieldNutr","schema":{"@context":"https:\/\/schema.org","@graph":[{"@type":"WebPage","@id":"https:\/\/springfieldnutra.acceptatie.indicia-interactiv.nl\/fr\/politique-de-confidentialite\/","url":"https:\/\/springfieldnutra.acceptatie.indicia-interactiv.nl\/fr\/politique-de-confidentialite\/","name":"D\u00e9claration de confidentialit\u00e9 | Springfield Nutraceuticals","isPartOf":{"@id":"https:\/\/springfieldnutra.acceptatie.indicia-interactiv.nl\/fr\/#website"},"datePublished":"2018-05-22T13:21:04+00:00","dateModified":"2021-01-18T19:52:12+00:00","breadcrumb":{"@id":"https:\/\/springfieldnutra.acceptatie.indicia-interactiv.nl\/fr\/politique-de-confidentialite\/#breadcrumb"},"inLanguage":"fr-FR","potentialAction":[{"@type":"ReadAction","target":["https:\/\/springfieldnutra.acceptatie.indicia-interactiv.nl\/fr\/politique-de-confidentialite\/"]}]},{"@type":"BreadcrumbList","@id":"https:\/\/springfieldnutra.acceptatie.indicia-interactiv.nl\/fr\/politique-de-confidentialite\/#breadcrumb","itemListElement":[{"@type":"ListItem","position":1,"name":"Home","item":"https:\/\/springfieldnutra.acceptatie.indicia-interactiv.nl\/fr\/voorpagina-2\/"},{"@type":"ListItem","position":2,"name":"D\u00e9claration de confidentialit\u00e9"}]},{"@type":"WebSite","@id":"https:\/\/springfieldnutra.acceptatie.indicia-interactiv.nl\/fr\/#website","url":"https:\/\/springfieldnutra.acceptatie.indicia-interactiv.nl\/fr\/","name":"Springfield Nutraceuticals","description":"Voeding kan een positieve bijdrage leveren aan onze gezondheid.","publisher":{"@id":"https:\/\/springfieldnutra.acceptatie.indicia-interactiv.nl\/fr\/#organization"},"potentialAction":[{"@type":"SearchAction","target":{"@type":"EntryPoint","urlTemplate":"https:\/\/springfieldnutra.acceptatie.indicia-interactiv.nl\/fr\/?s={search_term_string}"},"query-input":{"@type":"PropertyValueSpecification","valueRequired":true,"valueName":"search_term_string"}}],"inLanguage":"fr-FR"},{"@type":"Organization","@id":"https:\/\/springfieldnutra.acceptatie.indicia-interactiv.nl\/fr\/#organization","name":"Springfield Nutraceuticals","url":"https:\/\/springfieldnutra.acceptatie.indicia-interactiv.nl\/fr\/","logo":{"@type":"ImageObject","inLanguage":"fr-FR","@id":"https:\/\/springfieldnutra.acceptatie.indicia-interactiv.nl\/fr\/#\/schema\/logo\/image\/","url":"https:\/\/springfieldnutra.acceptatie.indicia-interactiv.nl\/app\/uploads\/2018\/01\/Logo_Springfield.png","contentUrl":"https:\/\/springfieldnutra.acceptatie.indicia-interactiv.nl\/app\/uploads\/2018\/01\/Logo_Springfield.png","width":213,"height":46,"caption":"Springfield Nutraceuticals"},"image":{"@id":"https:\/\/springfieldnutra.acceptatie.indicia-interactiv.nl\/fr\/#\/schema\/logo\/image\/"},"sameAs":["https:\/\/www.facebook.com\/springfieldnutra\/about\/","https:\/\/x.com\/SpringfieldNutr","https:\/\/www.instagram.com\/springfieldnutra\/","https:\/\/www.linkedin.com\/company\/1665278","https:\/\/www.youtube.com\/channel\/UCI6lSWwNNHEzJ0SUTsgljvQ\/about"]}]}},"_links":{"self":[{"href":"https:\/\/springfieldnutra.acceptatie.indicia-interactiv.nl\/fr\/wp-json\/wp\/v2\/pages\/5227","targetHints":{"allow":["GET"]}}],"collection":[{"href":"https:\/\/springfieldnutra.acceptatie.indicia-interactiv.nl\/fr\/wp-json\/wp\/v2\/pages"}],"about":[{"href":"https:\/\/springfieldnutra.acceptatie.indicia-interactiv.nl\/fr\/wp-json\/wp\/v2\/types\/page"}],"author":[{"embeddable":true,"href":"https:\/\/springfieldnutra.acceptatie.indicia-interactiv.nl\/fr\/wp-json\/wp\/v2\/users\/2"}],"replies":[{"embeddable":true,"href":"https:\/\/springfieldnutra.acceptatie.indicia-interactiv.nl\/fr\/wp-json\/wp\/v2\/comments?post=5227"}],"version-history":[{"count":0,"href":"https:\/\/springfieldnutra.acceptatie.indicia-interactiv.nl\/fr\/wp-json\/wp\/v2\/pages\/5227\/revisions"}],"wp:attachment":[{"href":"https:\/\/springfieldnutra.acceptatie.indicia-interactiv.nl\/fr\/wp-json\/wp\/v2\/media?parent=5227"}],"curies":[{"name":"wp","href":"https:\/\/api.w.org\/{rel}","templated":true}]}}