{"id":6924,"date":"2018-01-05T15:00:20","date_gmt":"2018-01-05T15:00:20","guid":{"rendered":"http:\/\/springfieldnutra.acceptatie.indicia-interactiv.nl\/over-ons\/"},"modified":"2018-07-10T15:57:36","modified_gmt":"2018-07-10T13:57:36","slug":"a-propos-de-springfield","status":"publish","type":"page","link":"https:\/\/springfieldnutra.acceptatie.indicia-interactiv.nl\/fr\/a-propos-de-springfield\/","title":{"rendered":"\u00c0 propos de Springfield Nutraceuticals"},"content":{"rendered":"","protected":false},"excerpt":{"rendered":"<p>Springfield Nutraceuticals is gespecialiseerd in voedingssupplementen met een onderbouwde, bewezen werking. Sinds 1998 introduceert Springfield regelmatig voedingssupplementen met unieke eigenschappen met een toegevoegde waarde<\/p>\n","protected":false},"author":5,"featured_media":0,"parent":0,"menu_order":0,"comment_status":"closed","ping_status":"closed","template":"","meta":{"_acf_changed":false},"class_list":["post-6924","page","type-page","status-publish","hentry"],"acf":[],"yoast_head":"<!-- This site is optimized with the Yoast SEO Premium plugin v27.1 (Yoast SEO v27.1.1) - https:\/\/yoast.com\/product\/yoast-seo-premium-wordpress\/ -->\n<title>\u00c0 propos de Springfield Nutraceuticals<\/title>\n<meta name=\"description\" content=\"Une soci\u00e9t\u00e9 n\u00e9erlandaise sp\u00e9cialis\u00e9e dans le d\u00e9veloppement et la commercialisation de nutraceutiques: des suppl\u00e9ments nutritionnels avec un effet fond\u00e9 et prouv\u00e9. Springfield suit de tr\u00e8s pr\u00e8s les nouveaux d\u00e9veloppements dans le secteur des nutriments. Sa devise est &quot;La sant\u00e9 par la nature, la science et l\u2019innovation\u2019\u2019\" \/>\n<meta name=\"robots\" content=\"noindex, follow, max-snippet:-1, max-image-preview:large, max-video-preview:-1\" \/>\n<meta property=\"og:locale\" content=\"fr_FR\" \/>\n<meta property=\"og:type\" content=\"article\" \/>\n<meta property=\"og:title\" content=\"\u00c0 propos de Springfield Nutraceuticals\" \/>\n<meta property=\"og:description\" content=\"Une soci\u00e9t\u00e9 n\u00e9erlandaise sp\u00e9cialis\u00e9e dans le d\u00e9veloppement et la commercialisation de nutraceutiques: des suppl\u00e9ments nutritionnels avec un effet fond\u00e9 et prouv\u00e9. Springfield suit de tr\u00e8s pr\u00e8s les nouveaux d\u00e9veloppements dans le secteur des nutriments. Sa devise est &quot;La sant\u00e9 par la nature, la science et l\u2019innovation\u2019\u2019\" \/>\n<meta property=\"og:url\" content=\"https:\/\/springfieldnutra.acceptatie.indicia-interactiv.nl\/fr\/a-propos-de-springfield\/\" \/>\n<meta property=\"og:site_name\" content=\"Springfield Nutraceuticals\" \/>\n<meta property=\"article:publisher\" content=\"https:\/\/www.facebook.com\/springfieldnutra\/about\/\" \/>\n<meta property=\"article:modified_time\" content=\"2018-07-10T13:57:36+00:00\" \/>\n<meta property=\"og:image\" content=\"https:\/\/springfieldnutra.acceptatie.indicia-interactiv.nl\/app\/uploads\/2019\/01\/Collage-Health-through-Nature-Science-and-Innovation-3.jpg\" \/>\n<meta name=\"twitter:card\" content=\"summary_large_image\" \/>\n<meta name=\"twitter:site\" content=\"@SpringfieldNutr\" \/>\n<script type=\"application\/ld+json\" class=\"yoast-schema-graph\">{\"@context\":\"https:\/\/schema.org\",\"@graph\":[{\"@type\":\"WebPage\",\"@id\":\"https:\/\/springfieldnutra.acceptatie.indicia-interactiv.nl\/fr\/a-propos-de-springfield\/\",\"url\":\"https:\/\/springfieldnutra.acceptatie.indicia-interactiv.nl\/fr\/a-propos-de-springfield\/\",\"name\":\"\u00c0 propos de Springfield Nutraceuticals\",\"isPartOf\":{\"@id\":\"https:\/\/springfieldnutra.acceptatie.indicia-interactiv.nl\/fr\/#website\"},\"datePublished\":\"2018-01-05T15:00:20+00:00\",\"dateModified\":\"2018-07-10T13:57:36+00:00\",\"description\":\"Une soci\u00e9t\u00e9 n\u00e9erlandaise sp\u00e9cialis\u00e9e dans le d\u00e9veloppement et la commercialisation de nutraceutiques: des suppl\u00e9ments nutritionnels avec un effet fond\u00e9 et prouv\u00e9. Springfield suit de tr\u00e8s pr\u00e8s les nouveaux d\u00e9veloppements dans le secteur des nutriments. Sa devise est \\\"La sant\u00e9 par la nature, la science et l\u2019innovation\u2019\u2019\",\"breadcrumb\":{\"@id\":\"https:\/\/springfieldnutra.acceptatie.indicia-interactiv.nl\/fr\/a-propos-de-springfield\/#breadcrumb\"},\"inLanguage\":\"fr-FR\",\"potentialAction\":[{\"@type\":\"ReadAction\",\"target\":[\"https:\/\/springfieldnutra.acceptatie.indicia-interactiv.nl\/fr\/a-propos-de-springfield\/\"]}]},{\"@type\":\"BreadcrumbList\",\"@id\":\"https:\/\/springfieldnutra.acceptatie.indicia-interactiv.nl\/fr\/a-propos-de-springfield\/#breadcrumb\",\"itemListElement\":[{\"@type\":\"ListItem\",\"position\":1,\"name\":\"Home\",\"item\":\"https:\/\/springfieldnutra.acceptatie.indicia-interactiv.nl\/fr\/voorpagina-2\/\"},{\"@type\":\"ListItem\",\"position\":2,\"name\":\"\u00c0 propos de Springfield Nutraceuticals\"}]},{\"@type\":\"WebSite\",\"@id\":\"https:\/\/springfieldnutra.acceptatie.indicia-interactiv.nl\/fr\/#website\",\"url\":\"https:\/\/springfieldnutra.acceptatie.indicia-interactiv.nl\/fr\/\",\"name\":\"Springfield Nutraceuticals\",\"description\":\"Voeding kan een positieve bijdrage leveren aan onze gezondheid.\",\"publisher\":{\"@id\":\"https:\/\/springfieldnutra.acceptatie.indicia-interactiv.nl\/fr\/#organization\"},\"potentialAction\":[{\"@type\":\"SearchAction\",\"target\":{\"@type\":\"EntryPoint\",\"urlTemplate\":\"https:\/\/springfieldnutra.acceptatie.indicia-interactiv.nl\/fr\/?s={search_term_string}\"},\"query-input\":{\"@type\":\"PropertyValueSpecification\",\"valueRequired\":true,\"valueName\":\"search_term_string\"}}],\"inLanguage\":\"fr-FR\"},{\"@type\":\"Organization\",\"@id\":\"https:\/\/springfieldnutra.acceptatie.indicia-interactiv.nl\/fr\/#organization\",\"name\":\"Springfield Nutraceuticals\",\"url\":\"https:\/\/springfieldnutra.acceptatie.indicia-interactiv.nl\/fr\/\",\"logo\":{\"@type\":\"ImageObject\",\"inLanguage\":\"fr-FR\",\"@id\":\"https:\/\/springfieldnutra.acceptatie.indicia-interactiv.nl\/fr\/#\/schema\/logo\/image\/\",\"url\":\"https:\/\/springfieldnutra.acceptatie.indicia-interactiv.nl\/app\/uploads\/2018\/01\/Logo_Springfield.png\",\"contentUrl\":\"https:\/\/springfieldnutra.acceptatie.indicia-interactiv.nl\/app\/uploads\/2018\/01\/Logo_Springfield.png\",\"width\":213,\"height\":46,\"caption\":\"Springfield Nutraceuticals\"},\"image\":{\"@id\":\"https:\/\/springfieldnutra.acceptatie.indicia-interactiv.nl\/fr\/#\/schema\/logo\/image\/\"},\"sameAs\":[\"https:\/\/www.facebook.com\/springfieldnutra\/about\/\",\"https:\/\/x.com\/SpringfieldNutr\",\"https:\/\/www.instagram.com\/springfieldnutra\/\",\"https:\/\/www.linkedin.com\/company\/1665278\",\"https:\/\/www.youtube.com\/channel\/UCI6lSWwNNHEzJ0SUTsgljvQ\/about\"]}]}<\/script>\n<!-- \/ Yoast SEO Premium plugin. -->","yoast_head_json":{"title":"\u00c0 propos de Springfield Nutraceuticals","description":"Une soci\u00e9t\u00e9 n\u00e9erlandaise sp\u00e9cialis\u00e9e dans le d\u00e9veloppement et la commercialisation de nutraceutiques: des suppl\u00e9ments nutritionnels avec un effet fond\u00e9 et prouv\u00e9. Springfield suit de tr\u00e8s pr\u00e8s les nouveaux d\u00e9veloppements dans le secteur des nutriments. Sa devise est \"La sant\u00e9 par la nature, la science et l\u2019innovation\u2019\u2019","robots":{"index":"noindex","follow":"follow","max-snippet":"max-snippet:-1","max-image-preview":"max-image-preview:large","max-video-preview":"max-video-preview:-1"},"og_locale":"fr_FR","og_type":"article","og_title":"\u00c0 propos de Springfield Nutraceuticals","og_description":"Une soci\u00e9t\u00e9 n\u00e9erlandaise sp\u00e9cialis\u00e9e dans le d\u00e9veloppement et la commercialisation de nutraceutiques: des suppl\u00e9ments nutritionnels avec un effet fond\u00e9 et prouv\u00e9. Springfield suit de tr\u00e8s pr\u00e8s les nouveaux d\u00e9veloppements dans le secteur des nutriments. Sa devise est \"La sant\u00e9 par la nature, la science et l\u2019innovation\u2019\u2019","og_url":"https:\/\/springfieldnutra.acceptatie.indicia-interactiv.nl\/fr\/a-propos-de-springfield\/","og_site_name":"Springfield Nutraceuticals","article_publisher":"https:\/\/www.facebook.com\/springfieldnutra\/about\/","article_modified_time":"2018-07-10T13:57:36+00:00","og_image":[{"url":"https:\/\/springfieldnutra.acceptatie.indicia-interactiv.nl\/app\/uploads\/2019\/01\/Collage-Health-through-Nature-Science-and-Innovation-3.jpg","type":"","width":"","height":""}],"twitter_card":"summary_large_image","twitter_site":"@SpringfieldNutr","schema":{"@context":"https:\/\/schema.org","@graph":[{"@type":"WebPage","@id":"https:\/\/springfieldnutra.acceptatie.indicia-interactiv.nl\/fr\/a-propos-de-springfield\/","url":"https:\/\/springfieldnutra.acceptatie.indicia-interactiv.nl\/fr\/a-propos-de-springfield\/","name":"\u00c0 propos de Springfield Nutraceuticals","isPartOf":{"@id":"https:\/\/springfieldnutra.acceptatie.indicia-interactiv.nl\/fr\/#website"},"datePublished":"2018-01-05T15:00:20+00:00","dateModified":"2018-07-10T13:57:36+00:00","description":"Une soci\u00e9t\u00e9 n\u00e9erlandaise sp\u00e9cialis\u00e9e dans le d\u00e9veloppement et la commercialisation de nutraceutiques: des suppl\u00e9ments nutritionnels avec un effet fond\u00e9 et prouv\u00e9. Springfield suit de tr\u00e8s pr\u00e8s les nouveaux d\u00e9veloppements dans le secteur des nutriments. Sa devise est \"La sant\u00e9 par la nature, la science et l\u2019innovation\u2019\u2019","breadcrumb":{"@id":"https:\/\/springfieldnutra.acceptatie.indicia-interactiv.nl\/fr\/a-propos-de-springfield\/#breadcrumb"},"inLanguage":"fr-FR","potentialAction":[{"@type":"ReadAction","target":["https:\/\/springfieldnutra.acceptatie.indicia-interactiv.nl\/fr\/a-propos-de-springfield\/"]}]},{"@type":"BreadcrumbList","@id":"https:\/\/springfieldnutra.acceptatie.indicia-interactiv.nl\/fr\/a-propos-de-springfield\/#breadcrumb","itemListElement":[{"@type":"ListItem","position":1,"name":"Home","item":"https:\/\/springfieldnutra.acceptatie.indicia-interactiv.nl\/fr\/voorpagina-2\/"},{"@type":"ListItem","position":2,"name":"\u00c0 propos de Springfield Nutraceuticals"}]},{"@type":"WebSite","@id":"https:\/\/springfieldnutra.acceptatie.indicia-interactiv.nl\/fr\/#website","url":"https:\/\/springfieldnutra.acceptatie.indicia-interactiv.nl\/fr\/","name":"Springfield Nutraceuticals","description":"Voeding kan een positieve bijdrage leveren aan onze gezondheid.","publisher":{"@id":"https:\/\/springfieldnutra.acceptatie.indicia-interactiv.nl\/fr\/#organization"},"potentialAction":[{"@type":"SearchAction","target":{"@type":"EntryPoint","urlTemplate":"https:\/\/springfieldnutra.acceptatie.indicia-interactiv.nl\/fr\/?s={search_term_string}"},"query-input":{"@type":"PropertyValueSpecification","valueRequired":true,"valueName":"search_term_string"}}],"inLanguage":"fr-FR"},{"@type":"Organization","@id":"https:\/\/springfieldnutra.acceptatie.indicia-interactiv.nl\/fr\/#organization","name":"Springfield Nutraceuticals","url":"https:\/\/springfieldnutra.acceptatie.indicia-interactiv.nl\/fr\/","logo":{"@type":"ImageObject","inLanguage":"fr-FR","@id":"https:\/\/springfieldnutra.acceptatie.indicia-interactiv.nl\/fr\/#\/schema\/logo\/image\/","url":"https:\/\/springfieldnutra.acceptatie.indicia-interactiv.nl\/app\/uploads\/2018\/01\/Logo_Springfield.png","contentUrl":"https:\/\/springfieldnutra.acceptatie.indicia-interactiv.nl\/app\/uploads\/2018\/01\/Logo_Springfield.png","width":213,"height":46,"caption":"Springfield Nutraceuticals"},"image":{"@id":"https:\/\/springfieldnutra.acceptatie.indicia-interactiv.nl\/fr\/#\/schema\/logo\/image\/"},"sameAs":["https:\/\/www.facebook.com\/springfieldnutra\/about\/","https:\/\/x.com\/SpringfieldNutr","https:\/\/www.instagram.com\/springfieldnutra\/","https:\/\/www.linkedin.com\/company\/1665278","https:\/\/www.youtube.com\/channel\/UCI6lSWwNNHEzJ0SUTsgljvQ\/about"]}]}},"_links":{"self":[{"href":"https:\/\/springfieldnutra.acceptatie.indicia-interactiv.nl\/fr\/wp-json\/wp\/v2\/pages\/6924","targetHints":{"allow":["GET"]}}],"collection":[{"href":"https:\/\/springfieldnutra.acceptatie.indicia-interactiv.nl\/fr\/wp-json\/wp\/v2\/pages"}],"about":[{"href":"https:\/\/springfieldnutra.acceptatie.indicia-interactiv.nl\/fr\/wp-json\/wp\/v2\/types\/page"}],"author":[{"embeddable":true,"href":"https:\/\/springfieldnutra.acceptatie.indicia-interactiv.nl\/fr\/wp-json\/wp\/v2\/users\/5"}],"replies":[{"embeddable":true,"href":"https:\/\/springfieldnutra.acceptatie.indicia-interactiv.nl\/fr\/wp-json\/wp\/v2\/comments?post=6924"}],"version-history":[{"count":0,"href":"https:\/\/springfieldnutra.acceptatie.indicia-interactiv.nl\/fr\/wp-json\/wp\/v2\/pages\/6924\/revisions"}],"wp:attachment":[{"href":"https:\/\/springfieldnutra.acceptatie.indicia-interactiv.nl\/fr\/wp-json\/wp\/v2\/media?parent=6924"}],"curies":[{"name":"wp","href":"https:\/\/api.w.org\/{rel}","templated":true}]}}