{"id":17970,"date":"2020-03-25T11:09:58","date_gmt":"2020-03-25T10:09:58","guid":{"rendered":"http:\/\/springfieldnutra.acceptatie.indicia-interactiv.nl\/webshop\/zypect-modified-citrus-pectin\/"},"modified":"2022-03-08T10:41:58","modified_gmt":"2022-03-08T09:41:58","slug":"zypect-modified-citrus-pectin","status":"publish","type":"product","link":"https:\/\/springfieldnutra.acceptatie.indicia-interactiv.nl\/fr\/boutique\/zypect-modified-citrus-pectin\/","title":{"rendered":"ZyPect pectine d&rsquo;agrumes modifi\u00e9e"},"content":{"rendered":"<h4>Usage recommand\u00e9<\/h4>\n<p><strong>Capsules: <\/strong>1 \u00e0 3 x par jour 1 \u00e0 6 capsules.<br \/>\n<strong>Poudre: <\/strong>1 \u00e0 3 x par jour 3 \u00e0 5 grammes de poudre \u00e0 dissoudre dans de l&rsquo;eau. cuill\u00e8re doseuse d&rsquo; 1 ml (incluse) correspond \u00e0 1 gramme.<br \/>\n\u00c0 prendre une demi heure avant le repas.<\/p>\n<h4>Remarque<\/h4>\n<p>Convient aux v\u00e9g\u00e9tariens et v\u00e9g\u00e9taliens.<\/p>\n","protected":false},"excerpt":{"rendered":"<ul>\n<li>Pectine d&rsquo;agrumes modifi\u00e9e de haute puret\u00e9 et qualit\u00e9<\/li>\n<li>Substance biologiquement active avec plusieurs propri\u00e9t\u00e9s positives<\/li>\n<li>Un processus naturel brevet\u00e9 assure une meilleure absorption de la pectine<\/li>\n<li>Convient aux v\u00e9g\u00e9tariens et v\u00e9g\u00e9taliens<\/li>\n<\/ul>\n","protected":false},"featured_media":21185,"comment_status":"open","ping_status":"closed","template":"","meta":{"_acf_changed":false},"product_brand":[],"product_cat":[8940,8535,8901,8937,9191],"product_tag":[8538,8941,9192,8939],"class_list":{"0":"post-17970","1":"product","2":"type-product","3":"status-publish","4":"has-post-thumbnail","6":"product_cat-citrus-fr","7":"product_cat-digestion-fr","8":"product_cat-hart-bloedvaten-fr","9":"product_cat-speciale-supplementen-fr","10":"product_cat-vegan-fr","11":"product_tag-digestion-fr","12":"product_tag-specialites-fr","13":"product_tag-vegetalien-fr","14":"product_tag-vegetarien-fr","16":"first","17":"instock","18":"taxable","19":"shipping-taxable","20":"purchasable","21":"product-type-variable"},"acf":[],"yoast_head":"<!-- This site is optimized with the Yoast SEO Premium plugin v27.1 (Yoast SEO v27.1.1) - https:\/\/yoast.com\/product\/yoast-seo-premium-wordpress\/ -->\n<title>ZyPect pectine d&#039;agrumes modifi\u00e9e | Springfield Nutraceuticals<\/title>\n<meta name=\"robots\" content=\"noindex, follow, max-snippet:-1, max-image-preview:large, max-video-preview:-1\" \/>\n<meta property=\"og:locale\" content=\"fr_FR\" \/>\n<meta property=\"og:type\" content=\"article\" \/>\n<meta property=\"og:title\" content=\"ZyPect pectine d&#039;agrumes modifi\u00e9e\" \/>\n<meta property=\"og:description\" content=\"Pectine d&#039;agrumes modifi\u00e9e de haute puret\u00e9 et qualit\u00e9  Substance biologiquement active avec plusieurs propri\u00e9t\u00e9s positives  Un processus naturel brevet\u00e9 assure une meilleure absorption de la pectine  Convient aux v\u00e9g\u00e9tariens et v\u00e9g\u00e9taliens\" \/>\n<meta property=\"og:url\" content=\"https:\/\/springfieldnutra.acceptatie.indicia-interactiv.nl\/fr\/boutique\/zypect-modified-citrus-pectin\/\" \/>\n<meta property=\"og:site_name\" content=\"Springfield Nutraceuticals\" \/>\n<meta property=\"article:publisher\" content=\"https:\/\/www.facebook.com\/springfieldnutra\/about\/\" \/>\n<meta property=\"article:modified_time\" content=\"2022-03-08T09:41:58+00:00\" \/>\n<meta property=\"og:image\" content=\"https:\/\/springfieldnutra.acceptatie.indicia-interactiv.nl\/app\/uploads\/2018\/03\/Zypect-gemodificeerde-citrus-pectine-180-V-capsules-vegan.jpg\" \/>\n\t<meta property=\"og:image:width\" content=\"1340\" \/>\n\t<meta property=\"og:image:height\" content=\"1520\" \/>\n\t<meta property=\"og:image:type\" content=\"image\/jpeg\" \/>\n<meta name=\"twitter:card\" content=\"summary_large_image\" \/>\n<meta name=\"twitter:site\" content=\"@SpringfieldNutr\" \/>\n<meta name=\"twitter:label1\" content=\"Availability\" \/>\n\t<meta name=\"twitter:data1\" content=\"In stock\" \/>\n<script type=\"application\/ld+json\" class=\"yoast-schema-graph\">{\"@context\":\"https:\/\/schema.org\",\"@graph\":[{\"@type\":\"WebPage\",\"@id\":\"https:\/\/springfieldnutra.acceptatie.indicia-interactiv.nl\/fr\/boutique\/zypect-modified-citrus-pectin\/\",\"url\":\"https:\/\/springfieldnutra.acceptatie.indicia-interactiv.nl\/fr\/boutique\/zypect-modified-citrus-pectin\/\",\"name\":\"ZyPect pectine d'agrumes modifi\u00e9e | Springfield Nutraceuticals\",\"isPartOf\":{\"@id\":\"https:\/\/springfieldnutra.acceptatie.indicia-interactiv.nl\/fr\/#website\"},\"primaryImageOfPage\":{\"@id\":\"https:\/\/springfieldnutra.acceptatie.indicia-interactiv.nl\/fr\/boutique\/zypect-modified-citrus-pectin\/#primaryimage\"},\"image\":{\"@id\":\"https:\/\/springfieldnutra.acceptatie.indicia-interactiv.nl\/fr\/boutique\/zypect-modified-citrus-pectin\/#primaryimage\"},\"thumbnailUrl\":\"https:\/\/springfieldnutra.acceptatie.indicia-interactiv.nl\/app\/uploads\/2018\/03\/Zypect-gemodificeerde-citrus-pectine-180-V-capsules-vegan.jpg\",\"datePublished\":\"2020-03-25T10:09:58+00:00\",\"dateModified\":\"2022-03-08T09:41:58+00:00\",\"breadcrumb\":{\"@id\":\"https:\/\/springfieldnutra.acceptatie.indicia-interactiv.nl\/fr\/boutique\/zypect-modified-citrus-pectin\/#breadcrumb\"},\"inLanguage\":\"fr-FR\",\"potentialAction\":[{\"@type\":\"ReadAction\",\"target\":[\"https:\/\/springfieldnutra.acceptatie.indicia-interactiv.nl\/fr\/boutique\/zypect-modified-citrus-pectin\/\"]}]},{\"@type\":\"ImageObject\",\"inLanguage\":\"fr-FR\",\"@id\":\"https:\/\/springfieldnutra.acceptatie.indicia-interactiv.nl\/fr\/boutique\/zypect-modified-citrus-pectin\/#primaryimage\",\"url\":\"https:\/\/springfieldnutra.acceptatie.indicia-interactiv.nl\/app\/uploads\/2018\/03\/Zypect-gemodificeerde-citrus-pectine-180-V-capsules-vegan.jpg\",\"contentUrl\":\"https:\/\/springfieldnutra.acceptatie.indicia-interactiv.nl\/app\/uploads\/2018\/03\/Zypect-gemodificeerde-citrus-pectine-180-V-capsules-vegan.jpg\",\"width\":1340,\"height\":1520,\"caption\":\"Zypect gemodificeerde citrus pectine 180-V-capsules vegan\"},{\"@type\":\"BreadcrumbList\",\"@id\":\"https:\/\/springfieldnutra.acceptatie.indicia-interactiv.nl\/fr\/boutique\/zypect-modified-citrus-pectin\/#breadcrumb\",\"itemListElement\":[{\"@type\":\"ListItem\",\"position\":1,\"name\":\"Home\",\"item\":\"https:\/\/springfieldnutra.acceptatie.indicia-interactiv.nl\/fr\/voorpagina-2\/\"},{\"@type\":\"ListItem\",\"position\":2,\"name\":\"Boutique\",\"item\":\"https:\/\/springfieldnutra.acceptatie.indicia-interactiv.nl\/fr\/boutique\/\"},{\"@type\":\"ListItem\",\"position\":3,\"name\":\"ZyPect pectine d&#8217;agrumes modifi\u00e9e\"}]},{\"@type\":\"WebSite\",\"@id\":\"https:\/\/springfieldnutra.acceptatie.indicia-interactiv.nl\/fr\/#website\",\"url\":\"https:\/\/springfieldnutra.acceptatie.indicia-interactiv.nl\/fr\/\",\"name\":\"Springfield Nutraceuticals\",\"description\":\"Voeding kan een positieve bijdrage leveren aan onze gezondheid.\",\"publisher\":{\"@id\":\"https:\/\/springfieldnutra.acceptatie.indicia-interactiv.nl\/fr\/#organization\"},\"potentialAction\":[{\"@type\":\"SearchAction\",\"target\":{\"@type\":\"EntryPoint\",\"urlTemplate\":\"https:\/\/springfieldnutra.acceptatie.indicia-interactiv.nl\/fr\/?s={search_term_string}\"},\"query-input\":{\"@type\":\"PropertyValueSpecification\",\"valueRequired\":true,\"valueName\":\"search_term_string\"}}],\"inLanguage\":\"fr-FR\"},{\"@type\":\"Organization\",\"@id\":\"https:\/\/springfieldnutra.acceptatie.indicia-interactiv.nl\/fr\/#organization\",\"name\":\"Springfield Nutraceuticals\",\"url\":\"https:\/\/springfieldnutra.acceptatie.indicia-interactiv.nl\/fr\/\",\"logo\":{\"@type\":\"ImageObject\",\"inLanguage\":\"fr-FR\",\"@id\":\"https:\/\/springfieldnutra.acceptatie.indicia-interactiv.nl\/fr\/#\/schema\/logo\/image\/\",\"url\":\"https:\/\/springfieldnutra.acceptatie.indicia-interactiv.nl\/app\/uploads\/2018\/01\/Logo_Springfield.png\",\"contentUrl\":\"https:\/\/springfieldnutra.acceptatie.indicia-interactiv.nl\/app\/uploads\/2018\/01\/Logo_Springfield.png\",\"width\":213,\"height\":46,\"caption\":\"Springfield Nutraceuticals\"},\"image\":{\"@id\":\"https:\/\/springfieldnutra.acceptatie.indicia-interactiv.nl\/fr\/#\/schema\/logo\/image\/\"},\"sameAs\":[\"https:\/\/www.facebook.com\/springfieldnutra\/about\/\",\"https:\/\/x.com\/SpringfieldNutr\",\"https:\/\/www.instagram.com\/springfieldnutra\/\",\"https:\/\/www.linkedin.com\/company\/1665278\",\"https:\/\/www.youtube.com\/channel\/UCI6lSWwNNHEzJ0SUTsgljvQ\/about\"]}]}<\/script>\n<meta property=\"og:availability\" content=\"instock\" \/>\n<meta property=\"product:availability\" content=\"instock\" \/>\n<meta property=\"product:retailer_item_id\" content=\"27445\" \/>\n<meta property=\"product:condition\" content=\"new\" \/>\n<!-- \/ Yoast SEO Premium plugin. -->","yoast_head_json":{"title":"ZyPect pectine d'agrumes modifi\u00e9e | Springfield Nutraceuticals","robots":{"index":"noindex","follow":"follow","max-snippet":"max-snippet:-1","max-image-preview":"max-image-preview:large","max-video-preview":"max-video-preview:-1"},"og_locale":"fr_FR","og_type":"article","og_title":"ZyPect pectine d'agrumes modifi\u00e9e","og_description":"Pectine d'agrumes modifi\u00e9e de haute puret\u00e9 et qualit\u00e9  Substance biologiquement active avec plusieurs propri\u00e9t\u00e9s positives  Un processus naturel brevet\u00e9 assure une meilleure absorption de la pectine  Convient aux v\u00e9g\u00e9tariens et v\u00e9g\u00e9taliens","og_url":"https:\/\/springfieldnutra.acceptatie.indicia-interactiv.nl\/fr\/boutique\/zypect-modified-citrus-pectin\/","og_site_name":"Springfield Nutraceuticals","article_publisher":"https:\/\/www.facebook.com\/springfieldnutra\/about\/","article_modified_time":"2022-03-08T09:41:58+00:00","og_image":[{"width":1340,"height":1520,"url":"https:\/\/springfieldnutra.acceptatie.indicia-interactiv.nl\/app\/uploads\/2018\/03\/Zypect-gemodificeerde-citrus-pectine-180-V-capsules-vegan.jpg","type":"image\/jpeg"}],"twitter_card":"summary_large_image","twitter_site":"@SpringfieldNutr","twitter_misc":{"Availability":"In stock"},"schema":{"@context":"https:\/\/schema.org","@graph":[{"@type":"WebPage","@id":"https:\/\/springfieldnutra.acceptatie.indicia-interactiv.nl\/fr\/boutique\/zypect-modified-citrus-pectin\/","url":"https:\/\/springfieldnutra.acceptatie.indicia-interactiv.nl\/fr\/boutique\/zypect-modified-citrus-pectin\/","name":"ZyPect pectine d'agrumes modifi\u00e9e | Springfield Nutraceuticals","isPartOf":{"@id":"https:\/\/springfieldnutra.acceptatie.indicia-interactiv.nl\/fr\/#website"},"primaryImageOfPage":{"@id":"https:\/\/springfieldnutra.acceptatie.indicia-interactiv.nl\/fr\/boutique\/zypect-modified-citrus-pectin\/#primaryimage"},"image":{"@id":"https:\/\/springfieldnutra.acceptatie.indicia-interactiv.nl\/fr\/boutique\/zypect-modified-citrus-pectin\/#primaryimage"},"thumbnailUrl":"https:\/\/springfieldnutra.acceptatie.indicia-interactiv.nl\/app\/uploads\/2018\/03\/Zypect-gemodificeerde-citrus-pectine-180-V-capsules-vegan.jpg","datePublished":"2020-03-25T10:09:58+00:00","dateModified":"2022-03-08T09:41:58+00:00","breadcrumb":{"@id":"https:\/\/springfieldnutra.acceptatie.indicia-interactiv.nl\/fr\/boutique\/zypect-modified-citrus-pectin\/#breadcrumb"},"inLanguage":"fr-FR","potentialAction":[{"@type":"ReadAction","target":["https:\/\/springfieldnutra.acceptatie.indicia-interactiv.nl\/fr\/boutique\/zypect-modified-citrus-pectin\/"]}]},{"@type":"ImageObject","inLanguage":"fr-FR","@id":"https:\/\/springfieldnutra.acceptatie.indicia-interactiv.nl\/fr\/boutique\/zypect-modified-citrus-pectin\/#primaryimage","url":"https:\/\/springfieldnutra.acceptatie.indicia-interactiv.nl\/app\/uploads\/2018\/03\/Zypect-gemodificeerde-citrus-pectine-180-V-capsules-vegan.jpg","contentUrl":"https:\/\/springfieldnutra.acceptatie.indicia-interactiv.nl\/app\/uploads\/2018\/03\/Zypect-gemodificeerde-citrus-pectine-180-V-capsules-vegan.jpg","width":1340,"height":1520,"caption":"Zypect gemodificeerde citrus pectine 180-V-capsules vegan"},{"@type":"BreadcrumbList","@id":"https:\/\/springfieldnutra.acceptatie.indicia-interactiv.nl\/fr\/boutique\/zypect-modified-citrus-pectin\/#breadcrumb","itemListElement":[{"@type":"ListItem","position":1,"name":"Home","item":"https:\/\/springfieldnutra.acceptatie.indicia-interactiv.nl\/fr\/voorpagina-2\/"},{"@type":"ListItem","position":2,"name":"Boutique","item":"https:\/\/springfieldnutra.acceptatie.indicia-interactiv.nl\/fr\/boutique\/"},{"@type":"ListItem","position":3,"name":"ZyPect pectine d&#8217;agrumes modifi\u00e9e"}]},{"@type":"WebSite","@id":"https:\/\/springfieldnutra.acceptatie.indicia-interactiv.nl\/fr\/#website","url":"https:\/\/springfieldnutra.acceptatie.indicia-interactiv.nl\/fr\/","name":"Springfield Nutraceuticals","description":"Voeding kan een positieve bijdrage leveren aan onze gezondheid.","publisher":{"@id":"https:\/\/springfieldnutra.acceptatie.indicia-interactiv.nl\/fr\/#organization"},"potentialAction":[{"@type":"SearchAction","target":{"@type":"EntryPoint","urlTemplate":"https:\/\/springfieldnutra.acceptatie.indicia-interactiv.nl\/fr\/?s={search_term_string}"},"query-input":{"@type":"PropertyValueSpecification","valueRequired":true,"valueName":"search_term_string"}}],"inLanguage":"fr-FR"},{"@type":"Organization","@id":"https:\/\/springfieldnutra.acceptatie.indicia-interactiv.nl\/fr\/#organization","name":"Springfield Nutraceuticals","url":"https:\/\/springfieldnutra.acceptatie.indicia-interactiv.nl\/fr\/","logo":{"@type":"ImageObject","inLanguage":"fr-FR","@id":"https:\/\/springfieldnutra.acceptatie.indicia-interactiv.nl\/fr\/#\/schema\/logo\/image\/","url":"https:\/\/springfieldnutra.acceptatie.indicia-interactiv.nl\/app\/uploads\/2018\/01\/Logo_Springfield.png","contentUrl":"https:\/\/springfieldnutra.acceptatie.indicia-interactiv.nl\/app\/uploads\/2018\/01\/Logo_Springfield.png","width":213,"height":46,"caption":"Springfield Nutraceuticals"},"image":{"@id":"https:\/\/springfieldnutra.acceptatie.indicia-interactiv.nl\/fr\/#\/schema\/logo\/image\/"},"sameAs":["https:\/\/www.facebook.com\/springfieldnutra\/about\/","https:\/\/x.com\/SpringfieldNutr","https:\/\/www.instagram.com\/springfieldnutra\/","https:\/\/www.linkedin.com\/company\/1665278","https:\/\/www.youtube.com\/channel\/UCI6lSWwNNHEzJ0SUTsgljvQ\/about"]}]},"og_availability":"instock","product_availability":"instock","product_retailer_item_id":"27445","product_condition":"new"},"_links":{"self":[{"href":"https:\/\/springfieldnutra.acceptatie.indicia-interactiv.nl\/fr\/wp-json\/wp\/v2\/product\/17970","targetHints":{"allow":["GET"]}}],"collection":[{"href":"https:\/\/springfieldnutra.acceptatie.indicia-interactiv.nl\/fr\/wp-json\/wp\/v2\/product"}],"about":[{"href":"https:\/\/springfieldnutra.acceptatie.indicia-interactiv.nl\/fr\/wp-json\/wp\/v2\/types\/product"}],"replies":[{"embeddable":true,"href":"https:\/\/springfieldnutra.acceptatie.indicia-interactiv.nl\/fr\/wp-json\/wp\/v2\/comments?post=17970"}],"wp:featuredmedia":[{"embeddable":true,"href":"https:\/\/springfieldnutra.acceptatie.indicia-interactiv.nl\/fr\/wp-json\/wp\/v2\/media\/21185"}],"wp:attachment":[{"href":"https:\/\/springfieldnutra.acceptatie.indicia-interactiv.nl\/fr\/wp-json\/wp\/v2\/media?parent=17970"}],"wp:term":[{"taxonomy":"product_brand","embeddable":true,"href":"https:\/\/springfieldnutra.acceptatie.indicia-interactiv.nl\/fr\/wp-json\/wp\/v2\/product_brand?post=17970"},{"taxonomy":"product_cat","embeddable":true,"href":"https:\/\/springfieldnutra.acceptatie.indicia-interactiv.nl\/fr\/wp-json\/wp\/v2\/product_cat?post=17970"},{"taxonomy":"product_tag","embeddable":true,"href":"https:\/\/springfieldnutra.acceptatie.indicia-interactiv.nl\/fr\/wp-json\/wp\/v2\/product_tag?post=17970"}],"curies":[{"name":"wp","href":"https:\/\/api.w.org\/{rel}","templated":true}]}}