{"id":17975,"date":"2020-03-25T11:09:45","date_gmt":"2020-03-25T10:09:45","guid":{"rendered":"http:\/\/springfieldnutra.acceptatie.indicia-interactiv.nl\/webshop\/whey-proteine\/"},"modified":"2020-10-14T09:32:28","modified_gmt":"2020-10-14T07:32:28","slug":"whey-proteine","status":"publish","type":"product","link":"https:\/\/springfieldnutra.acceptatie.indicia-interactiv.nl\/fr\/boutique\/whey-proteine\/","title":{"rendered":"Whey prot\u00e9ine"},"content":{"rendered":"<h4>Usage recommand\u00e9<\/h4>\n<p>1 \u00e0 3 fois par jour 1 grande cuill\u00e8re doseuse (= environ 10 grammes, incluse dans l&#8217;emballage).<br \/>\nLa poudre whey peut \u00eatre dissoute dans des liquides froids (ne pas dissoudre dans une boisson ou un plat chaud).<br \/>\nBien m\u00e9langer avec un fouet ou un mixeur plongeant.<\/p>\n<h4>Remarques<\/h4>\n<ul>\n<li>Fabriqu\u00e9 \u00e0 partir de lait de vache et contient du lactose.<\/li>\n<li>La prot\u00e9ine whey de Springfield est un produit naturel et ne contient pas de colorants, d&rsquo;ar\u00f4mes et d&rsquo;\u00e9dulcorants artificiels.<\/li>\n<\/ul>\n","protected":false},"excerpt":{"rendered":"<ul>\n<li>Concentr\u00e9 de prot\u00e9ines de whey 80% &#8211; riche en acides amin\u00e9s<\/li>\n<li>Prot\u00e9ines de whey de haute qualit\u00e9 sans colorant ni ar\u00f4me<\/li>\n<li>Go\u00fbt neutre<\/li>\n<li>Contient des acides amin\u00e9s essentiels et non essentiels<\/li>\n<\/ul>\n","protected":false},"featured_media":14481,"comment_status":"open","ping_status":"closed","template":"","meta":{"_acf_changed":false},"product_brand":[],"product_cat":[8905,8918,8890],"product_tag":[8907,8921,8949,8947,8948],"class_list":{"0":"post-17975","1":"product","2":"type-product","3":"status-publish","4":"has-post-thumbnail","6":"product_cat-immuunfunctie-fr","7":"product_cat-muscles-fr","8":"product_cat-sport-fr","9":"product_tag-acides-amines","10":"product_tag-muscles-fr","11":"product_tag-proteinen-fr","12":"product_tag-sport-fr","13":"product_tag-whey-proteine-fr","15":"first","16":"instock","17":"taxable","18":"shipping-taxable","19":"purchasable","20":"product-type-simple"},"acf":[],"yoast_head":"<!-- This site is optimized with the Yoast SEO Premium plugin v27.1 (Yoast SEO v27.1.1) - https:\/\/yoast.com\/product\/yoast-seo-premium-wordpress\/ -->\n<title>Whey prot\u00e9ine | Springfield Nutraceuticals<\/title>\n<meta name=\"robots\" content=\"noindex, follow, max-snippet:-1, max-image-preview:large, max-video-preview:-1\" \/>\n<meta property=\"og:locale\" content=\"fr_FR\" \/>\n<meta property=\"og:type\" content=\"article\" \/>\n<meta property=\"og:title\" content=\"Whey prot\u00e9ine\" \/>\n<meta property=\"og:description\" content=\"Concentr\u00e9 de prot\u00e9ines de whey 80% - riche en acides amin\u00e9s  Prot\u00e9ines de whey de haute qualit\u00e9 sans colorant ni ar\u00f4me  Go\u00fbt neutre  Contient des acides amin\u00e9s essentiels et non essentiels\" \/>\n<meta property=\"og:url\" content=\"https:\/\/springfieldnutra.acceptatie.indicia-interactiv.nl\/fr\/boutique\/whey-proteine\/\" \/>\n<meta property=\"og:site_name\" content=\"Springfield Nutraceuticals\" \/>\n<meta property=\"article:publisher\" content=\"https:\/\/www.facebook.com\/springfieldnutra\/about\/\" \/>\n<meta property=\"article:modified_time\" content=\"2020-10-14T07:32:28+00:00\" \/>\n<meta property=\"og:image\" content=\"https:\/\/springfieldnutra.acceptatie.indicia-interactiv.nl\/app\/uploads\/2020\/03\/Weiproteine-Concentraat-80-500-gram.jpg\" \/>\n\t<meta property=\"og:image:width\" content=\"1340\" \/>\n\t<meta property=\"og:image:height\" content=\"1520\" \/>\n\t<meta property=\"og:image:type\" content=\"image\/jpeg\" \/>\n<meta name=\"twitter:card\" content=\"summary_large_image\" \/>\n<meta name=\"twitter:site\" content=\"@SpringfieldNutr\" \/>\n<meta name=\"twitter:label1\" content=\"Price\" \/>\n\t<meta name=\"twitter:data1\" content=\"&euro; 23,95\" \/>\n\t<meta name=\"twitter:label2\" content=\"Availability\" \/>\n\t<meta name=\"twitter:data2\" content=\"In stock\" \/>\n<script type=\"application\/ld+json\" class=\"yoast-schema-graph\">{\"@context\":\"https:\/\/schema.org\",\"@graph\":[{\"@type\":\"WebPage\",\"@id\":\"https:\/\/springfieldnutra.acceptatie.indicia-interactiv.nl\/fr\/boutique\/whey-proteine\/\",\"url\":\"https:\/\/springfieldnutra.acceptatie.indicia-interactiv.nl\/fr\/boutique\/whey-proteine\/\",\"name\":\"Whey prot\u00e9ine | Springfield Nutraceuticals\",\"isPartOf\":{\"@id\":\"https:\/\/springfieldnutra.acceptatie.indicia-interactiv.nl\/fr\/#website\"},\"primaryImageOfPage\":{\"@id\":\"https:\/\/springfieldnutra.acceptatie.indicia-interactiv.nl\/fr\/boutique\/whey-proteine\/#primaryimage\"},\"image\":{\"@id\":\"https:\/\/springfieldnutra.acceptatie.indicia-interactiv.nl\/fr\/boutique\/whey-proteine\/#primaryimage\"},\"thumbnailUrl\":\"https:\/\/springfieldnutra.acceptatie.indicia-interactiv.nl\/app\/uploads\/2020\/03\/Weiproteine-Concentraat-80-500-gram.jpg\",\"datePublished\":\"2020-03-25T10:09:45+00:00\",\"dateModified\":\"2020-10-14T07:32:28+00:00\",\"breadcrumb\":{\"@id\":\"https:\/\/springfieldnutra.acceptatie.indicia-interactiv.nl\/fr\/boutique\/whey-proteine\/#breadcrumb\"},\"inLanguage\":\"fr-FR\",\"potentialAction\":[{\"@type\":\"ReadAction\",\"target\":[\"https:\/\/springfieldnutra.acceptatie.indicia-interactiv.nl\/fr\/boutique\/whey-proteine\/\"]}]},{\"@type\":\"ImageObject\",\"inLanguage\":\"fr-FR\",\"@id\":\"https:\/\/springfieldnutra.acceptatie.indicia-interactiv.nl\/fr\/boutique\/whey-proteine\/#primaryimage\",\"url\":\"https:\/\/springfieldnutra.acceptatie.indicia-interactiv.nl\/app\/uploads\/2020\/03\/Weiproteine-Concentraat-80-500-gram.jpg\",\"contentUrl\":\"https:\/\/springfieldnutra.acceptatie.indicia-interactiv.nl\/app\/uploads\/2020\/03\/Weiproteine-Concentraat-80-500-gram.jpg\",\"width\":1340,\"height\":1520},{\"@type\":\"BreadcrumbList\",\"@id\":\"https:\/\/springfieldnutra.acceptatie.indicia-interactiv.nl\/fr\/boutique\/whey-proteine\/#breadcrumb\",\"itemListElement\":[{\"@type\":\"ListItem\",\"position\":1,\"name\":\"Home\",\"item\":\"https:\/\/springfieldnutra.acceptatie.indicia-interactiv.nl\/fr\/voorpagina-2\/\"},{\"@type\":\"ListItem\",\"position\":2,\"name\":\"Boutique\",\"item\":\"https:\/\/springfieldnutra.acceptatie.indicia-interactiv.nl\/fr\/boutique\/\"},{\"@type\":\"ListItem\",\"position\":3,\"name\":\"Whey prot\u00e9ine\"}]},{\"@type\":\"WebSite\",\"@id\":\"https:\/\/springfieldnutra.acceptatie.indicia-interactiv.nl\/fr\/#website\",\"url\":\"https:\/\/springfieldnutra.acceptatie.indicia-interactiv.nl\/fr\/\",\"name\":\"Springfield Nutraceuticals\",\"description\":\"Voeding kan een positieve bijdrage leveren aan onze gezondheid.\",\"publisher\":{\"@id\":\"https:\/\/springfieldnutra.acceptatie.indicia-interactiv.nl\/fr\/#organization\"},\"potentialAction\":[{\"@type\":\"SearchAction\",\"target\":{\"@type\":\"EntryPoint\",\"urlTemplate\":\"https:\/\/springfieldnutra.acceptatie.indicia-interactiv.nl\/fr\/?s={search_term_string}\"},\"query-input\":{\"@type\":\"PropertyValueSpecification\",\"valueRequired\":true,\"valueName\":\"search_term_string\"}}],\"inLanguage\":\"fr-FR\"},{\"@type\":\"Organization\",\"@id\":\"https:\/\/springfieldnutra.acceptatie.indicia-interactiv.nl\/fr\/#organization\",\"name\":\"Springfield Nutraceuticals\",\"url\":\"https:\/\/springfieldnutra.acceptatie.indicia-interactiv.nl\/fr\/\",\"logo\":{\"@type\":\"ImageObject\",\"inLanguage\":\"fr-FR\",\"@id\":\"https:\/\/springfieldnutra.acceptatie.indicia-interactiv.nl\/fr\/#\/schema\/logo\/image\/\",\"url\":\"https:\/\/springfieldnutra.acceptatie.indicia-interactiv.nl\/app\/uploads\/2018\/01\/Logo_Springfield.png\",\"contentUrl\":\"https:\/\/springfieldnutra.acceptatie.indicia-interactiv.nl\/app\/uploads\/2018\/01\/Logo_Springfield.png\",\"width\":213,\"height\":46,\"caption\":\"Springfield Nutraceuticals\"},\"image\":{\"@id\":\"https:\/\/springfieldnutra.acceptatie.indicia-interactiv.nl\/fr\/#\/schema\/logo\/image\/\"},\"sameAs\":[\"https:\/\/www.facebook.com\/springfieldnutra\/about\/\",\"https:\/\/x.com\/SpringfieldNutr\",\"https:\/\/www.instagram.com\/springfieldnutra\/\",\"https:\/\/www.linkedin.com\/company\/1665278\",\"https:\/\/www.youtube.com\/channel\/UCI6lSWwNNHEzJ0SUTsgljvQ\/about\"]}]}<\/script>\n<meta property=\"product:price:amount\" content=\"23.95\" \/>\n<meta property=\"product:price:currency\" content=\"EUR\" \/>\n<meta property=\"og:availability\" content=\"instock\" \/>\n<meta property=\"product:availability\" content=\"instock\" \/>\n<meta property=\"product:retailer_item_id\" content=\"27853\" \/>\n<meta property=\"product:condition\" content=\"new\" \/>\n<!-- \/ Yoast SEO Premium plugin. -->","yoast_head_json":{"title":"Whey prot\u00e9ine | Springfield Nutraceuticals","robots":{"index":"noindex","follow":"follow","max-snippet":"max-snippet:-1","max-image-preview":"max-image-preview:large","max-video-preview":"max-video-preview:-1"},"og_locale":"fr_FR","og_type":"article","og_title":"Whey prot\u00e9ine","og_description":"Concentr\u00e9 de prot\u00e9ines de whey 80% - riche en acides amin\u00e9s  Prot\u00e9ines de whey de haute qualit\u00e9 sans colorant ni ar\u00f4me  Go\u00fbt neutre  Contient des acides amin\u00e9s essentiels et non essentiels","og_url":"https:\/\/springfieldnutra.acceptatie.indicia-interactiv.nl\/fr\/boutique\/whey-proteine\/","og_site_name":"Springfield Nutraceuticals","article_publisher":"https:\/\/www.facebook.com\/springfieldnutra\/about\/","article_modified_time":"2020-10-14T07:32:28+00:00","og_image":[{"width":1340,"height":1520,"url":"https:\/\/springfieldnutra.acceptatie.indicia-interactiv.nl\/app\/uploads\/2020\/03\/Weiproteine-Concentraat-80-500-gram.jpg","type":"image\/jpeg"}],"twitter_card":"summary_large_image","twitter_site":"@SpringfieldNutr","twitter_misc":{"Price":"&euro; 23,95","Availability":"In stock"},"schema":{"@context":"https:\/\/schema.org","@graph":[{"@type":"WebPage","@id":"https:\/\/springfieldnutra.acceptatie.indicia-interactiv.nl\/fr\/boutique\/whey-proteine\/","url":"https:\/\/springfieldnutra.acceptatie.indicia-interactiv.nl\/fr\/boutique\/whey-proteine\/","name":"Whey prot\u00e9ine | Springfield Nutraceuticals","isPartOf":{"@id":"https:\/\/springfieldnutra.acceptatie.indicia-interactiv.nl\/fr\/#website"},"primaryImageOfPage":{"@id":"https:\/\/springfieldnutra.acceptatie.indicia-interactiv.nl\/fr\/boutique\/whey-proteine\/#primaryimage"},"image":{"@id":"https:\/\/springfieldnutra.acceptatie.indicia-interactiv.nl\/fr\/boutique\/whey-proteine\/#primaryimage"},"thumbnailUrl":"https:\/\/springfieldnutra.acceptatie.indicia-interactiv.nl\/app\/uploads\/2020\/03\/Weiproteine-Concentraat-80-500-gram.jpg","datePublished":"2020-03-25T10:09:45+00:00","dateModified":"2020-10-14T07:32:28+00:00","breadcrumb":{"@id":"https:\/\/springfieldnutra.acceptatie.indicia-interactiv.nl\/fr\/boutique\/whey-proteine\/#breadcrumb"},"inLanguage":"fr-FR","potentialAction":[{"@type":"ReadAction","target":["https:\/\/springfieldnutra.acceptatie.indicia-interactiv.nl\/fr\/boutique\/whey-proteine\/"]}]},{"@type":"ImageObject","inLanguage":"fr-FR","@id":"https:\/\/springfieldnutra.acceptatie.indicia-interactiv.nl\/fr\/boutique\/whey-proteine\/#primaryimage","url":"https:\/\/springfieldnutra.acceptatie.indicia-interactiv.nl\/app\/uploads\/2020\/03\/Weiproteine-Concentraat-80-500-gram.jpg","contentUrl":"https:\/\/springfieldnutra.acceptatie.indicia-interactiv.nl\/app\/uploads\/2020\/03\/Weiproteine-Concentraat-80-500-gram.jpg","width":1340,"height":1520},{"@type":"BreadcrumbList","@id":"https:\/\/springfieldnutra.acceptatie.indicia-interactiv.nl\/fr\/boutique\/whey-proteine\/#breadcrumb","itemListElement":[{"@type":"ListItem","position":1,"name":"Home","item":"https:\/\/springfieldnutra.acceptatie.indicia-interactiv.nl\/fr\/voorpagina-2\/"},{"@type":"ListItem","position":2,"name":"Boutique","item":"https:\/\/springfieldnutra.acceptatie.indicia-interactiv.nl\/fr\/boutique\/"},{"@type":"ListItem","position":3,"name":"Whey prot\u00e9ine"}]},{"@type":"WebSite","@id":"https:\/\/springfieldnutra.acceptatie.indicia-interactiv.nl\/fr\/#website","url":"https:\/\/springfieldnutra.acceptatie.indicia-interactiv.nl\/fr\/","name":"Springfield Nutraceuticals","description":"Voeding kan een positieve bijdrage leveren aan onze gezondheid.","publisher":{"@id":"https:\/\/springfieldnutra.acceptatie.indicia-interactiv.nl\/fr\/#organization"},"potentialAction":[{"@type":"SearchAction","target":{"@type":"EntryPoint","urlTemplate":"https:\/\/springfieldnutra.acceptatie.indicia-interactiv.nl\/fr\/?s={search_term_string}"},"query-input":{"@type":"PropertyValueSpecification","valueRequired":true,"valueName":"search_term_string"}}],"inLanguage":"fr-FR"},{"@type":"Organization","@id":"https:\/\/springfieldnutra.acceptatie.indicia-interactiv.nl\/fr\/#organization","name":"Springfield Nutraceuticals","url":"https:\/\/springfieldnutra.acceptatie.indicia-interactiv.nl\/fr\/","logo":{"@type":"ImageObject","inLanguage":"fr-FR","@id":"https:\/\/springfieldnutra.acceptatie.indicia-interactiv.nl\/fr\/#\/schema\/logo\/image\/","url":"https:\/\/springfieldnutra.acceptatie.indicia-interactiv.nl\/app\/uploads\/2018\/01\/Logo_Springfield.png","contentUrl":"https:\/\/springfieldnutra.acceptatie.indicia-interactiv.nl\/app\/uploads\/2018\/01\/Logo_Springfield.png","width":213,"height":46,"caption":"Springfield Nutraceuticals"},"image":{"@id":"https:\/\/springfieldnutra.acceptatie.indicia-interactiv.nl\/fr\/#\/schema\/logo\/image\/"},"sameAs":["https:\/\/www.facebook.com\/springfieldnutra\/about\/","https:\/\/x.com\/SpringfieldNutr","https:\/\/www.instagram.com\/springfieldnutra\/","https:\/\/www.linkedin.com\/company\/1665278","https:\/\/www.youtube.com\/channel\/UCI6lSWwNNHEzJ0SUTsgljvQ\/about"]}]},"product_price_amount":"23.95","product_price_currency":"EUR","og_availability":"instock","product_availability":"instock","product_retailer_item_id":"27853","product_condition":"new"},"_links":{"self":[{"href":"https:\/\/springfieldnutra.acceptatie.indicia-interactiv.nl\/fr\/wp-json\/wp\/v2\/product\/17975","targetHints":{"allow":["GET"]}}],"collection":[{"href":"https:\/\/springfieldnutra.acceptatie.indicia-interactiv.nl\/fr\/wp-json\/wp\/v2\/product"}],"about":[{"href":"https:\/\/springfieldnutra.acceptatie.indicia-interactiv.nl\/fr\/wp-json\/wp\/v2\/types\/product"}],"replies":[{"embeddable":true,"href":"https:\/\/springfieldnutra.acceptatie.indicia-interactiv.nl\/fr\/wp-json\/wp\/v2\/comments?post=17975"}],"wp:featuredmedia":[{"embeddable":true,"href":"https:\/\/springfieldnutra.acceptatie.indicia-interactiv.nl\/fr\/wp-json\/wp\/v2\/media\/14481"}],"wp:attachment":[{"href":"https:\/\/springfieldnutra.acceptatie.indicia-interactiv.nl\/fr\/wp-json\/wp\/v2\/media?parent=17975"}],"wp:term":[{"taxonomy":"product_brand","embeddable":true,"href":"https:\/\/springfieldnutra.acceptatie.indicia-interactiv.nl\/fr\/wp-json\/wp\/v2\/product_brand?post=17975"},{"taxonomy":"product_cat","embeddable":true,"href":"https:\/\/springfieldnutra.acceptatie.indicia-interactiv.nl\/fr\/wp-json\/wp\/v2\/product_cat?post=17975"},{"taxonomy":"product_tag","embeddable":true,"href":"https:\/\/springfieldnutra.acceptatie.indicia-interactiv.nl\/fr\/wp-json\/wp\/v2\/product_tag?post=17975"}],"curies":[{"name":"wp","href":"https:\/\/api.w.org\/{rel}","templated":true}]}}