{"id":18111,"date":"2020-03-25T11:05:08","date_gmt":"2020-03-25T10:05:08","guid":{"rendered":"http:\/\/springfieldnutra.acceptatie.indicia-interactiv.nl\/webshop\/equazen-eye-q-liquid-acides-gras-omega-3-et-6\/"},"modified":"2022-02-01T23:07:55","modified_gmt":"2022-02-01T22:07:55","slug":"equazen-liquid","status":"publish","type":"product","link":"https:\/\/springfieldnutra.acceptatie.indicia-interactiv.nl\/fr\/boutique\/equazen-liquid\/","title":{"rendered":"Equazen LIQUID acides gras om\u00e9ga 3 et 6"},"content":{"rendered":"<h4>Usage recommand\u00e9<\/h4>\n<p>Aussi bien pour enfants et adultes:<br \/>\n<strong>Pendant les 12 premi\u00e8res semaines:<\/strong> 5 ml (une cuill\u00e8re \u00e0 dessert) 3 fois par jour pendant les repas.<br \/>\n<strong>Ensuite:<\/strong> 1 \u00e0 2 x par jour 5 ml pendant le repas.<\/p>\n<h4>Remarques<\/h4>\n<ul>\n<li>Agiter avant utilisation.<\/li>\n<li>Peut \u00eatre m\u00e9lang\u00e9 avec des boissons froides ou, par exemple, de la cr\u00e8me anglaise ou du yaourt.<\/li>\n<li>Ne pas m\u00e9langer avec des aliments chauds ou des boissons chaudes. Lorsque les acides gras insatur\u00e9s sont chauff\u00e9s, l&rsquo;oxydation se produit et l&rsquo;huile perd son efficacit\u00e9.Convient \u00e0 tous les \u00e2ges \u00e0 partir de 3 ans.<br \/>\nEquazen baby est disponible pour les enfants de moins de 3 ans.<\/li>\n<\/ul>\n","protected":false},"excerpt":{"rendered":"<ul>\n<li>M\u00e9lange sp\u00e9cial d&rsquo;huile de poisson de haute qualit\u00e9 (avec les acides gras om\u00e9ga 3 EPA et DHA) et d&rsquo;huile d&rsquo;onagre pure (avec les acides gras om\u00e9ga 6 GLA)<\/li>\n<li>Le rapport des acides gras EPA: DHA: GLA est de 9: 3: 1<\/li>\n<li>D\u00e9riv\u00e9 de sources durables pour les poissons gras, tels que les sardines, qui sont connus pour leurs concentrations en EPA naturellement plus \u00e9lev\u00e9es<\/li>\n<li>Tous les suppl\u00e9ments Equazen portent le label de qualit\u00e9 \u00abFriend of the Sea\u00bb<\/li>\n<\/ul>\n<h4><span style=\"color: #0e7a8d;\">200 ml\u00a0<\/span><\/h4>\n","protected":false},"featured_media":24921,"comment_status":"open","ping_status":"closed","template":"","meta":{"_acf_changed":false},"product_brand":[],"product_cat":[8886,8888,8988,8929,8931,8930],"product_tag":[8932,8957,8989,8979,8990,8933,8958],"class_list":{"0":"post-18111","1":"product","2":"type-product","3":"status-publish","4":"has-post-thumbnail","6":"product_cat-geheugen-fr","7":"product_cat-hoofd-fr","8":"product_cat-kind-fr","9":"product_cat-omega-3-en-6-vetzuren-fr","10":"product_cat-omega-3-vetzuren-fr","11":"product_cat-vetzuren-fr","12":"product_tag-acides-gras-omega-3","13":"product_tag-acides-gras-omega-6","14":"product_tag-enfants","15":"product_tag-equazen-fr","16":"product_tag-formule-intelligente","17":"product_tag-huile-de-poisson","18":"product_tag-onagre","20":"first","21":"instock","22":"taxable","23":"shipping-taxable","24":"purchasable","25":"product-type-simple"},"acf":[],"yoast_head":"<!-- This site is optimized with the Yoast SEO Premium plugin v27.1 (Yoast SEO v27.1.1) - https:\/\/yoast.com\/product\/yoast-seo-premium-wordpress\/ -->\n<title>Equazen LIQUID acides gras om\u00e9ga 3 et 6 | Springfield Nutraceuticals<\/title>\n<meta name=\"robots\" content=\"noindex, follow, max-snippet:-1, max-image-preview:large, max-video-preview:-1\" \/>\n<meta property=\"og:locale\" content=\"fr_FR\" \/>\n<meta property=\"og:type\" content=\"article\" \/>\n<meta property=\"og:title\" content=\"Equazen LIQUID acides gras om\u00e9ga 3 et 6\" \/>\n<meta property=\"og:description\" content=\"M\u00e9lange sp\u00e9cial d&#039;huile de poisson de haute qualit\u00e9 (avec les acides gras om\u00e9ga 3 EPA et DHA) et d&#039;huile d&#039;onagre pure (avec les acides gras om\u00e9ga 6 GLA)  Le rapport des acides gras EPA: DHA: GLA est de 9: 3: 1  D\u00e9riv\u00e9 de sources durables pour les poissons gras, tels que les sardines, qui sont connus pour leurs concentrations en EPA naturellement plus \u00e9lev\u00e9es  Tous les suppl\u00e9ments Equazen portent le label de qualit\u00e9 \u00abFriend of the Sea\u00bb  200 ml\u00a0\" \/>\n<meta property=\"og:url\" content=\"https:\/\/springfieldnutra.acceptatie.indicia-interactiv.nl\/fr\/boutique\/equazen-liquid\/\" \/>\n<meta property=\"og:site_name\" content=\"Springfield Nutraceuticals\" \/>\n<meta property=\"article:publisher\" content=\"https:\/\/www.facebook.com\/springfieldnutra\/about\/\" \/>\n<meta property=\"article:modified_time\" content=\"2022-02-01T22:07:55+00:00\" \/>\n<meta property=\"og:image\" content=\"https:\/\/springfieldnutra.acceptatie.indicia-interactiv.nl\/app\/uploads\/2018\/01\/Equazen-liquid-omega-3-en-6-vetzuren-EPA-DHA-GLA-9.3.1.jpg\" \/>\n\t<meta property=\"og:image:width\" content=\"1340\" \/>\n\t<meta property=\"og:image:height\" content=\"1520\" \/>\n\t<meta property=\"og:image:type\" content=\"image\/jpeg\" \/>\n<meta name=\"twitter:card\" content=\"summary_large_image\" \/>\n<meta name=\"twitter:site\" content=\"@SpringfieldNutr\" \/>\n<meta name=\"twitter:label1\" content=\"Price\" \/>\n\t<meta name=\"twitter:data1\" content=\"&euro; 20,95\" \/>\n\t<meta name=\"twitter:label2\" content=\"Availability\" \/>\n\t<meta name=\"twitter:data2\" content=\"In stock\" \/>\n<script type=\"application\/ld+json\" class=\"yoast-schema-graph\">{\"@context\":\"https:\/\/schema.org\",\"@graph\":[{\"@type\":\"WebPage\",\"@id\":\"https:\/\/springfieldnutra.acceptatie.indicia-interactiv.nl\/fr\/boutique\/equazen-liquid\/\",\"url\":\"https:\/\/springfieldnutra.acceptatie.indicia-interactiv.nl\/fr\/boutique\/equazen-liquid\/\",\"name\":\"Equazen LIQUID acides gras om\u00e9ga 3 et 6 | Springfield Nutraceuticals\",\"isPartOf\":{\"@id\":\"https:\/\/springfieldnutra.acceptatie.indicia-interactiv.nl\/fr\/#website\"},\"primaryImageOfPage\":{\"@id\":\"https:\/\/springfieldnutra.acceptatie.indicia-interactiv.nl\/fr\/boutique\/equazen-liquid\/#primaryimage\"},\"image\":{\"@id\":\"https:\/\/springfieldnutra.acceptatie.indicia-interactiv.nl\/fr\/boutique\/equazen-liquid\/#primaryimage\"},\"thumbnailUrl\":\"https:\/\/springfieldnutra.acceptatie.indicia-interactiv.nl\/app\/uploads\/2018\/01\/Equazen-liquid-omega-3-en-6-vetzuren-EPA-DHA-GLA-9.3.1.jpg\",\"datePublished\":\"2020-03-25T10:05:08+00:00\",\"dateModified\":\"2022-02-01T22:07:55+00:00\",\"breadcrumb\":{\"@id\":\"https:\/\/springfieldnutra.acceptatie.indicia-interactiv.nl\/fr\/boutique\/equazen-liquid\/#breadcrumb\"},\"inLanguage\":\"fr-FR\",\"potentialAction\":[{\"@type\":\"ReadAction\",\"target\":[\"https:\/\/springfieldnutra.acceptatie.indicia-interactiv.nl\/fr\/boutique\/equazen-liquid\/\"]}]},{\"@type\":\"ImageObject\",\"inLanguage\":\"fr-FR\",\"@id\":\"https:\/\/springfieldnutra.acceptatie.indicia-interactiv.nl\/fr\/boutique\/equazen-liquid\/#primaryimage\",\"url\":\"https:\/\/springfieldnutra.acceptatie.indicia-interactiv.nl\/app\/uploads\/2018\/01\/Equazen-liquid-omega-3-en-6-vetzuren-EPA-DHA-GLA-9.3.1.jpg\",\"contentUrl\":\"https:\/\/springfieldnutra.acceptatie.indicia-interactiv.nl\/app\/uploads\/2018\/01\/Equazen-liquid-omega-3-en-6-vetzuren-EPA-DHA-GLA-9.3.1.jpg\",\"width\":1340,\"height\":1520,\"caption\":\"Equazen liquid - omega 3- en 6-vetzuren EPA, DHA, GLA 9.3.1\"},{\"@type\":\"BreadcrumbList\",\"@id\":\"https:\/\/springfieldnutra.acceptatie.indicia-interactiv.nl\/fr\/boutique\/equazen-liquid\/#breadcrumb\",\"itemListElement\":[{\"@type\":\"ListItem\",\"position\":1,\"name\":\"Home\",\"item\":\"https:\/\/springfieldnutra.acceptatie.indicia-interactiv.nl\/fr\/voorpagina-2\/\"},{\"@type\":\"ListItem\",\"position\":2,\"name\":\"Boutique\",\"item\":\"https:\/\/springfieldnutra.acceptatie.indicia-interactiv.nl\/fr\/boutique\/\"},{\"@type\":\"ListItem\",\"position\":3,\"name\":\"Equazen LIQUID acides gras om\u00e9ga 3 et 6\"}]},{\"@type\":\"WebSite\",\"@id\":\"https:\/\/springfieldnutra.acceptatie.indicia-interactiv.nl\/fr\/#website\",\"url\":\"https:\/\/springfieldnutra.acceptatie.indicia-interactiv.nl\/fr\/\",\"name\":\"Springfield Nutraceuticals\",\"description\":\"Voeding kan een positieve bijdrage leveren aan onze gezondheid.\",\"publisher\":{\"@id\":\"https:\/\/springfieldnutra.acceptatie.indicia-interactiv.nl\/fr\/#organization\"},\"potentialAction\":[{\"@type\":\"SearchAction\",\"target\":{\"@type\":\"EntryPoint\",\"urlTemplate\":\"https:\/\/springfieldnutra.acceptatie.indicia-interactiv.nl\/fr\/?s={search_term_string}\"},\"query-input\":{\"@type\":\"PropertyValueSpecification\",\"valueRequired\":true,\"valueName\":\"search_term_string\"}}],\"inLanguage\":\"fr-FR\"},{\"@type\":\"Organization\",\"@id\":\"https:\/\/springfieldnutra.acceptatie.indicia-interactiv.nl\/fr\/#organization\",\"name\":\"Springfield Nutraceuticals\",\"url\":\"https:\/\/springfieldnutra.acceptatie.indicia-interactiv.nl\/fr\/\",\"logo\":{\"@type\":\"ImageObject\",\"inLanguage\":\"fr-FR\",\"@id\":\"https:\/\/springfieldnutra.acceptatie.indicia-interactiv.nl\/fr\/#\/schema\/logo\/image\/\",\"url\":\"https:\/\/springfieldnutra.acceptatie.indicia-interactiv.nl\/app\/uploads\/2018\/01\/Logo_Springfield.png\",\"contentUrl\":\"https:\/\/springfieldnutra.acceptatie.indicia-interactiv.nl\/app\/uploads\/2018\/01\/Logo_Springfield.png\",\"width\":213,\"height\":46,\"caption\":\"Springfield Nutraceuticals\"},\"image\":{\"@id\":\"https:\/\/springfieldnutra.acceptatie.indicia-interactiv.nl\/fr\/#\/schema\/logo\/image\/\"},\"sameAs\":[\"https:\/\/www.facebook.com\/springfieldnutra\/about\/\",\"https:\/\/x.com\/SpringfieldNutr\",\"https:\/\/www.instagram.com\/springfieldnutra\/\",\"https:\/\/www.linkedin.com\/company\/1665278\",\"https:\/\/www.youtube.com\/channel\/UCI6lSWwNNHEzJ0SUTsgljvQ\/about\"]}]}<\/script>\n<meta property=\"product:price:amount\" content=\"20.95\" \/>\n<meta property=\"product:price:currency\" content=\"EUR\" \/>\n<meta property=\"og:availability\" content=\"instock\" \/>\n<meta property=\"product:availability\" content=\"instock\" \/>\n<meta property=\"product:retailer_item_id\" content=\"20937\" \/>\n<meta property=\"product:condition\" content=\"new\" \/>\n<!-- \/ Yoast SEO Premium plugin. -->","yoast_head_json":{"title":"Equazen LIQUID acides gras om\u00e9ga 3 et 6 | Springfield Nutraceuticals","robots":{"index":"noindex","follow":"follow","max-snippet":"max-snippet:-1","max-image-preview":"max-image-preview:large","max-video-preview":"max-video-preview:-1"},"og_locale":"fr_FR","og_type":"article","og_title":"Equazen LIQUID acides gras om\u00e9ga 3 et 6","og_description":"M\u00e9lange sp\u00e9cial d'huile de poisson de haute qualit\u00e9 (avec les acides gras om\u00e9ga 3 EPA et DHA) et d'huile d'onagre pure (avec les acides gras om\u00e9ga 6 GLA)  Le rapport des acides gras EPA: DHA: GLA est de 9: 3: 1  D\u00e9riv\u00e9 de sources durables pour les poissons gras, tels que les sardines, qui sont connus pour leurs concentrations en EPA naturellement plus \u00e9lev\u00e9es  Tous les suppl\u00e9ments Equazen portent le label de qualit\u00e9 \u00abFriend of the Sea\u00bb  200 ml\u00a0","og_url":"https:\/\/springfieldnutra.acceptatie.indicia-interactiv.nl\/fr\/boutique\/equazen-liquid\/","og_site_name":"Springfield Nutraceuticals","article_publisher":"https:\/\/www.facebook.com\/springfieldnutra\/about\/","article_modified_time":"2022-02-01T22:07:55+00:00","og_image":[{"width":1340,"height":1520,"url":"https:\/\/springfieldnutra.acceptatie.indicia-interactiv.nl\/app\/uploads\/2018\/01\/Equazen-liquid-omega-3-en-6-vetzuren-EPA-DHA-GLA-9.3.1.jpg","type":"image\/jpeg"}],"twitter_card":"summary_large_image","twitter_site":"@SpringfieldNutr","twitter_misc":{"Price":"&euro; 20,95","Availability":"In stock"},"schema":{"@context":"https:\/\/schema.org","@graph":[{"@type":"WebPage","@id":"https:\/\/springfieldnutra.acceptatie.indicia-interactiv.nl\/fr\/boutique\/equazen-liquid\/","url":"https:\/\/springfieldnutra.acceptatie.indicia-interactiv.nl\/fr\/boutique\/equazen-liquid\/","name":"Equazen LIQUID acides gras om\u00e9ga 3 et 6 | Springfield Nutraceuticals","isPartOf":{"@id":"https:\/\/springfieldnutra.acceptatie.indicia-interactiv.nl\/fr\/#website"},"primaryImageOfPage":{"@id":"https:\/\/springfieldnutra.acceptatie.indicia-interactiv.nl\/fr\/boutique\/equazen-liquid\/#primaryimage"},"image":{"@id":"https:\/\/springfieldnutra.acceptatie.indicia-interactiv.nl\/fr\/boutique\/equazen-liquid\/#primaryimage"},"thumbnailUrl":"https:\/\/springfieldnutra.acceptatie.indicia-interactiv.nl\/app\/uploads\/2018\/01\/Equazen-liquid-omega-3-en-6-vetzuren-EPA-DHA-GLA-9.3.1.jpg","datePublished":"2020-03-25T10:05:08+00:00","dateModified":"2022-02-01T22:07:55+00:00","breadcrumb":{"@id":"https:\/\/springfieldnutra.acceptatie.indicia-interactiv.nl\/fr\/boutique\/equazen-liquid\/#breadcrumb"},"inLanguage":"fr-FR","potentialAction":[{"@type":"ReadAction","target":["https:\/\/springfieldnutra.acceptatie.indicia-interactiv.nl\/fr\/boutique\/equazen-liquid\/"]}]},{"@type":"ImageObject","inLanguage":"fr-FR","@id":"https:\/\/springfieldnutra.acceptatie.indicia-interactiv.nl\/fr\/boutique\/equazen-liquid\/#primaryimage","url":"https:\/\/springfieldnutra.acceptatie.indicia-interactiv.nl\/app\/uploads\/2018\/01\/Equazen-liquid-omega-3-en-6-vetzuren-EPA-DHA-GLA-9.3.1.jpg","contentUrl":"https:\/\/springfieldnutra.acceptatie.indicia-interactiv.nl\/app\/uploads\/2018\/01\/Equazen-liquid-omega-3-en-6-vetzuren-EPA-DHA-GLA-9.3.1.jpg","width":1340,"height":1520,"caption":"Equazen liquid - omega 3- en 6-vetzuren EPA, DHA, GLA 9.3.1"},{"@type":"BreadcrumbList","@id":"https:\/\/springfieldnutra.acceptatie.indicia-interactiv.nl\/fr\/boutique\/equazen-liquid\/#breadcrumb","itemListElement":[{"@type":"ListItem","position":1,"name":"Home","item":"https:\/\/springfieldnutra.acceptatie.indicia-interactiv.nl\/fr\/voorpagina-2\/"},{"@type":"ListItem","position":2,"name":"Boutique","item":"https:\/\/springfieldnutra.acceptatie.indicia-interactiv.nl\/fr\/boutique\/"},{"@type":"ListItem","position":3,"name":"Equazen LIQUID acides gras om\u00e9ga 3 et 6"}]},{"@type":"WebSite","@id":"https:\/\/springfieldnutra.acceptatie.indicia-interactiv.nl\/fr\/#website","url":"https:\/\/springfieldnutra.acceptatie.indicia-interactiv.nl\/fr\/","name":"Springfield Nutraceuticals","description":"Voeding kan een positieve bijdrage leveren aan onze gezondheid.","publisher":{"@id":"https:\/\/springfieldnutra.acceptatie.indicia-interactiv.nl\/fr\/#organization"},"potentialAction":[{"@type":"SearchAction","target":{"@type":"EntryPoint","urlTemplate":"https:\/\/springfieldnutra.acceptatie.indicia-interactiv.nl\/fr\/?s={search_term_string}"},"query-input":{"@type":"PropertyValueSpecification","valueRequired":true,"valueName":"search_term_string"}}],"inLanguage":"fr-FR"},{"@type":"Organization","@id":"https:\/\/springfieldnutra.acceptatie.indicia-interactiv.nl\/fr\/#organization","name":"Springfield Nutraceuticals","url":"https:\/\/springfieldnutra.acceptatie.indicia-interactiv.nl\/fr\/","logo":{"@type":"ImageObject","inLanguage":"fr-FR","@id":"https:\/\/springfieldnutra.acceptatie.indicia-interactiv.nl\/fr\/#\/schema\/logo\/image\/","url":"https:\/\/springfieldnutra.acceptatie.indicia-interactiv.nl\/app\/uploads\/2018\/01\/Logo_Springfield.png","contentUrl":"https:\/\/springfieldnutra.acceptatie.indicia-interactiv.nl\/app\/uploads\/2018\/01\/Logo_Springfield.png","width":213,"height":46,"caption":"Springfield Nutraceuticals"},"image":{"@id":"https:\/\/springfieldnutra.acceptatie.indicia-interactiv.nl\/fr\/#\/schema\/logo\/image\/"},"sameAs":["https:\/\/www.facebook.com\/springfieldnutra\/about\/","https:\/\/x.com\/SpringfieldNutr","https:\/\/www.instagram.com\/springfieldnutra\/","https:\/\/www.linkedin.com\/company\/1665278","https:\/\/www.youtube.com\/channel\/UCI6lSWwNNHEzJ0SUTsgljvQ\/about"]}]},"product_price_amount":"20.95","product_price_currency":"EUR","og_availability":"instock","product_availability":"instock","product_retailer_item_id":"20937","product_condition":"new"},"_links":{"self":[{"href":"https:\/\/springfieldnutra.acceptatie.indicia-interactiv.nl\/fr\/wp-json\/wp\/v2\/product\/18111","targetHints":{"allow":["GET"]}}],"collection":[{"href":"https:\/\/springfieldnutra.acceptatie.indicia-interactiv.nl\/fr\/wp-json\/wp\/v2\/product"}],"about":[{"href":"https:\/\/springfieldnutra.acceptatie.indicia-interactiv.nl\/fr\/wp-json\/wp\/v2\/types\/product"}],"replies":[{"embeddable":true,"href":"https:\/\/springfieldnutra.acceptatie.indicia-interactiv.nl\/fr\/wp-json\/wp\/v2\/comments?post=18111"}],"wp:featuredmedia":[{"embeddable":true,"href":"https:\/\/springfieldnutra.acceptatie.indicia-interactiv.nl\/fr\/wp-json\/wp\/v2\/media\/24921"}],"wp:attachment":[{"href":"https:\/\/springfieldnutra.acceptatie.indicia-interactiv.nl\/fr\/wp-json\/wp\/v2\/media?parent=18111"}],"wp:term":[{"taxonomy":"product_brand","embeddable":true,"href":"https:\/\/springfieldnutra.acceptatie.indicia-interactiv.nl\/fr\/wp-json\/wp\/v2\/product_brand?post=18111"},{"taxonomy":"product_cat","embeddable":true,"href":"https:\/\/springfieldnutra.acceptatie.indicia-interactiv.nl\/fr\/wp-json\/wp\/v2\/product_cat?post=18111"},{"taxonomy":"product_tag","embeddable":true,"href":"https:\/\/springfieldnutra.acceptatie.indicia-interactiv.nl\/fr\/wp-json\/wp\/v2\/product_tag?post=18111"}],"curies":[{"name":"wp","href":"https:\/\/api.w.org\/{rel}","templated":true}]}}