{"id":18117,"date":"2020-03-25T11:04:47","date_gmt":"2020-03-25T10:04:47","guid":{"rendered":"http:\/\/springfieldnutra.acceptatie.indicia-interactiv.nl\/webshop\/equazen-eye-q-baby-huile-de-poisson-riche-en-dha\/"},"modified":"2023-04-19T09:26:29","modified_gmt":"2023-04-19T07:26:29","slug":"equazen-baby","status":"publish","type":"product","link":"https:\/\/springfieldnutra.acceptatie.indicia-interactiv.nl\/fr\/boutique\/equazen-baby\/","title":{"rendered":"Equazen Baby Huile de poisson riche en DHA"},"content":{"rendered":"<h4>Usage recommand\u00e9<\/h4>\n<p>1 ampoule \u00e0 presser par jour. Pressez le contenu de l&rsquo;ampoule dans une cuill\u00e8re.<br \/>\nSi n\u00e9cessaire, m\u00e9langez avec de la bouillie ou une collation de l\u00e9gumes ou de fruits qui a \u00e9t\u00e9 chauff\u00e9e. Ne chauffez pas les aliments auxquels le contenu d&rsquo;Equazen eye q baby a d\u00e9j\u00e0 \u00e9t\u00e9 ajout\u00e9! Lorsque les acides gras insatur\u00e9s sont chauff\u00e9s, l&rsquo;oxydation se produit et l&rsquo;huile perd son efficacit\u00e9.<\/p>\n<h4>Remarques<\/h4>\n<ul>\n<li>De pr\u00e9f\u00e9rence, ne pas m\u00e9langer avec le biberon, pour cause de d\u00e9p\u00f4ts d&rsquo;huile sur la paroi.<\/li>\n<li>Ouvrez l&rsquo;ampoule de compression en cassant l&rsquo;extr\u00e9mit\u00e9 avec un mouvement de torsion.<\/li>\n<li>Les ampoules elles-m\u00eames ne sont pas consommables. <strong>Consommez uniquement le contenu!<\/strong><\/li>\n<\/ul>\n<p>* L&rsquo;effet b\u00e9n\u00e9fique est obtenu avec un apport quotidien de 250 mg de DHA<\/p>\n","protected":false},"excerpt":{"rendered":"<ul>\n<li>Pressez les ampoules avec des acides gras naturels om\u00e9ga 3 et 6 pour les b\u00e9b\u00e9s et les jeunes enfants<\/li>\n<li>Riche en DHA, un \u00e9l\u00e9ment constitutif important pour le cerveau *<\/li>\n<li>Contient uniquement des acides gras naturels de haute qualit\u00e9 provenant de poisson pur et d&rsquo;huile d&rsquo;onagre<\/li>\n<li>Tous les suppl\u00e9ments <strong>Equazen<\/strong> portent le label de qualit\u00e9 \u00abFriend of the Sea\u00bb<\/li>\n<\/ul>\n<p><span style=\"color: #0e7a8d;\"><strong>Malheureusement, il n&rsquo;est pas (encore) autoris\u00e9 de vendre ce produit en Belgique.<\/strong><\/span><\/p>\n<h4><span style=\"color: #0e7a8d;\">30 ampoules 100 mg<\/span><\/h4>\n","protected":false},"featured_media":24503,"comment_status":"open","ping_status":"closed","template":"","meta":{"_acf_changed":false},"product_brand":[],"product_cat":[8886,8888,8988,8929,8931,8930,8955],"product_tag":[8932,8957,8978,8979,8933,8991,8958],"class_list":{"0":"post-18117","1":"product","2":"type-product","3":"status-publish","4":"has-post-thumbnail","6":"product_cat-geheugen-fr","7":"product_cat-hoofd-fr","8":"product_cat-kind-fr","9":"product_cat-omega-3-en-6-vetzuren-fr","10":"product_cat-omega-3-vetzuren-fr","11":"product_cat-vetzuren-fr","12":"product_cat-zwanger-baby-fr","13":"product_tag-acides-gras-omega-3","14":"product_tag-acides-gras-omega-6","15":"product_tag-enceinte-bebe","16":"product_tag-equazen-fr","17":"product_tag-huile-de-poisson","18":"product_tag-huile-de-poisson-riche-en-dha","19":"product_tag-onagre","21":"first","22":"instock","23":"taxable","24":"shipping-taxable","25":"purchasable","26":"product-type-simple"},"acf":[],"yoast_head":"<!-- This site is optimized with the Yoast SEO Premium plugin v27.1 (Yoast SEO v27.1.1) - https:\/\/yoast.com\/product\/yoast-seo-premium-wordpress\/ -->\n<title>Equazen Baby Huile de poisson riche en DHA | Springfield Nutraceuticals<\/title>\n<meta name=\"robots\" content=\"noindex, follow, max-snippet:-1, max-image-preview:large, max-video-preview:-1\" \/>\n<meta property=\"og:locale\" content=\"fr_FR\" \/>\n<meta property=\"og:type\" content=\"article\" \/>\n<meta property=\"og:title\" content=\"Equazen Baby Huile de poisson riche en DHA\" \/>\n<meta property=\"og:description\" content=\"Pressez les ampoules avec des acides gras naturels om\u00e9ga 3 et 6 pour les b\u00e9b\u00e9s et les jeunes enfants  Riche en DHA, un \u00e9l\u00e9ment constitutif important pour le cerveau *  Contient uniquement des acides gras naturels de haute qualit\u00e9 provenant de poisson pur et d&#039;huile d&#039;onagre  Tous les suppl\u00e9ments Equazen portent le label de qualit\u00e9 \u00abFriend of the Sea\u00bb  Malheureusement, il n&#039;est pas (encore) autoris\u00e9 de vendre ce produit en Belgique. 30 ampoules 100 mg\" \/>\n<meta property=\"og:url\" content=\"https:\/\/springfieldnutra.acceptatie.indicia-interactiv.nl\/fr\/boutique\/equazen-baby\/\" \/>\n<meta property=\"og:site_name\" content=\"Springfield Nutraceuticals\" \/>\n<meta property=\"article:publisher\" content=\"https:\/\/www.facebook.com\/springfieldnutra\/about\/\" \/>\n<meta property=\"article:modified_time\" content=\"2023-04-19T07:26:29+00:00\" \/>\n<meta property=\"og:image\" content=\"https:\/\/springfieldnutra.acceptatie.indicia-interactiv.nl\/app\/uploads\/2020\/03\/Equazen-Baby-eye-q-baby-Zuivere-DHA-rijke-visolie-goed-voor-de-hersenen-scaled.jpg\" \/>\n\t<meta property=\"og:image:width\" content=\"2257\" \/>\n\t<meta property=\"og:image:height\" content=\"2560\" \/>\n\t<meta property=\"og:image:type\" content=\"image\/jpeg\" \/>\n<meta name=\"twitter:card\" content=\"summary_large_image\" \/>\n<meta name=\"twitter:site\" content=\"@SpringfieldNutr\" \/>\n<meta name=\"twitter:label1\" content=\"Price\" \/>\n\t<meta name=\"twitter:data1\" content=\"&euro; 23,95\" \/>\n\t<meta name=\"twitter:label2\" content=\"Availability\" \/>\n\t<meta name=\"twitter:data2\" content=\"In stock\" \/>\n<script type=\"application\/ld+json\" class=\"yoast-schema-graph\">{\"@context\":\"https:\/\/schema.org\",\"@graph\":[{\"@type\":\"WebPage\",\"@id\":\"https:\/\/springfieldnutra.acceptatie.indicia-interactiv.nl\/fr\/boutique\/equazen-baby\/\",\"url\":\"https:\/\/springfieldnutra.acceptatie.indicia-interactiv.nl\/fr\/boutique\/equazen-baby\/\",\"name\":\"Equazen Baby Huile de poisson riche en DHA | Springfield Nutraceuticals\",\"isPartOf\":{\"@id\":\"https:\/\/springfieldnutra.acceptatie.indicia-interactiv.nl\/fr\/#website\"},\"primaryImageOfPage\":{\"@id\":\"https:\/\/springfieldnutra.acceptatie.indicia-interactiv.nl\/fr\/boutique\/equazen-baby\/#primaryimage\"},\"image\":{\"@id\":\"https:\/\/springfieldnutra.acceptatie.indicia-interactiv.nl\/fr\/boutique\/equazen-baby\/#primaryimage\"},\"thumbnailUrl\":\"https:\/\/springfieldnutra.acceptatie.indicia-interactiv.nl\/app\/uploads\/2020\/03\/Equazen-Baby-eye-q-baby-Zuivere-DHA-rijke-visolie-goed-voor-de-hersenen-scaled.jpg\",\"datePublished\":\"2020-03-25T10:04:47+00:00\",\"dateModified\":\"2023-04-19T07:26:29+00:00\",\"breadcrumb\":{\"@id\":\"https:\/\/springfieldnutra.acceptatie.indicia-interactiv.nl\/fr\/boutique\/equazen-baby\/#breadcrumb\"},\"inLanguage\":\"fr-FR\",\"potentialAction\":[{\"@type\":\"ReadAction\",\"target\":[\"https:\/\/springfieldnutra.acceptatie.indicia-interactiv.nl\/fr\/boutique\/equazen-baby\/\"]}]},{\"@type\":\"ImageObject\",\"inLanguage\":\"fr-FR\",\"@id\":\"https:\/\/springfieldnutra.acceptatie.indicia-interactiv.nl\/fr\/boutique\/equazen-baby\/#primaryimage\",\"url\":\"https:\/\/springfieldnutra.acceptatie.indicia-interactiv.nl\/app\/uploads\/2020\/03\/Equazen-Baby-eye-q-baby-Zuivere-DHA-rijke-visolie-goed-voor-de-hersenen-scaled.jpg\",\"contentUrl\":\"https:\/\/springfieldnutra.acceptatie.indicia-interactiv.nl\/app\/uploads\/2020\/03\/Equazen-Baby-eye-q-baby-Zuivere-DHA-rijke-visolie-goed-voor-de-hersenen-scaled.jpg\",\"width\":2257,\"height\":2560,\"caption\":\"Equazen Baby (eye q baby) - Zuivere DHA-rijke visolie - goed voor de hersenen\"},{\"@type\":\"BreadcrumbList\",\"@id\":\"https:\/\/springfieldnutra.acceptatie.indicia-interactiv.nl\/fr\/boutique\/equazen-baby\/#breadcrumb\",\"itemListElement\":[{\"@type\":\"ListItem\",\"position\":1,\"name\":\"Home\",\"item\":\"https:\/\/springfieldnutra.acceptatie.indicia-interactiv.nl\/fr\/voorpagina-2\/\"},{\"@type\":\"ListItem\",\"position\":2,\"name\":\"Boutique\",\"item\":\"https:\/\/springfieldnutra.acceptatie.indicia-interactiv.nl\/fr\/boutique\/\"},{\"@type\":\"ListItem\",\"position\":3,\"name\":\"Equazen Baby Huile de poisson riche en DHA\"}]},{\"@type\":\"WebSite\",\"@id\":\"https:\/\/springfieldnutra.acceptatie.indicia-interactiv.nl\/fr\/#website\",\"url\":\"https:\/\/springfieldnutra.acceptatie.indicia-interactiv.nl\/fr\/\",\"name\":\"Springfield Nutraceuticals\",\"description\":\"Voeding kan een positieve bijdrage leveren aan onze gezondheid.\",\"publisher\":{\"@id\":\"https:\/\/springfieldnutra.acceptatie.indicia-interactiv.nl\/fr\/#organization\"},\"potentialAction\":[{\"@type\":\"SearchAction\",\"target\":{\"@type\":\"EntryPoint\",\"urlTemplate\":\"https:\/\/springfieldnutra.acceptatie.indicia-interactiv.nl\/fr\/?s={search_term_string}\"},\"query-input\":{\"@type\":\"PropertyValueSpecification\",\"valueRequired\":true,\"valueName\":\"search_term_string\"}}],\"inLanguage\":\"fr-FR\"},{\"@type\":\"Organization\",\"@id\":\"https:\/\/springfieldnutra.acceptatie.indicia-interactiv.nl\/fr\/#organization\",\"name\":\"Springfield Nutraceuticals\",\"url\":\"https:\/\/springfieldnutra.acceptatie.indicia-interactiv.nl\/fr\/\",\"logo\":{\"@type\":\"ImageObject\",\"inLanguage\":\"fr-FR\",\"@id\":\"https:\/\/springfieldnutra.acceptatie.indicia-interactiv.nl\/fr\/#\/schema\/logo\/image\/\",\"url\":\"https:\/\/springfieldnutra.acceptatie.indicia-interactiv.nl\/app\/uploads\/2018\/01\/Logo_Springfield.png\",\"contentUrl\":\"https:\/\/springfieldnutra.acceptatie.indicia-interactiv.nl\/app\/uploads\/2018\/01\/Logo_Springfield.png\",\"width\":213,\"height\":46,\"caption\":\"Springfield Nutraceuticals\"},\"image\":{\"@id\":\"https:\/\/springfieldnutra.acceptatie.indicia-interactiv.nl\/fr\/#\/schema\/logo\/image\/\"},\"sameAs\":[\"https:\/\/www.facebook.com\/springfieldnutra\/about\/\",\"https:\/\/x.com\/SpringfieldNutr\",\"https:\/\/www.instagram.com\/springfieldnutra\/\",\"https:\/\/www.linkedin.com\/company\/1665278\",\"https:\/\/www.youtube.com\/channel\/UCI6lSWwNNHEzJ0SUTsgljvQ\/about\"]}]}<\/script>\n<meta property=\"product:price:amount\" content=\"23.95\" \/>\n<meta property=\"product:price:currency\" content=\"EUR\" \/>\n<meta property=\"og:availability\" content=\"instock\" \/>\n<meta property=\"product:availability\" content=\"instock\" \/>\n<meta property=\"product:retailer_item_id\" content=\"20941\" \/>\n<meta property=\"product:condition\" content=\"new\" \/>\n<!-- \/ Yoast SEO Premium plugin. -->","yoast_head_json":{"title":"Equazen Baby Huile de poisson riche en DHA | Springfield Nutraceuticals","robots":{"index":"noindex","follow":"follow","max-snippet":"max-snippet:-1","max-image-preview":"max-image-preview:large","max-video-preview":"max-video-preview:-1"},"og_locale":"fr_FR","og_type":"article","og_title":"Equazen Baby Huile de poisson riche en DHA","og_description":"Pressez les ampoules avec des acides gras naturels om\u00e9ga 3 et 6 pour les b\u00e9b\u00e9s et les jeunes enfants  Riche en DHA, un \u00e9l\u00e9ment constitutif important pour le cerveau *  Contient uniquement des acides gras naturels de haute qualit\u00e9 provenant de poisson pur et d'huile d'onagre  Tous les suppl\u00e9ments Equazen portent le label de qualit\u00e9 \u00abFriend of the Sea\u00bb  Malheureusement, il n'est pas (encore) autoris\u00e9 de vendre ce produit en Belgique. 30 ampoules 100 mg","og_url":"https:\/\/springfieldnutra.acceptatie.indicia-interactiv.nl\/fr\/boutique\/equazen-baby\/","og_site_name":"Springfield Nutraceuticals","article_publisher":"https:\/\/www.facebook.com\/springfieldnutra\/about\/","article_modified_time":"2023-04-19T07:26:29+00:00","og_image":[{"width":2257,"height":2560,"url":"https:\/\/springfieldnutra.acceptatie.indicia-interactiv.nl\/app\/uploads\/2020\/03\/Equazen-Baby-eye-q-baby-Zuivere-DHA-rijke-visolie-goed-voor-de-hersenen-scaled.jpg","type":"image\/jpeg"}],"twitter_card":"summary_large_image","twitter_site":"@SpringfieldNutr","twitter_misc":{"Price":"&euro; 23,95","Availability":"In stock"},"schema":{"@context":"https:\/\/schema.org","@graph":[{"@type":"WebPage","@id":"https:\/\/springfieldnutra.acceptatie.indicia-interactiv.nl\/fr\/boutique\/equazen-baby\/","url":"https:\/\/springfieldnutra.acceptatie.indicia-interactiv.nl\/fr\/boutique\/equazen-baby\/","name":"Equazen Baby Huile de poisson riche en DHA | Springfield Nutraceuticals","isPartOf":{"@id":"https:\/\/springfieldnutra.acceptatie.indicia-interactiv.nl\/fr\/#website"},"primaryImageOfPage":{"@id":"https:\/\/springfieldnutra.acceptatie.indicia-interactiv.nl\/fr\/boutique\/equazen-baby\/#primaryimage"},"image":{"@id":"https:\/\/springfieldnutra.acceptatie.indicia-interactiv.nl\/fr\/boutique\/equazen-baby\/#primaryimage"},"thumbnailUrl":"https:\/\/springfieldnutra.acceptatie.indicia-interactiv.nl\/app\/uploads\/2020\/03\/Equazen-Baby-eye-q-baby-Zuivere-DHA-rijke-visolie-goed-voor-de-hersenen-scaled.jpg","datePublished":"2020-03-25T10:04:47+00:00","dateModified":"2023-04-19T07:26:29+00:00","breadcrumb":{"@id":"https:\/\/springfieldnutra.acceptatie.indicia-interactiv.nl\/fr\/boutique\/equazen-baby\/#breadcrumb"},"inLanguage":"fr-FR","potentialAction":[{"@type":"ReadAction","target":["https:\/\/springfieldnutra.acceptatie.indicia-interactiv.nl\/fr\/boutique\/equazen-baby\/"]}]},{"@type":"ImageObject","inLanguage":"fr-FR","@id":"https:\/\/springfieldnutra.acceptatie.indicia-interactiv.nl\/fr\/boutique\/equazen-baby\/#primaryimage","url":"https:\/\/springfieldnutra.acceptatie.indicia-interactiv.nl\/app\/uploads\/2020\/03\/Equazen-Baby-eye-q-baby-Zuivere-DHA-rijke-visolie-goed-voor-de-hersenen-scaled.jpg","contentUrl":"https:\/\/springfieldnutra.acceptatie.indicia-interactiv.nl\/app\/uploads\/2020\/03\/Equazen-Baby-eye-q-baby-Zuivere-DHA-rijke-visolie-goed-voor-de-hersenen-scaled.jpg","width":2257,"height":2560,"caption":"Equazen Baby (eye q baby) - Zuivere DHA-rijke visolie - goed voor de hersenen"},{"@type":"BreadcrumbList","@id":"https:\/\/springfieldnutra.acceptatie.indicia-interactiv.nl\/fr\/boutique\/equazen-baby\/#breadcrumb","itemListElement":[{"@type":"ListItem","position":1,"name":"Home","item":"https:\/\/springfieldnutra.acceptatie.indicia-interactiv.nl\/fr\/voorpagina-2\/"},{"@type":"ListItem","position":2,"name":"Boutique","item":"https:\/\/springfieldnutra.acceptatie.indicia-interactiv.nl\/fr\/boutique\/"},{"@type":"ListItem","position":3,"name":"Equazen Baby Huile de poisson riche en DHA"}]},{"@type":"WebSite","@id":"https:\/\/springfieldnutra.acceptatie.indicia-interactiv.nl\/fr\/#website","url":"https:\/\/springfieldnutra.acceptatie.indicia-interactiv.nl\/fr\/","name":"Springfield Nutraceuticals","description":"Voeding kan een positieve bijdrage leveren aan onze gezondheid.","publisher":{"@id":"https:\/\/springfieldnutra.acceptatie.indicia-interactiv.nl\/fr\/#organization"},"potentialAction":[{"@type":"SearchAction","target":{"@type":"EntryPoint","urlTemplate":"https:\/\/springfieldnutra.acceptatie.indicia-interactiv.nl\/fr\/?s={search_term_string}"},"query-input":{"@type":"PropertyValueSpecification","valueRequired":true,"valueName":"search_term_string"}}],"inLanguage":"fr-FR"},{"@type":"Organization","@id":"https:\/\/springfieldnutra.acceptatie.indicia-interactiv.nl\/fr\/#organization","name":"Springfield Nutraceuticals","url":"https:\/\/springfieldnutra.acceptatie.indicia-interactiv.nl\/fr\/","logo":{"@type":"ImageObject","inLanguage":"fr-FR","@id":"https:\/\/springfieldnutra.acceptatie.indicia-interactiv.nl\/fr\/#\/schema\/logo\/image\/","url":"https:\/\/springfieldnutra.acceptatie.indicia-interactiv.nl\/app\/uploads\/2018\/01\/Logo_Springfield.png","contentUrl":"https:\/\/springfieldnutra.acceptatie.indicia-interactiv.nl\/app\/uploads\/2018\/01\/Logo_Springfield.png","width":213,"height":46,"caption":"Springfield Nutraceuticals"},"image":{"@id":"https:\/\/springfieldnutra.acceptatie.indicia-interactiv.nl\/fr\/#\/schema\/logo\/image\/"},"sameAs":["https:\/\/www.facebook.com\/springfieldnutra\/about\/","https:\/\/x.com\/SpringfieldNutr","https:\/\/www.instagram.com\/springfieldnutra\/","https:\/\/www.linkedin.com\/company\/1665278","https:\/\/www.youtube.com\/channel\/UCI6lSWwNNHEzJ0SUTsgljvQ\/about"]}]},"product_price_amount":"23.95","product_price_currency":"EUR","og_availability":"instock","product_availability":"instock","product_retailer_item_id":"20941","product_condition":"new"},"_links":{"self":[{"href":"https:\/\/springfieldnutra.acceptatie.indicia-interactiv.nl\/fr\/wp-json\/wp\/v2\/product\/18117","targetHints":{"allow":["GET"]}}],"collection":[{"href":"https:\/\/springfieldnutra.acceptatie.indicia-interactiv.nl\/fr\/wp-json\/wp\/v2\/product"}],"about":[{"href":"https:\/\/springfieldnutra.acceptatie.indicia-interactiv.nl\/fr\/wp-json\/wp\/v2\/types\/product"}],"replies":[{"embeddable":true,"href":"https:\/\/springfieldnutra.acceptatie.indicia-interactiv.nl\/fr\/wp-json\/wp\/v2\/comments?post=18117"}],"wp:featuredmedia":[{"embeddable":true,"href":"https:\/\/springfieldnutra.acceptatie.indicia-interactiv.nl\/fr\/wp-json\/wp\/v2\/media\/24503"}],"wp:attachment":[{"href":"https:\/\/springfieldnutra.acceptatie.indicia-interactiv.nl\/fr\/wp-json\/wp\/v2\/media?parent=18117"}],"wp:term":[{"taxonomy":"product_brand","embeddable":true,"href":"https:\/\/springfieldnutra.acceptatie.indicia-interactiv.nl\/fr\/wp-json\/wp\/v2\/product_brand?post=18117"},{"taxonomy":"product_cat","embeddable":true,"href":"https:\/\/springfieldnutra.acceptatie.indicia-interactiv.nl\/fr\/wp-json\/wp\/v2\/product_cat?post=18117"},{"taxonomy":"product_tag","embeddable":true,"href":"https:\/\/springfieldnutra.acceptatie.indicia-interactiv.nl\/fr\/wp-json\/wp\/v2\/product_tag?post=18117"}],"curies":[{"name":"wp","href":"https:\/\/api.w.org\/{rel}","templated":true}]}}