{"id":18119,"date":"2020-03-25T11:04:32","date_gmt":"2020-03-25T10:04:32","guid":{"rendered":"http:\/\/springfieldnutra.acceptatie.indicia-interactiv.nl\/webshop\/ester-c-vitamine-c-avec-bioflavonoides\/"},"modified":"2022-09-08T16:57:23","modified_gmt":"2022-09-08T14:57:23","slug":"ester-c-vitamine-c-avec-bioflavonoides","status":"publish","type":"product","link":"https:\/\/springfieldnutra.acceptatie.indicia-interactiv.nl\/fr\/boutique\/ester-c-vitamine-c-avec-bioflavonoides\/","title":{"rendered":"Ester-C vitamine C avec bioflavono\u00efdes"},"content":{"rendered":"<h4>Usage recommand\u00e9<\/h4>\n<p><strong>G\u00e9lules V<\/strong><br \/>\n1 capsule 1 \u00e0 2 fois par jour avec ou imm\u00e9diatement apr\u00e8s les repas. Ne pas d\u00e9passer la dose recommand\u00e9e.<\/p>\n<p><strong>Poudre<br \/>\n<\/strong><strong><span class=\"VIiyi\" lang=\"fr\"><span class=\"JLqJ4b ChMk0b\" data-language-for-alternatives=\"fr\" data-language-to-translate-into=\"nl\" data-phrase-index=\"0\" data-number-of-phrases=\"1\"><span class=\"Q4iAWc\">1 \u00e0 2 x par jour 1 cuill\u00e8re-mesure pleine, \u00e0 dissoudre dans du jus ou autre liquide<\/span><\/span><\/span><\/strong><em>.<\/em><\/p>\n<p><em>Une cuill\u00e8re doseuse est incluse dans l\u2019emballage.<\/em><strong><br \/>\n<\/strong><\/p>\n<p><em>Un mode de vie sain ainsi qu\u2019une <\/em><em>alimentation vari\u00e9e et \u00e9quilibr\u00e9e <\/em><em>sont importants. Un compl\u00e9ment <\/em><em>alimentaire ne remplace pas une <\/em><em>alimentation vari\u00e9e. \u00c0 conserver dans <\/em><em>un endroit sec et frais, hors de port\u00e9e <\/em><em>des jeunes enfants.<\/em><\/p>\n<h4>Remarque<\/h4>\n<p>Peut contenir des traces de <strong>ma\u00efs<br \/>\nConvient aux v\u00e9g\u00e9tariens et v\u00e9g\u00e9taliens<br \/>\n<\/strong><\/p>\n","protected":false},"excerpt":{"rendered":"<ul>\n<li>Vitamine C sous forme d&rsquo;ascorbate de calcium &#8211; forme facilement absorbable<\/li>\n<li>Avec des bioflavono\u00efdes<\/li>\n<li>Important notamment pour le bon fonctionnement du syst\u00e8me immunitaire<\/li>\n<\/ul>\n","protected":false},"featured_media":20507,"comment_status":"open","ping_status":"closed","template":"","meta":{"_acf_changed":false},"product_brand":[],"product_cat":[8905,9191,8992,8898],"product_tag":[8908,9192,8983],"class_list":{"0":"post-18119","1":"product","2":"type-product","3":"status-publish","4":"has-post-thumbnail","6":"product_cat-immuunfunctie-fr","7":"product_cat-vegan-fr","8":"product_cat-vitamine-c-fr","9":"product_cat-vitamines-fr","10":"product_tag-fonction-immunitaire","11":"product_tag-vegetalien-fr","12":"product_tag-vitamine-c-fr","14":"first","15":"instock","16":"taxable","17":"shipping-taxable","18":"purchasable","19":"product-type-variable","20":"has-default-attributes"},"acf":[],"yoast_head":"<!-- This site is optimized with the Yoast SEO Premium plugin v27.1 (Yoast SEO v27.1.1) - https:\/\/yoast.com\/product\/yoast-seo-premium-wordpress\/ -->\n<title>Ester-C vitamine C avec bioflavono\u00efdes | Springfield Nutraceuticals<\/title>\n<meta name=\"robots\" content=\"noindex, follow, max-snippet:-1, max-image-preview:large, max-video-preview:-1\" \/>\n<meta property=\"og:locale\" content=\"fr_FR\" \/>\n<meta property=\"og:type\" content=\"article\" \/>\n<meta property=\"og:title\" content=\"Ester-C vitamine C avec bioflavono\u00efdes\" \/>\n<meta property=\"og:description\" content=\"Vitamine C sous forme d&#039;ascorbate de calcium - forme facilement absorbable  Avec des bioflavono\u00efdes  Important notamment pour le bon fonctionnement du syst\u00e8me immunitaire\" \/>\n<meta property=\"og:url\" content=\"https:\/\/springfieldnutra.acceptatie.indicia-interactiv.nl\/fr\/boutique\/ester-c-vitamine-c-avec-bioflavonoides\/\" \/>\n<meta property=\"og:site_name\" content=\"Springfield Nutraceuticals\" \/>\n<meta property=\"article:publisher\" content=\"https:\/\/www.facebook.com\/springfieldnutra\/about\/\" \/>\n<meta property=\"article:modified_time\" content=\"2022-09-08T14:57:23+00:00\" \/>\n<meta property=\"og:image\" content=\"https:\/\/springfieldnutra.acceptatie.indicia-interactiv.nl\/app\/uploads\/2018\/01\/Ester-C-gebufferde-vitamine-C-voor-een-snelle-opname-goed-voor-het-immuunsysteem-60-V-capsules.jpg\" \/>\n\t<meta property=\"og:image:width\" content=\"1340\" \/>\n\t<meta property=\"og:image:height\" content=\"1520\" \/>\n\t<meta property=\"og:image:type\" content=\"image\/jpeg\" \/>\n<meta name=\"twitter:card\" content=\"summary_large_image\" \/>\n<meta name=\"twitter:site\" content=\"@SpringfieldNutr\" \/>\n<meta name=\"twitter:label1\" content=\"Availability\" \/>\n\t<meta name=\"twitter:data1\" content=\"In stock\" \/>\n<script type=\"application\/ld+json\" class=\"yoast-schema-graph\">{\"@context\":\"https:\/\/schema.org\",\"@graph\":[{\"@type\":\"WebPage\",\"@id\":\"https:\/\/springfieldnutra.acceptatie.indicia-interactiv.nl\/fr\/boutique\/ester-c-vitamine-c-avec-bioflavonoides\/\",\"url\":\"https:\/\/springfieldnutra.acceptatie.indicia-interactiv.nl\/fr\/boutique\/ester-c-vitamine-c-avec-bioflavonoides\/\",\"name\":\"Ester-C vitamine C avec bioflavono\u00efdes | Springfield Nutraceuticals\",\"isPartOf\":{\"@id\":\"https:\/\/springfieldnutra.acceptatie.indicia-interactiv.nl\/fr\/#website\"},\"primaryImageOfPage\":{\"@id\":\"https:\/\/springfieldnutra.acceptatie.indicia-interactiv.nl\/fr\/boutique\/ester-c-vitamine-c-avec-bioflavonoides\/#primaryimage\"},\"image\":{\"@id\":\"https:\/\/springfieldnutra.acceptatie.indicia-interactiv.nl\/fr\/boutique\/ester-c-vitamine-c-avec-bioflavonoides\/#primaryimage\"},\"thumbnailUrl\":\"https:\/\/springfieldnutra.acceptatie.indicia-interactiv.nl\/app\/uploads\/2018\/01\/Ester-C-gebufferde-vitamine-C-voor-een-snelle-opname-goed-voor-het-immuunsysteem-60-V-capsules.jpg\",\"datePublished\":\"2020-03-25T10:04:32+00:00\",\"dateModified\":\"2022-09-08T14:57:23+00:00\",\"breadcrumb\":{\"@id\":\"https:\/\/springfieldnutra.acceptatie.indicia-interactiv.nl\/fr\/boutique\/ester-c-vitamine-c-avec-bioflavonoides\/#breadcrumb\"},\"inLanguage\":\"fr-FR\",\"potentialAction\":[{\"@type\":\"ReadAction\",\"target\":[\"https:\/\/springfieldnutra.acceptatie.indicia-interactiv.nl\/fr\/boutique\/ester-c-vitamine-c-avec-bioflavonoides\/\"]}]},{\"@type\":\"ImageObject\",\"inLanguage\":\"fr-FR\",\"@id\":\"https:\/\/springfieldnutra.acceptatie.indicia-interactiv.nl\/fr\/boutique\/ester-c-vitamine-c-avec-bioflavonoides\/#primaryimage\",\"url\":\"https:\/\/springfieldnutra.acceptatie.indicia-interactiv.nl\/app\/uploads\/2018\/01\/Ester-C-gebufferde-vitamine-C-voor-een-snelle-opname-goed-voor-het-immuunsysteem-60-V-capsules.jpg\",\"contentUrl\":\"https:\/\/springfieldnutra.acceptatie.indicia-interactiv.nl\/app\/uploads\/2018\/01\/Ester-C-gebufferde-vitamine-C-voor-een-snelle-opname-goed-voor-het-immuunsysteem-60-V-capsules.jpg\",\"width\":1340,\"height\":1520,\"caption\":\"Ester-C gebufferde vitamine C voor een snelle opname\"},{\"@type\":\"BreadcrumbList\",\"@id\":\"https:\/\/springfieldnutra.acceptatie.indicia-interactiv.nl\/fr\/boutique\/ester-c-vitamine-c-avec-bioflavonoides\/#breadcrumb\",\"itemListElement\":[{\"@type\":\"ListItem\",\"position\":1,\"name\":\"Home\",\"item\":\"https:\/\/springfieldnutra.acceptatie.indicia-interactiv.nl\/fr\/voorpagina-2\/\"},{\"@type\":\"ListItem\",\"position\":2,\"name\":\"Boutique\",\"item\":\"https:\/\/springfieldnutra.acceptatie.indicia-interactiv.nl\/fr\/boutique\/\"},{\"@type\":\"ListItem\",\"position\":3,\"name\":\"Ester-C vitamine C avec bioflavono\u00efdes\"}]},{\"@type\":\"WebSite\",\"@id\":\"https:\/\/springfieldnutra.acceptatie.indicia-interactiv.nl\/fr\/#website\",\"url\":\"https:\/\/springfieldnutra.acceptatie.indicia-interactiv.nl\/fr\/\",\"name\":\"Springfield Nutraceuticals\",\"description\":\"Voeding kan een positieve bijdrage leveren aan onze gezondheid.\",\"publisher\":{\"@id\":\"https:\/\/springfieldnutra.acceptatie.indicia-interactiv.nl\/fr\/#organization\"},\"potentialAction\":[{\"@type\":\"SearchAction\",\"target\":{\"@type\":\"EntryPoint\",\"urlTemplate\":\"https:\/\/springfieldnutra.acceptatie.indicia-interactiv.nl\/fr\/?s={search_term_string}\"},\"query-input\":{\"@type\":\"PropertyValueSpecification\",\"valueRequired\":true,\"valueName\":\"search_term_string\"}}],\"inLanguage\":\"fr-FR\"},{\"@type\":\"Organization\",\"@id\":\"https:\/\/springfieldnutra.acceptatie.indicia-interactiv.nl\/fr\/#organization\",\"name\":\"Springfield Nutraceuticals\",\"url\":\"https:\/\/springfieldnutra.acceptatie.indicia-interactiv.nl\/fr\/\",\"logo\":{\"@type\":\"ImageObject\",\"inLanguage\":\"fr-FR\",\"@id\":\"https:\/\/springfieldnutra.acceptatie.indicia-interactiv.nl\/fr\/#\/schema\/logo\/image\/\",\"url\":\"https:\/\/springfieldnutra.acceptatie.indicia-interactiv.nl\/app\/uploads\/2018\/01\/Logo_Springfield.png\",\"contentUrl\":\"https:\/\/springfieldnutra.acceptatie.indicia-interactiv.nl\/app\/uploads\/2018\/01\/Logo_Springfield.png\",\"width\":213,\"height\":46,\"caption\":\"Springfield Nutraceuticals\"},\"image\":{\"@id\":\"https:\/\/springfieldnutra.acceptatie.indicia-interactiv.nl\/fr\/#\/schema\/logo\/image\/\"},\"sameAs\":[\"https:\/\/www.facebook.com\/springfieldnutra\/about\/\",\"https:\/\/x.com\/SpringfieldNutr\",\"https:\/\/www.instagram.com\/springfieldnutra\/\",\"https:\/\/www.linkedin.com\/company\/1665278\",\"https:\/\/www.youtube.com\/channel\/UCI6lSWwNNHEzJ0SUTsgljvQ\/about\"]}]}<\/script>\n<meta property=\"og:availability\" content=\"instock\" \/>\n<meta property=\"product:availability\" content=\"instock\" \/>\n<meta property=\"product:condition\" content=\"new\" \/>\n<!-- \/ Yoast SEO Premium plugin. -->","yoast_head_json":{"title":"Ester-C vitamine C avec bioflavono\u00efdes | Springfield Nutraceuticals","robots":{"index":"noindex","follow":"follow","max-snippet":"max-snippet:-1","max-image-preview":"max-image-preview:large","max-video-preview":"max-video-preview:-1"},"og_locale":"fr_FR","og_type":"article","og_title":"Ester-C vitamine C avec bioflavono\u00efdes","og_description":"Vitamine C sous forme d'ascorbate de calcium - forme facilement absorbable  Avec des bioflavono\u00efdes  Important notamment pour le bon fonctionnement du syst\u00e8me immunitaire","og_url":"https:\/\/springfieldnutra.acceptatie.indicia-interactiv.nl\/fr\/boutique\/ester-c-vitamine-c-avec-bioflavonoides\/","og_site_name":"Springfield Nutraceuticals","article_publisher":"https:\/\/www.facebook.com\/springfieldnutra\/about\/","article_modified_time":"2022-09-08T14:57:23+00:00","og_image":[{"width":1340,"height":1520,"url":"https:\/\/springfieldnutra.acceptatie.indicia-interactiv.nl\/app\/uploads\/2018\/01\/Ester-C-gebufferde-vitamine-C-voor-een-snelle-opname-goed-voor-het-immuunsysteem-60-V-capsules.jpg","type":"image\/jpeg"}],"twitter_card":"summary_large_image","twitter_site":"@SpringfieldNutr","twitter_misc":{"Availability":"In stock"},"schema":{"@context":"https:\/\/schema.org","@graph":[{"@type":"WebPage","@id":"https:\/\/springfieldnutra.acceptatie.indicia-interactiv.nl\/fr\/boutique\/ester-c-vitamine-c-avec-bioflavonoides\/","url":"https:\/\/springfieldnutra.acceptatie.indicia-interactiv.nl\/fr\/boutique\/ester-c-vitamine-c-avec-bioflavonoides\/","name":"Ester-C vitamine C avec bioflavono\u00efdes | Springfield Nutraceuticals","isPartOf":{"@id":"https:\/\/springfieldnutra.acceptatie.indicia-interactiv.nl\/fr\/#website"},"primaryImageOfPage":{"@id":"https:\/\/springfieldnutra.acceptatie.indicia-interactiv.nl\/fr\/boutique\/ester-c-vitamine-c-avec-bioflavonoides\/#primaryimage"},"image":{"@id":"https:\/\/springfieldnutra.acceptatie.indicia-interactiv.nl\/fr\/boutique\/ester-c-vitamine-c-avec-bioflavonoides\/#primaryimage"},"thumbnailUrl":"https:\/\/springfieldnutra.acceptatie.indicia-interactiv.nl\/app\/uploads\/2018\/01\/Ester-C-gebufferde-vitamine-C-voor-een-snelle-opname-goed-voor-het-immuunsysteem-60-V-capsules.jpg","datePublished":"2020-03-25T10:04:32+00:00","dateModified":"2022-09-08T14:57:23+00:00","breadcrumb":{"@id":"https:\/\/springfieldnutra.acceptatie.indicia-interactiv.nl\/fr\/boutique\/ester-c-vitamine-c-avec-bioflavonoides\/#breadcrumb"},"inLanguage":"fr-FR","potentialAction":[{"@type":"ReadAction","target":["https:\/\/springfieldnutra.acceptatie.indicia-interactiv.nl\/fr\/boutique\/ester-c-vitamine-c-avec-bioflavonoides\/"]}]},{"@type":"ImageObject","inLanguage":"fr-FR","@id":"https:\/\/springfieldnutra.acceptatie.indicia-interactiv.nl\/fr\/boutique\/ester-c-vitamine-c-avec-bioflavonoides\/#primaryimage","url":"https:\/\/springfieldnutra.acceptatie.indicia-interactiv.nl\/app\/uploads\/2018\/01\/Ester-C-gebufferde-vitamine-C-voor-een-snelle-opname-goed-voor-het-immuunsysteem-60-V-capsules.jpg","contentUrl":"https:\/\/springfieldnutra.acceptatie.indicia-interactiv.nl\/app\/uploads\/2018\/01\/Ester-C-gebufferde-vitamine-C-voor-een-snelle-opname-goed-voor-het-immuunsysteem-60-V-capsules.jpg","width":1340,"height":1520,"caption":"Ester-C gebufferde vitamine C voor een snelle opname"},{"@type":"BreadcrumbList","@id":"https:\/\/springfieldnutra.acceptatie.indicia-interactiv.nl\/fr\/boutique\/ester-c-vitamine-c-avec-bioflavonoides\/#breadcrumb","itemListElement":[{"@type":"ListItem","position":1,"name":"Home","item":"https:\/\/springfieldnutra.acceptatie.indicia-interactiv.nl\/fr\/voorpagina-2\/"},{"@type":"ListItem","position":2,"name":"Boutique","item":"https:\/\/springfieldnutra.acceptatie.indicia-interactiv.nl\/fr\/boutique\/"},{"@type":"ListItem","position":3,"name":"Ester-C vitamine C avec bioflavono\u00efdes"}]},{"@type":"WebSite","@id":"https:\/\/springfieldnutra.acceptatie.indicia-interactiv.nl\/fr\/#website","url":"https:\/\/springfieldnutra.acceptatie.indicia-interactiv.nl\/fr\/","name":"Springfield Nutraceuticals","description":"Voeding kan een positieve bijdrage leveren aan onze gezondheid.","publisher":{"@id":"https:\/\/springfieldnutra.acceptatie.indicia-interactiv.nl\/fr\/#organization"},"potentialAction":[{"@type":"SearchAction","target":{"@type":"EntryPoint","urlTemplate":"https:\/\/springfieldnutra.acceptatie.indicia-interactiv.nl\/fr\/?s={search_term_string}"},"query-input":{"@type":"PropertyValueSpecification","valueRequired":true,"valueName":"search_term_string"}}],"inLanguage":"fr-FR"},{"@type":"Organization","@id":"https:\/\/springfieldnutra.acceptatie.indicia-interactiv.nl\/fr\/#organization","name":"Springfield Nutraceuticals","url":"https:\/\/springfieldnutra.acceptatie.indicia-interactiv.nl\/fr\/","logo":{"@type":"ImageObject","inLanguage":"fr-FR","@id":"https:\/\/springfieldnutra.acceptatie.indicia-interactiv.nl\/fr\/#\/schema\/logo\/image\/","url":"https:\/\/springfieldnutra.acceptatie.indicia-interactiv.nl\/app\/uploads\/2018\/01\/Logo_Springfield.png","contentUrl":"https:\/\/springfieldnutra.acceptatie.indicia-interactiv.nl\/app\/uploads\/2018\/01\/Logo_Springfield.png","width":213,"height":46,"caption":"Springfield Nutraceuticals"},"image":{"@id":"https:\/\/springfieldnutra.acceptatie.indicia-interactiv.nl\/fr\/#\/schema\/logo\/image\/"},"sameAs":["https:\/\/www.facebook.com\/springfieldnutra\/about\/","https:\/\/x.com\/SpringfieldNutr","https:\/\/www.instagram.com\/springfieldnutra\/","https:\/\/www.linkedin.com\/company\/1665278","https:\/\/www.youtube.com\/channel\/UCI6lSWwNNHEzJ0SUTsgljvQ\/about"]}]},"og_availability":"instock","product_availability":"instock","product_condition":"new"},"_links":{"self":[{"href":"https:\/\/springfieldnutra.acceptatie.indicia-interactiv.nl\/fr\/wp-json\/wp\/v2\/product\/18119","targetHints":{"allow":["GET"]}}],"collection":[{"href":"https:\/\/springfieldnutra.acceptatie.indicia-interactiv.nl\/fr\/wp-json\/wp\/v2\/product"}],"about":[{"href":"https:\/\/springfieldnutra.acceptatie.indicia-interactiv.nl\/fr\/wp-json\/wp\/v2\/types\/product"}],"replies":[{"embeddable":true,"href":"https:\/\/springfieldnutra.acceptatie.indicia-interactiv.nl\/fr\/wp-json\/wp\/v2\/comments?post=18119"}],"wp:featuredmedia":[{"embeddable":true,"href":"https:\/\/springfieldnutra.acceptatie.indicia-interactiv.nl\/fr\/wp-json\/wp\/v2\/media\/20507"}],"wp:attachment":[{"href":"https:\/\/springfieldnutra.acceptatie.indicia-interactiv.nl\/fr\/wp-json\/wp\/v2\/media?parent=18119"}],"wp:term":[{"taxonomy":"product_brand","embeddable":true,"href":"https:\/\/springfieldnutra.acceptatie.indicia-interactiv.nl\/fr\/wp-json\/wp\/v2\/product_brand?post=18119"},{"taxonomy":"product_cat","embeddable":true,"href":"https:\/\/springfieldnutra.acceptatie.indicia-interactiv.nl\/fr\/wp-json\/wp\/v2\/product_cat?post=18119"},{"taxonomy":"product_tag","embeddable":true,"href":"https:\/\/springfieldnutra.acceptatie.indicia-interactiv.nl\/fr\/wp-json\/wp\/v2\/product_tag?post=18119"}],"curies":[{"name":"wp","href":"https:\/\/api.w.org\/{rel}","templated":true}]}}