{"id":26025,"date":"2021-09-07T12:10:57","date_gmt":"2021-09-07T10:10:57","guid":{"rendered":"https:\/\/springfieldnutra.acceptatie.indicia-interactiv.nl\/webshop\/verdavite-chlorella-pyrenoidosa-riche-en-fibres-pur-a-100\/"},"modified":"2022-05-12T14:43:39","modified_gmt":"2022-05-12T12:43:39","slug":"verdavite-chlorella","status":"publish","type":"product","link":"https:\/\/springfieldnutra.acceptatie.indicia-interactiv.nl\/fr\/boutique\/verdavite-chlorella\/","title":{"rendered":"Verdavite chlorella pyrenoidosa Riche en fibres \u2013 pur \u00e0 100%"},"content":{"rendered":"<h4>Dosage recommand\u00e9<\/h4>\n<p><strong>Comprim\u00e9s :<br \/>\n<\/strong><span style=\"font-size: inherit;\">2 \u00e0 3 fois par jour 2 \u00e0 4 comprim\u00e9s, de pr\u00e9f\u00e9rence au cours d\u2019un repas.<\/span><\/p>\n<p><strong>Poudre : <\/strong><br \/>\n2 \u00e0 3 fois par jour \u00bd \u00e0 1 cuill\u00e8re \u00e0 caf\u00e9 (\u00b1750-1500 mg) m\u00e9lang\u00e9e \u00e0 de l\u2019eau ou \u00e0 un autre liquide, de pr\u00e9f\u00e9rence pendant un repas.<\/p>\n<h4>Remarque<\/h4>\n<p>Convient aux v\u00e9g\u00e9taliens et aux v\u00e9g\u00e9tariens.<\/p>\n<p><a class=\"button button__blue\" href=\"https:\/\/springfieldnutra.acceptatie.indicia-interactiv.nl\/fr\/produits\/verdavite-chlorella-pyrenoidosariche-en-fibres-pur-a-100\/\">Information sur le produit Verdavite<\/a><\/p>\n<p class=\"content-reference-text\"><em>[1] All\u00e9gation de sant\u00e9 en attente d\u2019approbation par la Commission europ\u00e9enne.<\/em><\/p>\n","protected":false},"excerpt":{"rendered":"<ul>\n<li style=\"list-style-type: none;\">\n<ul>\n<li>Aliment complet \u00e0 base d&rsquo;algues \u00e0 paroi cellulaire intacte\u00a0: riche en fibres<\/li>\n<li>Facilement soluble dans l&rsquo;eau et bon go\u00fbt agr\u00e9able<\/li>\n<li>Cultiv\u00e9 aux Pays-Bas et exempt de toute pollution &#8211; 100% pur<\/li>\n<li>Soutient le syst\u00e8me immunitaire, donne plus d\u2019\u00e9nergie et plus&#8230;<sup>\u00a0[1]<\/sup><\/li>\n<\/ul>\n<\/li>\n<\/ul>\n","protected":false},"featured_media":28144,"comment_status":"open","ping_status":"closed","template":"","meta":{"_acf_changed":false},"product_brand":[],"product_cat":[8953,8887,9099,8901,8943,8914,8934],"product_tag":[8897,8538,8891,8908,8926,9192,8939],"class_list":{"0":"post-26025","1":"product","2":"type-product","3":"status-publish","4":"has-post-thumbnail","6":"product_cat-antioxidanten-fr","7":"product_cat-energie-fr","8":"product_cat-fonction-immunitaire","9":"product_cat-hart-bloedvaten-fr","10":"product_cat-herbes-fr","11":"product_cat-senior-health-fr","12":"product_cat-spijsvertering-fr","13":"product_tag-antioxydants-fr","14":"product_tag-digestion-fr","15":"product_tag-energie-fr","16":"product_tag-fonction-immunitaire","17":"product_tag-systeme-cardiovasculaire","18":"product_tag-vegetalien-fr","19":"product_tag-vegetarien-fr","21":"first","22":"instock","23":"taxable","24":"shipping-taxable","25":"purchasable","26":"product-type-variable"},"acf":[],"yoast_head":"<!-- This site is optimized with the Yoast SEO Premium plugin v27.1 (Yoast SEO v27.1.1) - https:\/\/yoast.com\/product\/yoast-seo-premium-wordpress\/ -->\n<title>Verdavite chlorella pyrenoidosa Riche en fibres \u2013 pur \u00e0 100% | Springfield Nutraceuticals<\/title>\n<meta name=\"robots\" content=\"noindex, follow, max-snippet:-1, max-image-preview:large, max-video-preview:-1\" \/>\n<meta property=\"og:locale\" content=\"fr_FR\" \/>\n<meta property=\"og:type\" content=\"article\" \/>\n<meta property=\"og:title\" content=\"Verdavite chlorella pyrenoidosa Riche en fibres \u2013 pur \u00e0 100%\" \/>\n<meta property=\"og:description\" content=\"Aliment complet \u00e0 base d&#039;algues \u00e0 paroi cellulaire intacte\u00a0: riche en fibres  Facilement soluble dans l&#039;eau et bon go\u00fbt agr\u00e9able  Cultiv\u00e9 aux Pays-Bas et exempt de toute pollution - 100% pur  Soutient le syst\u00e8me immunitaire, donne plus d\u2019\u00e9nergie et plus...\u00a0[1]\" \/>\n<meta property=\"og:url\" content=\"https:\/\/springfieldnutra.acceptatie.indicia-interactiv.nl\/fr\/boutique\/verdavite-chlorella\/\" \/>\n<meta property=\"og:site_name\" content=\"Springfield Nutraceuticals\" \/>\n<meta property=\"article:publisher\" content=\"https:\/\/www.facebook.com\/springfieldnutra\/about\/\" \/>\n<meta property=\"article:modified_time\" content=\"2022-05-12T12:43:39+00:00\" \/>\n<meta property=\"og:image\" content=\"https:\/\/springfieldnutra.acceptatie.indicia-interactiv.nl\/app\/uploads\/2021\/10\/Verdavite-Chlorella-Pyrenoidosa-wholefood-van-algen-vezelrijk-en-100-zuiver-nieuw-RB-1.jpg\" \/>\n\t<meta property=\"og:image:width\" content=\"1340\" \/>\n\t<meta property=\"og:image:height\" content=\"1520\" \/>\n\t<meta property=\"og:image:type\" content=\"image\/jpeg\" \/>\n<meta name=\"twitter:card\" content=\"summary_large_image\" \/>\n<meta name=\"twitter:site\" content=\"@SpringfieldNutr\" \/>\n<meta name=\"twitter:label1\" content=\"Availability\" \/>\n\t<meta name=\"twitter:data1\" content=\"In stock\" \/>\n<script type=\"application\/ld+json\" class=\"yoast-schema-graph\">{\"@context\":\"https:\/\/schema.org\",\"@graph\":[{\"@type\":\"WebPage\",\"@id\":\"https:\/\/springfieldnutra.acceptatie.indicia-interactiv.nl\/fr\/boutique\/verdavite-chlorella\/\",\"url\":\"https:\/\/springfieldnutra.acceptatie.indicia-interactiv.nl\/fr\/boutique\/verdavite-chlorella\/\",\"name\":\"Verdavite chlorella pyrenoidosa Riche en fibres \u2013 pur \u00e0 100% | Springfield Nutraceuticals\",\"isPartOf\":{\"@id\":\"https:\/\/springfieldnutra.acceptatie.indicia-interactiv.nl\/fr\/#website\"},\"primaryImageOfPage\":{\"@id\":\"https:\/\/springfieldnutra.acceptatie.indicia-interactiv.nl\/fr\/boutique\/verdavite-chlorella\/#primaryimage\"},\"image\":{\"@id\":\"https:\/\/springfieldnutra.acceptatie.indicia-interactiv.nl\/fr\/boutique\/verdavite-chlorella\/#primaryimage\"},\"thumbnailUrl\":\"https:\/\/springfieldnutra.acceptatie.indicia-interactiv.nl\/app\/uploads\/2021\/09\/Verdavite-chlorella-uit-Nederland-Vezelrijk-en-100-zuiver-scaled.jpg\",\"datePublished\":\"2021-09-07T10:10:57+00:00\",\"dateModified\":\"2022-05-12T12:43:39+00:00\",\"breadcrumb\":{\"@id\":\"https:\/\/springfieldnutra.acceptatie.indicia-interactiv.nl\/fr\/boutique\/verdavite-chlorella\/#breadcrumb\"},\"inLanguage\":\"fr-FR\",\"potentialAction\":[{\"@type\":\"ReadAction\",\"target\":[\"https:\/\/springfieldnutra.acceptatie.indicia-interactiv.nl\/fr\/boutique\/verdavite-chlorella\/\"]}]},{\"@type\":\"ImageObject\",\"inLanguage\":\"fr-FR\",\"@id\":\"https:\/\/springfieldnutra.acceptatie.indicia-interactiv.nl\/fr\/boutique\/verdavite-chlorella\/#primaryimage\",\"url\":\"https:\/\/springfieldnutra.acceptatie.indicia-interactiv.nl\/app\/uploads\/2021\/09\/Verdavite-chlorella-uit-Nederland-Vezelrijk-en-100-zuiver-scaled.jpg\",\"contentUrl\":\"https:\/\/springfieldnutra.acceptatie.indicia-interactiv.nl\/app\/uploads\/2021\/09\/Verdavite-chlorella-uit-Nederland-Vezelrijk-en-100-zuiver-scaled.jpg\",\"width\":2257,\"height\":2560,\"caption\":\"Verdavite chlorella uit Nederland - Vezelrijk en 100% zuiver\"},{\"@type\":\"BreadcrumbList\",\"@id\":\"https:\/\/springfieldnutra.acceptatie.indicia-interactiv.nl\/fr\/boutique\/verdavite-chlorella\/#breadcrumb\",\"itemListElement\":[{\"@type\":\"ListItem\",\"position\":1,\"name\":\"Home\",\"item\":\"https:\/\/springfieldnutra.acceptatie.indicia-interactiv.nl\/fr\/voorpagina-2\/\"},{\"@type\":\"ListItem\",\"position\":2,\"name\":\"Boutique\",\"item\":\"https:\/\/springfieldnutra.acceptatie.indicia-interactiv.nl\/fr\/boutique\/\"},{\"@type\":\"ListItem\",\"position\":3,\"name\":\"Verdavite chlorella pyrenoidosa Riche en fibres \u2013 pur \u00e0 100%\"}]},{\"@type\":\"WebSite\",\"@id\":\"https:\/\/springfieldnutra.acceptatie.indicia-interactiv.nl\/fr\/#website\",\"url\":\"https:\/\/springfieldnutra.acceptatie.indicia-interactiv.nl\/fr\/\",\"name\":\"Springfield Nutraceuticals\",\"description\":\"Voeding kan een positieve bijdrage leveren aan onze gezondheid.\",\"publisher\":{\"@id\":\"https:\/\/springfieldnutra.acceptatie.indicia-interactiv.nl\/fr\/#organization\"},\"potentialAction\":[{\"@type\":\"SearchAction\",\"target\":{\"@type\":\"EntryPoint\",\"urlTemplate\":\"https:\/\/springfieldnutra.acceptatie.indicia-interactiv.nl\/fr\/?s={search_term_string}\"},\"query-input\":{\"@type\":\"PropertyValueSpecification\",\"valueRequired\":true,\"valueName\":\"search_term_string\"}}],\"inLanguage\":\"fr-FR\"},{\"@type\":\"Organization\",\"@id\":\"https:\/\/springfieldnutra.acceptatie.indicia-interactiv.nl\/fr\/#organization\",\"name\":\"Springfield Nutraceuticals\",\"url\":\"https:\/\/springfieldnutra.acceptatie.indicia-interactiv.nl\/fr\/\",\"logo\":{\"@type\":\"ImageObject\",\"inLanguage\":\"fr-FR\",\"@id\":\"https:\/\/springfieldnutra.acceptatie.indicia-interactiv.nl\/fr\/#\/schema\/logo\/image\/\",\"url\":\"https:\/\/springfieldnutra.acceptatie.indicia-interactiv.nl\/app\/uploads\/2018\/01\/Logo_Springfield.png\",\"contentUrl\":\"https:\/\/springfieldnutra.acceptatie.indicia-interactiv.nl\/app\/uploads\/2018\/01\/Logo_Springfield.png\",\"width\":213,\"height\":46,\"caption\":\"Springfield Nutraceuticals\"},\"image\":{\"@id\":\"https:\/\/springfieldnutra.acceptatie.indicia-interactiv.nl\/fr\/#\/schema\/logo\/image\/\"},\"sameAs\":[\"https:\/\/www.facebook.com\/springfieldnutra\/about\/\",\"https:\/\/x.com\/SpringfieldNutr\",\"https:\/\/www.instagram.com\/springfieldnutra\/\",\"https:\/\/www.linkedin.com\/company\/1665278\",\"https:\/\/www.youtube.com\/channel\/UCI6lSWwNNHEzJ0SUTsgljvQ\/about\"]}]}<\/script>\n<meta property=\"og:availability\" content=\"instock\" \/>\n<meta property=\"product:availability\" content=\"instock\" \/>\n<meta property=\"product:condition\" content=\"new\" \/>\n<!-- \/ Yoast SEO Premium plugin. -->","yoast_head_json":{"title":"Verdavite chlorella pyrenoidosa Riche en fibres \u2013 pur \u00e0 100% | Springfield Nutraceuticals","robots":{"index":"noindex","follow":"follow","max-snippet":"max-snippet:-1","max-image-preview":"max-image-preview:large","max-video-preview":"max-video-preview:-1"},"og_locale":"fr_FR","og_type":"article","og_title":"Verdavite chlorella pyrenoidosa Riche en fibres \u2013 pur \u00e0 100%","og_description":"Aliment complet \u00e0 base d'algues \u00e0 paroi cellulaire intacte\u00a0: riche en fibres  Facilement soluble dans l'eau et bon go\u00fbt agr\u00e9able  Cultiv\u00e9 aux Pays-Bas et exempt de toute pollution - 100% pur  Soutient le syst\u00e8me immunitaire, donne plus d\u2019\u00e9nergie et plus...\u00a0[1]","og_url":"https:\/\/springfieldnutra.acceptatie.indicia-interactiv.nl\/fr\/boutique\/verdavite-chlorella\/","og_site_name":"Springfield Nutraceuticals","article_publisher":"https:\/\/www.facebook.com\/springfieldnutra\/about\/","article_modified_time":"2022-05-12T12:43:39+00:00","og_image":[{"width":1340,"height":1520,"url":"https:\/\/springfieldnutra.acceptatie.indicia-interactiv.nl\/app\/uploads\/2021\/10\/Verdavite-Chlorella-Pyrenoidosa-wholefood-van-algen-vezelrijk-en-100-zuiver-nieuw-RB-1.jpg","type":"image\/jpeg"}],"twitter_card":"summary_large_image","twitter_site":"@SpringfieldNutr","twitter_misc":{"Availability":"In stock"},"schema":{"@context":"https:\/\/schema.org","@graph":[{"@type":"WebPage","@id":"https:\/\/springfieldnutra.acceptatie.indicia-interactiv.nl\/fr\/boutique\/verdavite-chlorella\/","url":"https:\/\/springfieldnutra.acceptatie.indicia-interactiv.nl\/fr\/boutique\/verdavite-chlorella\/","name":"Verdavite chlorella pyrenoidosa Riche en fibres \u2013 pur \u00e0 100% | Springfield Nutraceuticals","isPartOf":{"@id":"https:\/\/springfieldnutra.acceptatie.indicia-interactiv.nl\/fr\/#website"},"primaryImageOfPage":{"@id":"https:\/\/springfieldnutra.acceptatie.indicia-interactiv.nl\/fr\/boutique\/verdavite-chlorella\/#primaryimage"},"image":{"@id":"https:\/\/springfieldnutra.acceptatie.indicia-interactiv.nl\/fr\/boutique\/verdavite-chlorella\/#primaryimage"},"thumbnailUrl":"https:\/\/springfieldnutra.acceptatie.indicia-interactiv.nl\/app\/uploads\/2021\/09\/Verdavite-chlorella-uit-Nederland-Vezelrijk-en-100-zuiver-scaled.jpg","datePublished":"2021-09-07T10:10:57+00:00","dateModified":"2022-05-12T12:43:39+00:00","breadcrumb":{"@id":"https:\/\/springfieldnutra.acceptatie.indicia-interactiv.nl\/fr\/boutique\/verdavite-chlorella\/#breadcrumb"},"inLanguage":"fr-FR","potentialAction":[{"@type":"ReadAction","target":["https:\/\/springfieldnutra.acceptatie.indicia-interactiv.nl\/fr\/boutique\/verdavite-chlorella\/"]}]},{"@type":"ImageObject","inLanguage":"fr-FR","@id":"https:\/\/springfieldnutra.acceptatie.indicia-interactiv.nl\/fr\/boutique\/verdavite-chlorella\/#primaryimage","url":"https:\/\/springfieldnutra.acceptatie.indicia-interactiv.nl\/app\/uploads\/2021\/09\/Verdavite-chlorella-uit-Nederland-Vezelrijk-en-100-zuiver-scaled.jpg","contentUrl":"https:\/\/springfieldnutra.acceptatie.indicia-interactiv.nl\/app\/uploads\/2021\/09\/Verdavite-chlorella-uit-Nederland-Vezelrijk-en-100-zuiver-scaled.jpg","width":2257,"height":2560,"caption":"Verdavite chlorella uit Nederland - Vezelrijk en 100% zuiver"},{"@type":"BreadcrumbList","@id":"https:\/\/springfieldnutra.acceptatie.indicia-interactiv.nl\/fr\/boutique\/verdavite-chlorella\/#breadcrumb","itemListElement":[{"@type":"ListItem","position":1,"name":"Home","item":"https:\/\/springfieldnutra.acceptatie.indicia-interactiv.nl\/fr\/voorpagina-2\/"},{"@type":"ListItem","position":2,"name":"Boutique","item":"https:\/\/springfieldnutra.acceptatie.indicia-interactiv.nl\/fr\/boutique\/"},{"@type":"ListItem","position":3,"name":"Verdavite chlorella pyrenoidosa Riche en fibres \u2013 pur \u00e0 100%"}]},{"@type":"WebSite","@id":"https:\/\/springfieldnutra.acceptatie.indicia-interactiv.nl\/fr\/#website","url":"https:\/\/springfieldnutra.acceptatie.indicia-interactiv.nl\/fr\/","name":"Springfield Nutraceuticals","description":"Voeding kan een positieve bijdrage leveren aan onze gezondheid.","publisher":{"@id":"https:\/\/springfieldnutra.acceptatie.indicia-interactiv.nl\/fr\/#organization"},"potentialAction":[{"@type":"SearchAction","target":{"@type":"EntryPoint","urlTemplate":"https:\/\/springfieldnutra.acceptatie.indicia-interactiv.nl\/fr\/?s={search_term_string}"},"query-input":{"@type":"PropertyValueSpecification","valueRequired":true,"valueName":"search_term_string"}}],"inLanguage":"fr-FR"},{"@type":"Organization","@id":"https:\/\/springfieldnutra.acceptatie.indicia-interactiv.nl\/fr\/#organization","name":"Springfield Nutraceuticals","url":"https:\/\/springfieldnutra.acceptatie.indicia-interactiv.nl\/fr\/","logo":{"@type":"ImageObject","inLanguage":"fr-FR","@id":"https:\/\/springfieldnutra.acceptatie.indicia-interactiv.nl\/fr\/#\/schema\/logo\/image\/","url":"https:\/\/springfieldnutra.acceptatie.indicia-interactiv.nl\/app\/uploads\/2018\/01\/Logo_Springfield.png","contentUrl":"https:\/\/springfieldnutra.acceptatie.indicia-interactiv.nl\/app\/uploads\/2018\/01\/Logo_Springfield.png","width":213,"height":46,"caption":"Springfield Nutraceuticals"},"image":{"@id":"https:\/\/springfieldnutra.acceptatie.indicia-interactiv.nl\/fr\/#\/schema\/logo\/image\/"},"sameAs":["https:\/\/www.facebook.com\/springfieldnutra\/about\/","https:\/\/x.com\/SpringfieldNutr","https:\/\/www.instagram.com\/springfieldnutra\/","https:\/\/www.linkedin.com\/company\/1665278","https:\/\/www.youtube.com\/channel\/UCI6lSWwNNHEzJ0SUTsgljvQ\/about"]}]},"og_availability":"instock","product_availability":"instock","product_condition":"new"},"_links":{"self":[{"href":"https:\/\/springfieldnutra.acceptatie.indicia-interactiv.nl\/fr\/wp-json\/wp\/v2\/product\/26025","targetHints":{"allow":["GET"]}}],"collection":[{"href":"https:\/\/springfieldnutra.acceptatie.indicia-interactiv.nl\/fr\/wp-json\/wp\/v2\/product"}],"about":[{"href":"https:\/\/springfieldnutra.acceptatie.indicia-interactiv.nl\/fr\/wp-json\/wp\/v2\/types\/product"}],"replies":[{"embeddable":true,"href":"https:\/\/springfieldnutra.acceptatie.indicia-interactiv.nl\/fr\/wp-json\/wp\/v2\/comments?post=26025"}],"wp:featuredmedia":[{"embeddable":true,"href":"https:\/\/springfieldnutra.acceptatie.indicia-interactiv.nl\/fr\/wp-json\/wp\/v2\/media\/28144"}],"wp:attachment":[{"href":"https:\/\/springfieldnutra.acceptatie.indicia-interactiv.nl\/fr\/wp-json\/wp\/v2\/media?parent=26025"}],"wp:term":[{"taxonomy":"product_brand","embeddable":true,"href":"https:\/\/springfieldnutra.acceptatie.indicia-interactiv.nl\/fr\/wp-json\/wp\/v2\/product_brand?post=26025"},{"taxonomy":"product_cat","embeddable":true,"href":"https:\/\/springfieldnutra.acceptatie.indicia-interactiv.nl\/fr\/wp-json\/wp\/v2\/product_cat?post=26025"},{"taxonomy":"product_tag","embeddable":true,"href":"https:\/\/springfieldnutra.acceptatie.indicia-interactiv.nl\/fr\/wp-json\/wp\/v2\/product_tag?post=26025"}],"curies":[{"name":"wp","href":"https:\/\/api.w.org\/{rel}","templated":true}]}}