{"id":26628,"date":"2022-07-11T11:54:47","date_gmt":"2022-07-11T09:54:48","guid":{"rendered":"https:\/\/springfieldnutra.acceptatie.indicia-interactiv.nl\/?post_type=product&#038;p=26628"},"modified":"2022-07-11T13:36:03","modified_gmt":"2022-07-11T11:36:03","slug":"supernac-complexe","status":"publish","type":"product","link":"https:\/\/springfieldnutra.acceptatie.indicia-interactiv.nl\/fr\/boutique\/supernac-complexe\/","title":{"rendered":"SuperNAC complexe avec NAC, L-glutathion et L-cyst\u00e9ine"},"content":{"rendered":"<h4>Usage recommand\u00e9<\/h4>\n<p>1 g\u00e9lule 3 fois par jour, de pr\u00e9f\u00e9rence une demi-heure avant un repas.<\/p>\n<h4>Remarque<\/h4>\n<ul>\n<li>La consommation pendant la grossesse et l&rsquo;allaitement est d\u00e9conseill\u00e9e.<\/li>\n<li>Contient de la N-ac\u00e9tyl-cyst\u00e9ine (NAC), de la L-glutathion, de la L-cyst\u00e9ine et du s\u00e9l\u00e9nium-L-m\u00e9thionine<\/li>\n<\/ul>\n","protected":false},"excerpt":{"rendered":"<ul>\n<li>Contient de la N-ac\u00e9tyl-cyst\u00e9ine (NAC), de la L-glutathion, de la L-cyst\u00e9ine et du s\u00e9l\u00e9nium-L-m\u00e9thionine<\/li>\n<li>Le s\u00e9l\u00e9nium aide \u00e0 prot\u00e9ger les cellules du corps contre les dommages oxydatifs<\/li>\n<\/ul>\n<h4><span style=\"color: #0e7a8d;\">90 g\u00e9lules V.<br \/>\n<\/span><\/h4>\n","protected":false},"featured_media":26621,"comment_status":"open","ping_status":"closed","template":"","meta":{"_acf_changed":false},"product_brand":[],"product_cat":[8953,8888,8914],"product_tag":[8897,8976,8964],"class_list":{"0":"post-26628","1":"product","2":"type-product","3":"status-publish","4":"has-post-thumbnail","6":"product_cat-antioxidanten-fr","7":"product_cat-hoofd-fr","8":"product_cat-senior-health-fr","9":"product_tag-antioxydants-fr","10":"product_tag-nac-fr","11":"product_tag-selenium-fr","13":"first","14":"instock","15":"taxable","16":"shipping-taxable","17":"purchasable","18":"product-type-simple"},"acf":[],"yoast_head":"<!-- This site is optimized with the Yoast SEO Premium plugin v27.1 (Yoast SEO v27.1.1) - https:\/\/yoast.com\/product\/yoast-seo-premium-wordpress\/ -->\n<title>SuperNAC complexe avec NAC, L-glutathion et L-cyst\u00e9ine | Springfield Nutraceuticals<\/title>\n<meta name=\"robots\" content=\"noindex, follow, max-snippet:-1, max-image-preview:large, max-video-preview:-1\" \/>\n<meta property=\"og:locale\" content=\"fr_FR\" \/>\n<meta property=\"og:type\" content=\"article\" \/>\n<meta property=\"og:title\" content=\"SuperNAC complexe avec NAC, L-glutathion et L-cyst\u00e9ine\" \/>\n<meta property=\"og:description\" content=\"Contient de la N-ac\u00e9tyl-cyst\u00e9ine (NAC), de la L-glutathion, de la L-cyst\u00e9ine et du s\u00e9l\u00e9nium-L-m\u00e9thionine  Le s\u00e9l\u00e9nium aide \u00e0 prot\u00e9ger les cellules du corps contre les dommages oxydatifs  90 g\u00e9lules V.\" \/>\n<meta property=\"og:url\" content=\"https:\/\/springfieldnutra.acceptatie.indicia-interactiv.nl\/fr\/boutique\/supernac-complexe\/\" \/>\n<meta property=\"og:site_name\" content=\"Springfield Nutraceuticals\" \/>\n<meta property=\"article:publisher\" content=\"https:\/\/www.facebook.com\/springfieldnutra\/about\/\" \/>\n<meta property=\"article:modified_time\" content=\"2022-07-11T11:36:03+00:00\" \/>\n<meta property=\"og:image\" content=\"https:\/\/springfieldnutra.acceptatie.indicia-interactiv.nl\/app\/uploads\/2018\/01\/SuperNAC-299-Complex-van-N-acetyl-L-cysteine-glutathion-en-L-cysteine-nieuw-scaled.jpg\" \/>\n\t<meta property=\"og:image:width\" content=\"2257\" \/>\n\t<meta property=\"og:image:height\" content=\"2560\" \/>\n\t<meta property=\"og:image:type\" content=\"image\/jpeg\" \/>\n<meta name=\"twitter:card\" content=\"summary_large_image\" \/>\n<meta name=\"twitter:site\" content=\"@SpringfieldNutr\" \/>\n<meta name=\"twitter:label1\" content=\"Price\" \/>\n\t<meta name=\"twitter:data1\" content=\"&euro; 74,95\" \/>\n\t<meta name=\"twitter:label2\" content=\"Availability\" \/>\n\t<meta name=\"twitter:data2\" content=\"In stock\" \/>\n<script type=\"application\/ld+json\" class=\"yoast-schema-graph\">{\"@context\":\"https:\/\/schema.org\",\"@graph\":[{\"@type\":\"WebPage\",\"@id\":\"https:\/\/springfieldnutra.acceptatie.indicia-interactiv.nl\/fr\/boutique\/supernac-complexe\/\",\"url\":\"https:\/\/springfieldnutra.acceptatie.indicia-interactiv.nl\/fr\/boutique\/supernac-complexe\/\",\"name\":\"SuperNAC complexe avec NAC, L-glutathion et L-cyst\u00e9ine | Springfield Nutraceuticals\",\"isPartOf\":{\"@id\":\"https:\/\/springfieldnutra.acceptatie.indicia-interactiv.nl\/fr\/#website\"},\"primaryImageOfPage\":{\"@id\":\"https:\/\/springfieldnutra.acceptatie.indicia-interactiv.nl\/fr\/boutique\/supernac-complexe\/#primaryimage\"},\"image\":{\"@id\":\"https:\/\/springfieldnutra.acceptatie.indicia-interactiv.nl\/fr\/boutique\/supernac-complexe\/#primaryimage\"},\"thumbnailUrl\":\"https:\/\/springfieldnutra.acceptatie.indicia-interactiv.nl\/app\/uploads\/2018\/01\/SuperNAC-299-Complex-van-N-acetyl-L-cysteine-glutathion-en-L-cysteine-nieuw-scaled.jpg\",\"datePublished\":\"2022-07-11T09:54:48+00:00\",\"dateModified\":\"2022-07-11T11:36:03+00:00\",\"breadcrumb\":{\"@id\":\"https:\/\/springfieldnutra.acceptatie.indicia-interactiv.nl\/fr\/boutique\/supernac-complexe\/#breadcrumb\"},\"inLanguage\":\"fr-FR\",\"potentialAction\":[{\"@type\":\"ReadAction\",\"target\":[\"https:\/\/springfieldnutra.acceptatie.indicia-interactiv.nl\/fr\/boutique\/supernac-complexe\/\"]}]},{\"@type\":\"ImageObject\",\"inLanguage\":\"fr-FR\",\"@id\":\"https:\/\/springfieldnutra.acceptatie.indicia-interactiv.nl\/fr\/boutique\/supernac-complexe\/#primaryimage\",\"url\":\"https:\/\/springfieldnutra.acceptatie.indicia-interactiv.nl\/app\/uploads\/2018\/01\/SuperNAC-299-Complex-van-N-acetyl-L-cysteine-glutathion-en-L-cysteine-nieuw-scaled.jpg\",\"contentUrl\":\"https:\/\/springfieldnutra.acceptatie.indicia-interactiv.nl\/app\/uploads\/2018\/01\/SuperNAC-299-Complex-van-N-acetyl-L-cysteine-glutathion-en-L-cysteine-nieuw-scaled.jpg\",\"width\":2257,\"height\":2560,\"caption\":\"SuperNAC 299 - Complex van N-acetyl-L-cyste\u00efne, glutathion en L-cyste\u00efne - nieuw\"},{\"@type\":\"BreadcrumbList\",\"@id\":\"https:\/\/springfieldnutra.acceptatie.indicia-interactiv.nl\/fr\/boutique\/supernac-complexe\/#breadcrumb\",\"itemListElement\":[{\"@type\":\"ListItem\",\"position\":1,\"name\":\"Home\",\"item\":\"https:\/\/springfieldnutra.acceptatie.indicia-interactiv.nl\/fr\/voorpagina-2\/\"},{\"@type\":\"ListItem\",\"position\":2,\"name\":\"Boutique\",\"item\":\"https:\/\/springfieldnutra.acceptatie.indicia-interactiv.nl\/fr\/boutique\/\"},{\"@type\":\"ListItem\",\"position\":3,\"name\":\"SuperNAC complexe avec NAC, L-glutathion et L-cyst\u00e9ine\"}]},{\"@type\":\"WebSite\",\"@id\":\"https:\/\/springfieldnutra.acceptatie.indicia-interactiv.nl\/fr\/#website\",\"url\":\"https:\/\/springfieldnutra.acceptatie.indicia-interactiv.nl\/fr\/\",\"name\":\"Springfield Nutraceuticals\",\"description\":\"Voeding kan een positieve bijdrage leveren aan onze gezondheid.\",\"publisher\":{\"@id\":\"https:\/\/springfieldnutra.acceptatie.indicia-interactiv.nl\/fr\/#organization\"},\"potentialAction\":[{\"@type\":\"SearchAction\",\"target\":{\"@type\":\"EntryPoint\",\"urlTemplate\":\"https:\/\/springfieldnutra.acceptatie.indicia-interactiv.nl\/fr\/?s={search_term_string}\"},\"query-input\":{\"@type\":\"PropertyValueSpecification\",\"valueRequired\":true,\"valueName\":\"search_term_string\"}}],\"inLanguage\":\"fr-FR\"},{\"@type\":\"Organization\",\"@id\":\"https:\/\/springfieldnutra.acceptatie.indicia-interactiv.nl\/fr\/#organization\",\"name\":\"Springfield Nutraceuticals\",\"url\":\"https:\/\/springfieldnutra.acceptatie.indicia-interactiv.nl\/fr\/\",\"logo\":{\"@type\":\"ImageObject\",\"inLanguage\":\"fr-FR\",\"@id\":\"https:\/\/springfieldnutra.acceptatie.indicia-interactiv.nl\/fr\/#\/schema\/logo\/image\/\",\"url\":\"https:\/\/springfieldnutra.acceptatie.indicia-interactiv.nl\/app\/uploads\/2018\/01\/Logo_Springfield.png\",\"contentUrl\":\"https:\/\/springfieldnutra.acceptatie.indicia-interactiv.nl\/app\/uploads\/2018\/01\/Logo_Springfield.png\",\"width\":213,\"height\":46,\"caption\":\"Springfield Nutraceuticals\"},\"image\":{\"@id\":\"https:\/\/springfieldnutra.acceptatie.indicia-interactiv.nl\/fr\/#\/schema\/logo\/image\/\"},\"sameAs\":[\"https:\/\/www.facebook.com\/springfieldnutra\/about\/\",\"https:\/\/x.com\/SpringfieldNutr\",\"https:\/\/www.instagram.com\/springfieldnutra\/\",\"https:\/\/www.linkedin.com\/company\/1665278\",\"https:\/\/www.youtube.com\/channel\/UCI6lSWwNNHEzJ0SUTsgljvQ\/about\"]}]}<\/script>\n<meta property=\"product:price:amount\" content=\"74.95\" \/>\n<meta property=\"product:price:currency\" content=\"EUR\" \/>\n<meta property=\"og:availability\" content=\"instock\" \/>\n<meta property=\"product:availability\" content=\"instock\" \/>\n<meta property=\"product:retailer_item_id\" content=\"20720\" \/>\n<meta property=\"product:condition\" content=\"new\" \/>\n<!-- \/ Yoast SEO Premium plugin. -->","yoast_head_json":{"title":"SuperNAC complexe avec NAC, L-glutathion et L-cyst\u00e9ine | Springfield Nutraceuticals","robots":{"index":"noindex","follow":"follow","max-snippet":"max-snippet:-1","max-image-preview":"max-image-preview:large","max-video-preview":"max-video-preview:-1"},"og_locale":"fr_FR","og_type":"article","og_title":"SuperNAC complexe avec NAC, L-glutathion et L-cyst\u00e9ine","og_description":"Contient de la N-ac\u00e9tyl-cyst\u00e9ine (NAC), de la L-glutathion, de la L-cyst\u00e9ine et du s\u00e9l\u00e9nium-L-m\u00e9thionine  Le s\u00e9l\u00e9nium aide \u00e0 prot\u00e9ger les cellules du corps contre les dommages oxydatifs  90 g\u00e9lules V.","og_url":"https:\/\/springfieldnutra.acceptatie.indicia-interactiv.nl\/fr\/boutique\/supernac-complexe\/","og_site_name":"Springfield Nutraceuticals","article_publisher":"https:\/\/www.facebook.com\/springfieldnutra\/about\/","article_modified_time":"2022-07-11T11:36:03+00:00","og_image":[{"width":2257,"height":2560,"url":"https:\/\/springfieldnutra.acceptatie.indicia-interactiv.nl\/app\/uploads\/2018\/01\/SuperNAC-299-Complex-van-N-acetyl-L-cysteine-glutathion-en-L-cysteine-nieuw-scaled.jpg","type":"image\/jpeg"}],"twitter_card":"summary_large_image","twitter_site":"@SpringfieldNutr","twitter_misc":{"Price":"&euro; 74,95","Availability":"In stock"},"schema":{"@context":"https:\/\/schema.org","@graph":[{"@type":"WebPage","@id":"https:\/\/springfieldnutra.acceptatie.indicia-interactiv.nl\/fr\/boutique\/supernac-complexe\/","url":"https:\/\/springfieldnutra.acceptatie.indicia-interactiv.nl\/fr\/boutique\/supernac-complexe\/","name":"SuperNAC complexe avec NAC, L-glutathion et L-cyst\u00e9ine | Springfield Nutraceuticals","isPartOf":{"@id":"https:\/\/springfieldnutra.acceptatie.indicia-interactiv.nl\/fr\/#website"},"primaryImageOfPage":{"@id":"https:\/\/springfieldnutra.acceptatie.indicia-interactiv.nl\/fr\/boutique\/supernac-complexe\/#primaryimage"},"image":{"@id":"https:\/\/springfieldnutra.acceptatie.indicia-interactiv.nl\/fr\/boutique\/supernac-complexe\/#primaryimage"},"thumbnailUrl":"https:\/\/springfieldnutra.acceptatie.indicia-interactiv.nl\/app\/uploads\/2018\/01\/SuperNAC-299-Complex-van-N-acetyl-L-cysteine-glutathion-en-L-cysteine-nieuw-scaled.jpg","datePublished":"2022-07-11T09:54:48+00:00","dateModified":"2022-07-11T11:36:03+00:00","breadcrumb":{"@id":"https:\/\/springfieldnutra.acceptatie.indicia-interactiv.nl\/fr\/boutique\/supernac-complexe\/#breadcrumb"},"inLanguage":"fr-FR","potentialAction":[{"@type":"ReadAction","target":["https:\/\/springfieldnutra.acceptatie.indicia-interactiv.nl\/fr\/boutique\/supernac-complexe\/"]}]},{"@type":"ImageObject","inLanguage":"fr-FR","@id":"https:\/\/springfieldnutra.acceptatie.indicia-interactiv.nl\/fr\/boutique\/supernac-complexe\/#primaryimage","url":"https:\/\/springfieldnutra.acceptatie.indicia-interactiv.nl\/app\/uploads\/2018\/01\/SuperNAC-299-Complex-van-N-acetyl-L-cysteine-glutathion-en-L-cysteine-nieuw-scaled.jpg","contentUrl":"https:\/\/springfieldnutra.acceptatie.indicia-interactiv.nl\/app\/uploads\/2018\/01\/SuperNAC-299-Complex-van-N-acetyl-L-cysteine-glutathion-en-L-cysteine-nieuw-scaled.jpg","width":2257,"height":2560,"caption":"SuperNAC 299 - Complex van N-acetyl-L-cyste\u00efne, glutathion en L-cyste\u00efne - nieuw"},{"@type":"BreadcrumbList","@id":"https:\/\/springfieldnutra.acceptatie.indicia-interactiv.nl\/fr\/boutique\/supernac-complexe\/#breadcrumb","itemListElement":[{"@type":"ListItem","position":1,"name":"Home","item":"https:\/\/springfieldnutra.acceptatie.indicia-interactiv.nl\/fr\/voorpagina-2\/"},{"@type":"ListItem","position":2,"name":"Boutique","item":"https:\/\/springfieldnutra.acceptatie.indicia-interactiv.nl\/fr\/boutique\/"},{"@type":"ListItem","position":3,"name":"SuperNAC complexe avec NAC, L-glutathion et L-cyst\u00e9ine"}]},{"@type":"WebSite","@id":"https:\/\/springfieldnutra.acceptatie.indicia-interactiv.nl\/fr\/#website","url":"https:\/\/springfieldnutra.acceptatie.indicia-interactiv.nl\/fr\/","name":"Springfield Nutraceuticals","description":"Voeding kan een positieve bijdrage leveren aan onze gezondheid.","publisher":{"@id":"https:\/\/springfieldnutra.acceptatie.indicia-interactiv.nl\/fr\/#organization"},"potentialAction":[{"@type":"SearchAction","target":{"@type":"EntryPoint","urlTemplate":"https:\/\/springfieldnutra.acceptatie.indicia-interactiv.nl\/fr\/?s={search_term_string}"},"query-input":{"@type":"PropertyValueSpecification","valueRequired":true,"valueName":"search_term_string"}}],"inLanguage":"fr-FR"},{"@type":"Organization","@id":"https:\/\/springfieldnutra.acceptatie.indicia-interactiv.nl\/fr\/#organization","name":"Springfield Nutraceuticals","url":"https:\/\/springfieldnutra.acceptatie.indicia-interactiv.nl\/fr\/","logo":{"@type":"ImageObject","inLanguage":"fr-FR","@id":"https:\/\/springfieldnutra.acceptatie.indicia-interactiv.nl\/fr\/#\/schema\/logo\/image\/","url":"https:\/\/springfieldnutra.acceptatie.indicia-interactiv.nl\/app\/uploads\/2018\/01\/Logo_Springfield.png","contentUrl":"https:\/\/springfieldnutra.acceptatie.indicia-interactiv.nl\/app\/uploads\/2018\/01\/Logo_Springfield.png","width":213,"height":46,"caption":"Springfield Nutraceuticals"},"image":{"@id":"https:\/\/springfieldnutra.acceptatie.indicia-interactiv.nl\/fr\/#\/schema\/logo\/image\/"},"sameAs":["https:\/\/www.facebook.com\/springfieldnutra\/about\/","https:\/\/x.com\/SpringfieldNutr","https:\/\/www.instagram.com\/springfieldnutra\/","https:\/\/www.linkedin.com\/company\/1665278","https:\/\/www.youtube.com\/channel\/UCI6lSWwNNHEzJ0SUTsgljvQ\/about"]}]},"product_price_amount":"74.95","product_price_currency":"EUR","og_availability":"instock","product_availability":"instock","product_retailer_item_id":"20720","product_condition":"new"},"_links":{"self":[{"href":"https:\/\/springfieldnutra.acceptatie.indicia-interactiv.nl\/fr\/wp-json\/wp\/v2\/product\/26628","targetHints":{"allow":["GET"]}}],"collection":[{"href":"https:\/\/springfieldnutra.acceptatie.indicia-interactiv.nl\/fr\/wp-json\/wp\/v2\/product"}],"about":[{"href":"https:\/\/springfieldnutra.acceptatie.indicia-interactiv.nl\/fr\/wp-json\/wp\/v2\/types\/product"}],"replies":[{"embeddable":true,"href":"https:\/\/springfieldnutra.acceptatie.indicia-interactiv.nl\/fr\/wp-json\/wp\/v2\/comments?post=26628"}],"wp:featuredmedia":[{"embeddable":true,"href":"https:\/\/springfieldnutra.acceptatie.indicia-interactiv.nl\/fr\/wp-json\/wp\/v2\/media\/26621"}],"wp:attachment":[{"href":"https:\/\/springfieldnutra.acceptatie.indicia-interactiv.nl\/fr\/wp-json\/wp\/v2\/media?parent=26628"}],"wp:term":[{"taxonomy":"product_brand","embeddable":true,"href":"https:\/\/springfieldnutra.acceptatie.indicia-interactiv.nl\/fr\/wp-json\/wp\/v2\/product_brand?post=26628"},{"taxonomy":"product_cat","embeddable":true,"href":"https:\/\/springfieldnutra.acceptatie.indicia-interactiv.nl\/fr\/wp-json\/wp\/v2\/product_cat?post=26628"},{"taxonomy":"product_tag","embeddable":true,"href":"https:\/\/springfieldnutra.acceptatie.indicia-interactiv.nl\/fr\/wp-json\/wp\/v2\/product_tag?post=26628"}],"curies":[{"name":"wp","href":"https:\/\/api.w.org\/{rel}","templated":true}]}}